{"id":202682,"date":"2024-07-29T11:08:55","date_gmt":"2024-07-29T09:08:55","guid":{"rendered":"https:\/\/www.raxxa.com\/?post_type=product&#038;p=202682"},"modified":"2025-11-03T10:32:50","modified_gmt":"2025-11-03T08:32:50","slug":"raxxa-postkarte-blue-jungle-iii","status":"publish","type":"product","link":"https:\/\/www.raxxa.com\/en\/shop\/raxxa-postkarte-blue-jungle-iii\/","title":{"rendered":"raxxa postcard: Blue jungle III"},"content":{"rendered":"<h3><strong>\"Blue jungle III\" by Sylvia Eder<\/strong><\/h3>\n<p><strong><\/strong><\/p>\n<p>A painting in deep blue tones, with a light blue center creating depth, interspersed with noble gold accents, shows stylized palm fronds and abstract foliage that majestically adorn the canvas. The combination of rich blue and shimmering gold lends the painting a mysterious yet luxurious aura. When you look at this work of art, you will be struck by an atmosphere of calm and elegance, reminiscent of tropical landscapes and stars at night.<\/p>\n<p>&nbsp;<\/p>\n<ul><li>We print your desired postcard blank or with a personal greeting and send it worldwide to any person or to yourself.<\/li><li>Ideal for online postcrossing or individual greetings to your loved ones, friends, relatives and acquaintances.<\/li><li>Alternatively, as a pure motif blank card to collect or send yourself.<\/li><li>Postcards DIN A6 (14.8 cm x 10.5 cm).<\/li><\/ul><br><br><b>How do I create\/design my personal postcard?<\/b><br><br>1) Simply enter the text of your message or greeting (max. 500 characters).<br>2) If you want to send your postcard for Postcrossing, enter the PostcrossingID.<br>Otherwise, simply leave this field blank.<br>3) Enter the first and last name, street + house number, postal code, city and country for the desired recipient of the postcard in the input fields.<br>4) You can now add your designed postcard to the shopping cart and order it at the checkout.<br><br>We will now print your personalized postcard, stamp it and send it to your specified recipient.<br><br>If you have any questions, simply send us a message or email<br>","protected":false},"excerpt":{"rendered":"<p>&quot;Blue jungle III&quot; by Sylvia Eder Ein Gem\u00e4lde in tiefblauen T\u00f6nen, mit hellblauer Tiefe erzeugender Mitte, durchzogen von edlen Goldakzenten, zeigt stilisierte Palmenwedel und abstraktes Bl\u00e4tterwerk, das majest\u00e4tisch die Leinwand schm\u00fccken. Die Kombination aus sattem Blau und schimmerndem Gold verleiht dem Bild eine geheimnisvolle und zugleich luxuri\u00f6se Ausstrahlung. Beim Betrachten dieses Kunstwerks wird man von [&hellip;]<\/p>\n","protected":false},"featured_media":254482,"comment_status":"open","ping_status":"closed","template":"","meta":[],"product_brand":[],"product_cat":[137,12201,11884],"product_tag":[12421],"class_list":{"0":"post-202682","1":"product","2":"type-product","3":"status-publish","4":"has-post-thumbnail","6":"product_cat-abstrakt","7":"product_cat-sylvia-eder","8":"product_cat-postkarten","9":"product_tag-blauekunst-abstraktesdschungelbild-bildmitblauundgold-abstrakterwaldmitgold-beruhigendefarben-abstrakt-kunst-art-malen-jungle","11":"first","12":"instock","13":"taxable","14":"shipping-taxable","15":"purchasable","16":"product-type-variable"},"yoast_head":"<!-- This site is optimized with the Yoast SEO Premium plugin v27.4 (Yoast SEO v27.4) - https:\/\/yoast.com\/product\/yoast-seo-premium-wordpress\/ -->\n<title>raxxa Postkarte: Blue jungle III - raxxa<\/title>\n<meta name=\"robots\" content=\"index, follow, max-snippet:-1, max-image-preview:large, max-video-preview:-1\" \/>\n<link rel=\"canonical\" href=\"https:\/\/www.raxxa.com\/en\/shop\/raxxa-postkarte-blue-jungle-iii\/\" \/>\n<meta property=\"og:locale\" content=\"en_US\" \/>\n<meta property=\"og:type\" content=\"article\" \/>\n<meta property=\"og:title\" content=\"raxxa Postkarte: Blue jungle III\" \/>\n<meta property=\"og:description\" content=\"&quot;Blue jungle III&quot; by Sylvia Eder Ein Gem\u00e4lde in tiefblauen T\u00f6nen, mit hellblauer Tiefe erzeugender Mitte, durchzogen von edlen Goldakzenten, zeigt stilisierte Palmenwedel und abstraktes Bl\u00e4tterwerk, das majest\u00e4tisch die Leinwand schm\u00fccken. Die Kombination aus sattem Blau und schimmerndem Gold verleiht dem Bild eine geheimnisvolle und zugleich luxuri\u00f6se Ausstrahlung. Beim Betrachten dieses Kunstwerks wird man von [&hellip;]\" \/>\n<meta property=\"og:url\" content=\"https:\/\/www.raxxa.com\/en\/shop\/raxxa-postkarte-blue-jungle-iii\/\" \/>\n<meta property=\"og:site_name\" content=\"raxxa\" \/>\n<meta property=\"article:publisher\" content=\"https:\/\/facebook.com\/raxxacom\" \/>\n<meta property=\"article:modified_time\" content=\"2025-11-03T08:32:50+00:00\" \/>\n<meta property=\"og:image\" content=\"https:\/\/www.raxxa.com\/wp-content\/uploads\/2024\/07\/raxxa-315-16987-185-Sylvia-Eder-Blue-jungle-III-6.jpg\" \/>\n\t<meta property=\"og:image:width\" content=\"1024\" \/>\n\t<meta property=\"og:image:height\" content=\"1024\" \/>\n\t<meta property=\"og:image:type\" content=\"image\/jpeg\" \/>\n<meta name=\"twitter:card\" content=\"summary_large_image\" \/>\n<meta name=\"twitter:label1\" content=\"Availability\" \/>\n\t<meta name=\"twitter:data1\" content=\"In stock\" \/>\n<script type=\"application\/ld+json\" class=\"yoast-schema-graph\">{\"@context\":\"https:\\\/\\\/schema.org\",\"@graph\":[{\"@type\":[\"WebPage\",\"ItemPage\"],\"@id\":\"https:\\\/\\\/www.raxxa.com\\\/shop\\\/raxxa-postkarte-blue-jungle-iii\\\/\",\"url\":\"https:\\\/\\\/www.raxxa.com\\\/shop\\\/raxxa-postkarte-blue-jungle-iii\\\/\",\"name\":\"raxxa Postkarte: Blue jungle III - raxxa\",\"isPartOf\":{\"@id\":\"https:\\\/\\\/www.raxxa.com\\\/#website\"},\"primaryImageOfPage\":{\"@id\":\"https:\\\/\\\/www.raxxa.com\\\/shop\\\/raxxa-postkarte-blue-jungle-iii\\\/#primaryimage\"},\"image\":{\"@id\":\"https:\\\/\\\/www.raxxa.com\\\/shop\\\/raxxa-postkarte-blue-jungle-iii\\\/#primaryimage\"},\"thumbnailUrl\":\"https:\\\/\\\/www.raxxa.com\\\/wp-content\\\/uploads\\\/2024\\\/07\\\/raxxa-315-16987-185-Sylvia-Eder-Blue-jungle-III-6.jpg\",\"datePublished\":\"2024-07-29T09:08:55+00:00\",\"dateModified\":\"2025-11-03T08:32:50+00:00\",\"breadcrumb\":{\"@id\":\"https:\\\/\\\/www.raxxa.com\\\/shop\\\/raxxa-postkarte-blue-jungle-iii\\\/#breadcrumb\"},\"inLanguage\":\"en-US\",\"potentialAction\":[{\"@type\":\"ReadAction\",\"target\":[\"https:\\\/\\\/www.raxxa.com\\\/shop\\\/raxxa-postkarte-blue-jungle-iii\\\/\"]}]},{\"@type\":\"ImageObject\",\"inLanguage\":\"en-US\",\"@id\":\"https:\\\/\\\/www.raxxa.com\\\/shop\\\/raxxa-postkarte-blue-jungle-iii\\\/#primaryimage\",\"url\":\"https:\\\/\\\/www.raxxa.com\\\/wp-content\\\/uploads\\\/2024\\\/07\\\/raxxa-315-16987-185-Sylvia-Eder-Blue-jungle-III-6.jpg\",\"contentUrl\":\"https:\\\/\\\/www.raxxa.com\\\/wp-content\\\/uploads\\\/2024\\\/07\\\/raxxa-315-16987-185-Sylvia-Eder-Blue-jungle-III-6.jpg\",\"width\":1024,\"height\":1024},{\"@type\":\"BreadcrumbList\",\"@id\":\"https:\\\/\\\/www.raxxa.com\\\/shop\\\/raxxa-postkarte-blue-jungle-iii\\\/#breadcrumb\",\"itemListElement\":[{\"@type\":\"ListItem\",\"position\":1,\"name\":\"Startseite\",\"item\":\"https:\\\/\\\/www.raxxa.com\\\/\"},{\"@type\":\"ListItem\",\"position\":2,\"name\":\"Shop\",\"item\":\"https:\\\/\\\/www.raxxa.com\\\/it\\\/shop\\\/\"},{\"@type\":\"ListItem\",\"position\":3,\"name\":\"raxxa Postkarte: Blue jungle III\"}]},{\"@type\":\"WebSite\",\"@id\":\"https:\\\/\\\/www.raxxa.com\\\/#website\",\"url\":\"https:\\\/\\\/www.raxxa.com\\\/\",\"name\":\"raxxa\",\"description\":\"Einzigartige individuelle Produkte von unseren Designern\",\"publisher\":{\"@id\":\"https:\\\/\\\/www.raxxa.com\\\/#organization\"},\"potentialAction\":[{\"@type\":\"SearchAction\",\"target\":{\"@type\":\"EntryPoint\",\"urlTemplate\":\"https:\\\/\\\/www.raxxa.com\\\/?s={search_term_string}\"},\"query-input\":{\"@type\":\"PropertyValueSpecification\",\"valueRequired\":true,\"valueName\":\"search_term_string\"}}],\"inLanguage\":\"en-US\"},{\"@type\":\"Organization\",\"@id\":\"https:\\\/\\\/www.raxxa.com\\\/#organization\",\"name\":\"raxxa\",\"url\":\"https:\\\/\\\/www.raxxa.com\\\/\",\"logo\":{\"@type\":\"ImageObject\",\"inLanguage\":\"en-US\",\"@id\":\"https:\\\/\\\/www.raxxa.com\\\/#\\\/schema\\\/logo\\\/image\\\/\",\"url\":\"https:\\\/\\\/www.raxxa.com\\\/wp-content\\\/uploads\\\/2022\\\/07\\\/logo_v2.png\",\"contentUrl\":\"https:\\\/\\\/www.raxxa.com\\\/wp-content\\\/uploads\\\/2022\\\/07\\\/logo_v2.png\",\"width\":380,\"height\":382,\"caption\":\"raxxa\"},\"image\":{\"@id\":\"https:\\\/\\\/www.raxxa.com\\\/#\\\/schema\\\/logo\\\/image\\\/\"},\"sameAs\":[\"https:\\\/\\\/facebook.com\\\/raxxacom\"]}]}<\/script>\n<meta property=\"og:availability\" content=\"instock\" \/>\n<meta property=\"product:availability\" content=\"instock\" \/>\n<meta property=\"product:retailer_item_id\" content=\"1-185-16987-315\" \/>\n<meta property=\"product:condition\" content=\"new\" \/>\n<!-- \/ Yoast SEO Premium plugin. -->","yoast_head_json":{"title":"raxxa Postkarte: Blue jungle III - raxxa","robots":{"index":"index","follow":"follow","max-snippet":"max-snippet:-1","max-image-preview":"max-image-preview:large","max-video-preview":"max-video-preview:-1"},"canonical":"https:\/\/www.raxxa.com\/en\/shop\/raxxa-postkarte-blue-jungle-iii\/","og_locale":"en_US","og_type":"article","og_title":"raxxa Postkarte: Blue jungle III","og_description":"&quot;Blue jungle III&quot; by Sylvia Eder Ein Gem\u00e4lde in tiefblauen T\u00f6nen, mit hellblauer Tiefe erzeugender Mitte, durchzogen von edlen Goldakzenten, zeigt stilisierte Palmenwedel und abstraktes Bl\u00e4tterwerk, das majest\u00e4tisch die Leinwand schm\u00fccken. Die Kombination aus sattem Blau und schimmerndem Gold verleiht dem Bild eine geheimnisvolle und zugleich luxuri\u00f6se Ausstrahlung. Beim Betrachten dieses Kunstwerks wird man von [&hellip;]","og_url":"https:\/\/www.raxxa.com\/en\/shop\/raxxa-postkarte-blue-jungle-iii\/","og_site_name":"raxxa","article_publisher":"https:\/\/facebook.com\/raxxacom","article_modified_time":"2025-11-03T08:32:50+00:00","og_image":[{"width":1024,"height":1024,"url":"https:\/\/www.raxxa.com\/wp-content\/uploads\/2024\/07\/raxxa-315-16987-185-Sylvia-Eder-Blue-jungle-III-6.jpg","type":"image\/jpeg"}],"twitter_card":"summary_large_image","twitter_misc":{"Availability":"In stock"},"schema":{"@context":"https:\/\/schema.org","@graph":[{"@type":["WebPage","ItemPage"],"@id":"https:\/\/www.raxxa.com\/shop\/raxxa-postkarte-blue-jungle-iii\/","url":"https:\/\/www.raxxa.com\/shop\/raxxa-postkarte-blue-jungle-iii\/","name":"raxxa Postkarte: Blue jungle III - raxxa","isPartOf":{"@id":"https:\/\/www.raxxa.com\/#website"},"primaryImageOfPage":{"@id":"https:\/\/www.raxxa.com\/shop\/raxxa-postkarte-blue-jungle-iii\/#primaryimage"},"image":{"@id":"https:\/\/www.raxxa.com\/shop\/raxxa-postkarte-blue-jungle-iii\/#primaryimage"},"thumbnailUrl":"https:\/\/www.raxxa.com\/wp-content\/uploads\/2024\/07\/raxxa-315-16987-185-Sylvia-Eder-Blue-jungle-III-6.jpg","datePublished":"2024-07-29T09:08:55+00:00","dateModified":"2025-11-03T08:32:50+00:00","breadcrumb":{"@id":"https:\/\/www.raxxa.com\/shop\/raxxa-postkarte-blue-jungle-iii\/#breadcrumb"},"inLanguage":"en-US","potentialAction":[{"@type":"ReadAction","target":["https:\/\/www.raxxa.com\/shop\/raxxa-postkarte-blue-jungle-iii\/"]}]},{"@type":"ImageObject","inLanguage":"en-US","@id":"https:\/\/www.raxxa.com\/shop\/raxxa-postkarte-blue-jungle-iii\/#primaryimage","url":"https:\/\/www.raxxa.com\/wp-content\/uploads\/2024\/07\/raxxa-315-16987-185-Sylvia-Eder-Blue-jungle-III-6.jpg","contentUrl":"https:\/\/www.raxxa.com\/wp-content\/uploads\/2024\/07\/raxxa-315-16987-185-Sylvia-Eder-Blue-jungle-III-6.jpg","width":1024,"height":1024},{"@type":"BreadcrumbList","@id":"https:\/\/www.raxxa.com\/shop\/raxxa-postkarte-blue-jungle-iii\/#breadcrumb","itemListElement":[{"@type":"ListItem","position":1,"name":"Startseite","item":"https:\/\/www.raxxa.com\/"},{"@type":"ListItem","position":2,"name":"Shop","item":"https:\/\/www.raxxa.com\/it\/shop\/"},{"@type":"ListItem","position":3,"name":"raxxa Postkarte: Blue jungle III"}]},{"@type":"WebSite","@id":"https:\/\/www.raxxa.com\/#website","url":"https:\/\/www.raxxa.com\/","name":"raxxa","description":"Unique individual products from our designers","publisher":{"@id":"https:\/\/www.raxxa.com\/#organization"},"potentialAction":[{"@type":"SearchAction","target":{"@type":"EntryPoint","urlTemplate":"https:\/\/www.raxxa.com\/?s={search_term_string}"},"query-input":{"@type":"PropertyValueSpecification","valueRequired":true,"valueName":"search_term_string"}}],"inLanguage":"en-US"},{"@type":"Organization","@id":"https:\/\/www.raxxa.com\/#organization","name":"raxxa","url":"https:\/\/www.raxxa.com\/","logo":{"@type":"ImageObject","inLanguage":"en-US","@id":"https:\/\/www.raxxa.com\/#\/schema\/logo\/image\/","url":"https:\/\/www.raxxa.com\/wp-content\/uploads\/2022\/07\/logo_v2.png","contentUrl":"https:\/\/www.raxxa.com\/wp-content\/uploads\/2022\/07\/logo_v2.png","width":380,"height":382,"caption":"raxxa"},"image":{"@id":"https:\/\/www.raxxa.com\/#\/schema\/logo\/image\/"},"sameAs":["https:\/\/facebook.com\/raxxacom"]}]},"og_availability":"instock","product_availability":"instock","product_retailer_item_id":"1-185-16987-315","product_condition":"new"},"jetpack_sharing_enabled":true,"_links":{"self":[{"href":"https:\/\/www.raxxa.com\/en\/wp-json\/wp\/v2\/product\/202682","targetHints":{"allow":["GET"]}}],"collection":[{"href":"https:\/\/www.raxxa.com\/en\/wp-json\/wp\/v2\/product"}],"about":[{"href":"https:\/\/www.raxxa.com\/en\/wp-json\/wp\/v2\/types\/product"}],"replies":[{"embeddable":true,"href":"https:\/\/www.raxxa.com\/en\/wp-json\/wp\/v2\/comments?post=202682"}],"wp:featuredmedia":[{"embeddable":true,"href":"https:\/\/www.raxxa.com\/en\/wp-json\/wp\/v2\/media\/254482"}],"wp:attachment":[{"href":"https:\/\/www.raxxa.com\/en\/wp-json\/wp\/v2\/media?parent=202682"}],"wp:term":[{"taxonomy":"product_brand","embeddable":true,"href":"https:\/\/www.raxxa.com\/en\/wp-json\/wp\/v2\/product_brand?post=202682"},{"taxonomy":"product_cat","embeddable":true,"href":"https:\/\/www.raxxa.com\/en\/wp-json\/wp\/v2\/product_cat?post=202682"},{"taxonomy":"product_tag","embeddable":true,"href":"https:\/\/www.raxxa.com\/en\/wp-json\/wp\/v2\/product_tag?post=202682"}],"curies":[{"name":"wp","href":"https:\/\/api.w.org\/{rel}","templated":true}]}}