{"id":202478,"date":"2024-07-29T10:16:52","date_gmt":"2024-07-29T08:16:52","guid":{"rendered":"https:\/\/www.raxxa.com\/shop\/raxxa-premium-puzzle-dreamscape-i\/"},"modified":"2025-11-03T10:50:52","modified_gmt":"2025-11-03T08:50:52","slug":"raxxa-premium-puzzle-dreamscape-i","status":"publish","type":"product","link":"https:\/\/www.raxxa.com\/en\/shop\/raxxa-premium-puzzle-dreamscape-i\/","title":{"rendered":"raxxa Premium Puzzle: Dreamscape I"},"content":{"rendered":"<p><span style=\"color: rgb(0, 0, 0); font-family: helvetica, sans-serif; font-size: 24px;\">raxxa premium photo puzzle<\/span><\/p>\n<div><span style=\"font-weight: bolder;color: rgb(0, 0, 0);\">\"Dreamscape I\" by Sylvia Eder<\/span><\/div>\n<div><span style=\"font-weight: bolder;\"><br \/><\/span><\/div>\n<div><span style=\"font-size: 1rem;color: rgb(0, 0, 0);\">Immerse yourself in the timeless elegance of this abstract work of art. With harmonious shades of blue, gold and white, it captures the essence of everlasting beauty. A masterpiece that exudes both tranquillity and dynamism, perfect for any room that needs a touch of sophistication and style. Let yourself be enchanted by its magic!<\/span><\/div>\n<div><\/div>\n<p><\/p>\n<div>\n<ul class=\"list-normal\" style=\"margin-right: 0px; margin-left: 0px; padding: 0px 0px 0px 1rem; border: 0px; text-size-adjust: none; list-style: inside none square; line-height: 26px;\">\n<li style=\"color: rgb(51, 51, 51); font-family: Lato_Light, sans-serif; font-size: 14.4px; margin: 0px; padding: 0px; border: 0px; text-size-adjust: none;\">1000 parts = W 68 x H 48 cm, puzzle pieces approx. 1.9 x 1.6 cm.<\/li>\n<li style=\"color: rgb(51, 51, 51); font-family: Lato_Light, sans-serif; font-size: 14.4px; margin: 0px; padding: 0px; border: 0px; text-size-adjust: none;\">Real blue premium puzzle board with 1.9 mm thickness. The puzzle pieces interlock perfectly.<\/li>\n<li style=\"color: rgb(51, 51, 51); font-family: Lato_Light, sans-serif; font-size: 14.4px; margin: 0px; padding: 0px; border: 0px; text-size-adjust: none;\">Highest HD print quality for fine color gradations as well as brilliant bright colors on high-quality cardboard for the finest representation of details.<\/li>\n<li style=\"color: rgb(51, 51, 51); font-family: Lato_Light, sans-serif; font-size: 14.4px; margin: 0px; padding: 0px; border: 0px; text-size-adjust: none;\">Slip lid box, fine embossed linen paper with a water based protective varnish for better box durability.<\/li>\n<li style=\"color: rgb(51, 51, 51); font-family: Lato_Light, sans-serif; font-size: 14.4px; margin: 0px; padding: 0px; border: 0px; text-size-adjust: none;\">completely climate-neutral production, FSC<\/li>\n<li style=\"color: rgb(51, 51, 51); font-family: Lato_Light, sans-serif; font-size: 14.4px; margin: 0px; padding: 0px; border: 0px; text-size-adjust: none;\">Made in Germany<\/li>\n<\/ul>\n<p><\/p>\n<p style=\"margin-right: 0px; margin-bottom: 0px; margin-left: 0px; padding: 0px; border: 0px; text-size-adjust: none;\"><\/p>\n<p style=\"margin-right: 0px; margin-bottom: 0px; margin-left: 0px; padding: 0px; border: 0px; text-size-adjust: none;\"><span style=\"font-size: 1rem;\">A real unique specimen. Your desired motif will be produced and shipped only after receipt of order especially for you.<\/span><\/p>\n<p style=\"margin-right: 0px; margin-bottom: 0px; margin-left: 0px; padding: 0px; border: 0px; text-size-adjust: none;\"><span style=\"font-size: 1rem;\">Caution: Choking hazard due to small parts that may be swallowed.<\/span><\/p>\n<\/div>","protected":false},"excerpt":{"rendered":"<p>raxxa Premium-Fotopuzzle &#8222;Dreamscape I&#8220; by Sylvia Eder Tauchen Sie ein in die zeitlose Eleganz dieses abstrakten Kunstwerks. Mit harmonischen Blau, Gold- und Wei\u00dft\u00f6nen f\u00e4ngt es die Essenz unverg\u00e4nglicher Sch\u00f6nheit ein. Ein Meisterwerk, das sowohl Ruhe als auch Dynamik ausstrahlt, perfekt f\u00fcr jeden Raum, der einen Hauch von Raffinesse und Stil ben\u00f6tigt. Lassen Sie sich von [&hellip;]<\/p>\n","protected":false},"featured_media":254535,"comment_status":"open","ping_status":"closed","template":"","meta":[],"product_brand":[],"product_cat":[137,12201,10365],"product_tag":[12429],"class_list":{"0":"post-202478","1":"product","2":"type-product","3":"status-publish","4":"has-post-thumbnail","6":"product_cat-abstrakt","7":"product_cat-sylvia-eder","8":"product_cat-puzzle","9":"product_tag-traumladschaften-abstraktekunst-blautoeneundgold","10":"product_shipping_class-versand-puzzle","12":"first","13":"instock","14":"taxable","15":"shipping-taxable","16":"purchasable","17":"product-type-simple"},"yoast_head":"<!-- This site is optimized with the Yoast SEO Premium plugin v27.5 (Yoast SEO v27.5) - https:\/\/yoast.com\/product\/yoast-seo-premium-wordpress\/ -->\n<title>raxxa Premium-Puzzle: Dreamscape I - raxxa<\/title>\n<meta name=\"robots\" content=\"index, follow, max-snippet:-1, max-image-preview:large, max-video-preview:-1\" \/>\n<link rel=\"canonical\" href=\"https:\/\/www.raxxa.com\/en\/shop\/raxxa-premium-puzzle-dreamscape-i\/\" \/>\n<meta property=\"og:locale\" content=\"en_US\" \/>\n<meta property=\"og:type\" content=\"article\" \/>\n<meta property=\"og:title\" content=\"raxxa Premium-Puzzle: Dreamscape I\" \/>\n<meta property=\"og:description\" content=\"raxxa Premium-Fotopuzzle &#8222;Dreamscape I&#8220; by Sylvia Eder Tauchen Sie ein in die zeitlose Eleganz dieses abstrakten Kunstwerks. Mit harmonischen Blau, Gold- und Wei\u00dft\u00f6nen f\u00e4ngt es die Essenz unverg\u00e4nglicher Sch\u00f6nheit ein. Ein Meisterwerk, das sowohl Ruhe als auch Dynamik ausstrahlt, perfekt f\u00fcr jeden Raum, der einen Hauch von Raffinesse und Stil ben\u00f6tigt. Lassen Sie sich von [&hellip;]\" \/>\n<meta property=\"og:url\" content=\"https:\/\/www.raxxa.com\/en\/shop\/raxxa-premium-puzzle-dreamscape-i\/\" \/>\n<meta property=\"og:site_name\" content=\"raxxa\" \/>\n<meta property=\"article:publisher\" content=\"https:\/\/facebook.com\/raxxacom\" \/>\n<meta property=\"article:modified_time\" content=\"2025-11-03T08:50:52+00:00\" \/>\n<meta property=\"og:image\" content=\"https:\/\/www.raxxa.com\/wp-content\/uploads\/2024\/07\/raxxa-puzzle-315-17203-Sylvia-Eder-Dreamscape-I-box.png\" \/>\n\t<meta property=\"og:image:width\" content=\"1920\" \/>\n\t<meta property=\"og:image:height\" content=\"1400\" \/>\n\t<meta property=\"og:image:type\" content=\"image\/png\" \/>\n<meta name=\"twitter:card\" content=\"summary_large_image\" \/>\n<meta name=\"twitter:label1\" content=\"Price\" \/>\n\t<meta name=\"twitter:data1\" content=\"&euro;29,99\" \/>\n\t<meta name=\"twitter:label2\" content=\"Availability\" \/>\n\t<meta name=\"twitter:data2\" content=\"In stock\" \/>\n<script type=\"application\/ld+json\" class=\"yoast-schema-graph\">{\"@context\":\"https:\\\/\\\/schema.org\",\"@graph\":[{\"@type\":[\"WebPage\",\"ItemPage\"],\"@id\":\"https:\\\/\\\/www.raxxa.com\\\/shop\\\/raxxa-premium-puzzle-dreamscape-i\\\/\",\"url\":\"https:\\\/\\\/www.raxxa.com\\\/shop\\\/raxxa-premium-puzzle-dreamscape-i\\\/\",\"name\":\"raxxa Premium-Puzzle: Dreamscape I - raxxa\",\"isPartOf\":{\"@id\":\"https:\\\/\\\/www.raxxa.com\\\/#website\"},\"primaryImageOfPage\":{\"@id\":\"https:\\\/\\\/www.raxxa.com\\\/shop\\\/raxxa-premium-puzzle-dreamscape-i\\\/#primaryimage\"},\"image\":{\"@id\":\"https:\\\/\\\/www.raxxa.com\\\/shop\\\/raxxa-premium-puzzle-dreamscape-i\\\/#primaryimage\"},\"thumbnailUrl\":\"https:\\\/\\\/www.raxxa.com\\\/wp-content\\\/uploads\\\/2024\\\/07\\\/raxxa-puzzle-315-17203-Sylvia-Eder-Dreamscape-I-box.png\",\"datePublished\":\"2024-07-29T08:16:52+00:00\",\"dateModified\":\"2025-11-03T08:50:52+00:00\",\"breadcrumb\":{\"@id\":\"https:\\\/\\\/www.raxxa.com\\\/shop\\\/raxxa-premium-puzzle-dreamscape-i\\\/#breadcrumb\"},\"inLanguage\":\"en-US\",\"potentialAction\":[{\"@type\":\"ReadAction\",\"target\":[\"https:\\\/\\\/www.raxxa.com\\\/shop\\\/raxxa-premium-puzzle-dreamscape-i\\\/\"]}]},{\"@type\":\"ImageObject\",\"inLanguage\":\"en-US\",\"@id\":\"https:\\\/\\\/www.raxxa.com\\\/shop\\\/raxxa-premium-puzzle-dreamscape-i\\\/#primaryimage\",\"url\":\"https:\\\/\\\/www.raxxa.com\\\/wp-content\\\/uploads\\\/2024\\\/07\\\/raxxa-puzzle-315-17203-Sylvia-Eder-Dreamscape-I-box.png\",\"contentUrl\":\"https:\\\/\\\/www.raxxa.com\\\/wp-content\\\/uploads\\\/2024\\\/07\\\/raxxa-puzzle-315-17203-Sylvia-Eder-Dreamscape-I-box.png\",\"width\":1920,\"height\":1400},{\"@type\":\"BreadcrumbList\",\"@id\":\"https:\\\/\\\/www.raxxa.com\\\/shop\\\/raxxa-premium-puzzle-dreamscape-i\\\/#breadcrumb\",\"itemListElement\":[{\"@type\":\"ListItem\",\"position\":1,\"name\":\"Startseite\",\"item\":\"https:\\\/\\\/www.raxxa.com\\\/\"},{\"@type\":\"ListItem\",\"position\":2,\"name\":\"Shop\",\"item\":\"https:\\\/\\\/www.raxxa.com\\\/it\\\/shop\\\/\"},{\"@type\":\"ListItem\",\"position\":3,\"name\":\"raxxa Premium-Puzzle: Dreamscape I\"}]},{\"@type\":\"WebSite\",\"@id\":\"https:\\\/\\\/www.raxxa.com\\\/#website\",\"url\":\"https:\\\/\\\/www.raxxa.com\\\/\",\"name\":\"raxxa\",\"description\":\"Einzigartige individuelle Produkte von unseren Designern\",\"publisher\":{\"@id\":\"https:\\\/\\\/www.raxxa.com\\\/#organization\"},\"potentialAction\":[{\"@type\":\"SearchAction\",\"target\":{\"@type\":\"EntryPoint\",\"urlTemplate\":\"https:\\\/\\\/www.raxxa.com\\\/?s={search_term_string}\"},\"query-input\":{\"@type\":\"PropertyValueSpecification\",\"valueRequired\":true,\"valueName\":\"search_term_string\"}}],\"inLanguage\":\"en-US\"},{\"@type\":\"Organization\",\"@id\":\"https:\\\/\\\/www.raxxa.com\\\/#organization\",\"name\":\"raxxa\",\"url\":\"https:\\\/\\\/www.raxxa.com\\\/\",\"logo\":{\"@type\":\"ImageObject\",\"inLanguage\":\"en-US\",\"@id\":\"https:\\\/\\\/www.raxxa.com\\\/#\\\/schema\\\/logo\\\/image\\\/\",\"url\":\"https:\\\/\\\/www.raxxa.com\\\/wp-content\\\/uploads\\\/2022\\\/07\\\/logo_v2.png\",\"contentUrl\":\"https:\\\/\\\/www.raxxa.com\\\/wp-content\\\/uploads\\\/2022\\\/07\\\/logo_v2.png\",\"width\":380,\"height\":382,\"caption\":\"raxxa\"},\"image\":{\"@id\":\"https:\\\/\\\/www.raxxa.com\\\/#\\\/schema\\\/logo\\\/image\\\/\"},\"sameAs\":[\"https:\\\/\\\/facebook.com\\\/raxxacom\"]}]}<\/script>\n<meta property=\"product:price:amount\" content=\"29.99\" \/>\n<meta property=\"product:price:currency\" content=\"EUR\" \/>\n<meta property=\"og:availability\" content=\"instock\" \/>\n<meta property=\"product:availability\" content=\"instock\" \/>\n<meta property=\"product:retailer_item_id\" content=\"1-14270-17203-315\" \/>\n<meta property=\"product:condition\" content=\"new\" \/>\n<!-- \/ Yoast SEO Premium plugin. -->","yoast_head_json":{"title":"raxxa Premium Puzzle: Dreamscape I - raxxa","robots":{"index":"index","follow":"follow","max-snippet":"max-snippet:-1","max-image-preview":"max-image-preview:large","max-video-preview":"max-video-preview:-1"},"canonical":"https:\/\/www.raxxa.com\/en\/shop\/raxxa-premium-puzzle-dreamscape-i\/","og_locale":"en_US","og_type":"article","og_title":"raxxa Premium-Puzzle: Dreamscape I","og_description":"raxxa Premium-Fotopuzzle &#8222;Dreamscape I&#8220; by Sylvia Eder Tauchen Sie ein in die zeitlose Eleganz dieses abstrakten Kunstwerks. Mit harmonischen Blau, Gold- und Wei\u00dft\u00f6nen f\u00e4ngt es die Essenz unverg\u00e4nglicher Sch\u00f6nheit ein. Ein Meisterwerk, das sowohl Ruhe als auch Dynamik ausstrahlt, perfekt f\u00fcr jeden Raum, der einen Hauch von Raffinesse und Stil ben\u00f6tigt. Lassen Sie sich von [&hellip;]","og_url":"https:\/\/www.raxxa.com\/en\/shop\/raxxa-premium-puzzle-dreamscape-i\/","og_site_name":"raxxa","article_publisher":"https:\/\/facebook.com\/raxxacom","article_modified_time":"2025-11-03T08:50:52+00:00","og_image":[{"width":1920,"height":1400,"url":"https:\/\/www.raxxa.com\/wp-content\/uploads\/2024\/07\/raxxa-puzzle-315-17203-Sylvia-Eder-Dreamscape-I-box.png","type":"image\/png"}],"twitter_card":"summary_large_image","twitter_misc":{"Price":"&euro;29,99","Availability":"In stock"},"schema":{"@context":"https:\/\/schema.org","@graph":[{"@type":["WebPage","ItemPage"],"@id":"https:\/\/www.raxxa.com\/shop\/raxxa-premium-puzzle-dreamscape-i\/","url":"https:\/\/www.raxxa.com\/shop\/raxxa-premium-puzzle-dreamscape-i\/","name":"raxxa Premium Puzzle: Dreamscape I - raxxa","isPartOf":{"@id":"https:\/\/www.raxxa.com\/#website"},"primaryImageOfPage":{"@id":"https:\/\/www.raxxa.com\/shop\/raxxa-premium-puzzle-dreamscape-i\/#primaryimage"},"image":{"@id":"https:\/\/www.raxxa.com\/shop\/raxxa-premium-puzzle-dreamscape-i\/#primaryimage"},"thumbnailUrl":"https:\/\/www.raxxa.com\/wp-content\/uploads\/2024\/07\/raxxa-puzzle-315-17203-Sylvia-Eder-Dreamscape-I-box.png","datePublished":"2024-07-29T08:16:52+00:00","dateModified":"2025-11-03T08:50:52+00:00","breadcrumb":{"@id":"https:\/\/www.raxxa.com\/shop\/raxxa-premium-puzzle-dreamscape-i\/#breadcrumb"},"inLanguage":"en-US","potentialAction":[{"@type":"ReadAction","target":["https:\/\/www.raxxa.com\/shop\/raxxa-premium-puzzle-dreamscape-i\/"]}]},{"@type":"ImageObject","inLanguage":"en-US","@id":"https:\/\/www.raxxa.com\/shop\/raxxa-premium-puzzle-dreamscape-i\/#primaryimage","url":"https:\/\/www.raxxa.com\/wp-content\/uploads\/2024\/07\/raxxa-puzzle-315-17203-Sylvia-Eder-Dreamscape-I-box.png","contentUrl":"https:\/\/www.raxxa.com\/wp-content\/uploads\/2024\/07\/raxxa-puzzle-315-17203-Sylvia-Eder-Dreamscape-I-box.png","width":1920,"height":1400},{"@type":"BreadcrumbList","@id":"https:\/\/www.raxxa.com\/shop\/raxxa-premium-puzzle-dreamscape-i\/#breadcrumb","itemListElement":[{"@type":"ListItem","position":1,"name":"Startseite","item":"https:\/\/www.raxxa.com\/"},{"@type":"ListItem","position":2,"name":"Shop","item":"https:\/\/www.raxxa.com\/it\/shop\/"},{"@type":"ListItem","position":3,"name":"raxxa Premium-Puzzle: Dreamscape I"}]},{"@type":"WebSite","@id":"https:\/\/www.raxxa.com\/#website","url":"https:\/\/www.raxxa.com\/","name":"raxxa","description":"Unique individual products from our designers","publisher":{"@id":"https:\/\/www.raxxa.com\/#organization"},"potentialAction":[{"@type":"SearchAction","target":{"@type":"EntryPoint","urlTemplate":"https:\/\/www.raxxa.com\/?s={search_term_string}"},"query-input":{"@type":"PropertyValueSpecification","valueRequired":true,"valueName":"search_term_string"}}],"inLanguage":"en-US"},{"@type":"Organization","@id":"https:\/\/www.raxxa.com\/#organization","name":"raxxa","url":"https:\/\/www.raxxa.com\/","logo":{"@type":"ImageObject","inLanguage":"en-US","@id":"https:\/\/www.raxxa.com\/#\/schema\/logo\/image\/","url":"https:\/\/www.raxxa.com\/wp-content\/uploads\/2022\/07\/logo_v2.png","contentUrl":"https:\/\/www.raxxa.com\/wp-content\/uploads\/2022\/07\/logo_v2.png","width":380,"height":382,"caption":"raxxa"},"image":{"@id":"https:\/\/www.raxxa.com\/#\/schema\/logo\/image\/"},"sameAs":["https:\/\/facebook.com\/raxxacom"]}]},"product_price_amount":"29.99","product_price_currency":"EUR","og_availability":"instock","product_availability":"instock","product_retailer_item_id":"1-14270-17203-315","product_condition":"new"},"jetpack_sharing_enabled":true,"_links":{"self":[{"href":"https:\/\/www.raxxa.com\/en\/wp-json\/wp\/v2\/product\/202478","targetHints":{"allow":["GET"]}}],"collection":[{"href":"https:\/\/www.raxxa.com\/en\/wp-json\/wp\/v2\/product"}],"about":[{"href":"https:\/\/www.raxxa.com\/en\/wp-json\/wp\/v2\/types\/product"}],"replies":[{"embeddable":true,"href":"https:\/\/www.raxxa.com\/en\/wp-json\/wp\/v2\/comments?post=202478"}],"wp:featuredmedia":[{"embeddable":true,"href":"https:\/\/www.raxxa.com\/en\/wp-json\/wp\/v2\/media\/254535"}],"wp:attachment":[{"href":"https:\/\/www.raxxa.com\/en\/wp-json\/wp\/v2\/media?parent=202478"}],"wp:term":[{"taxonomy":"product_brand","embeddable":true,"href":"https:\/\/www.raxxa.com\/en\/wp-json\/wp\/v2\/product_brand?post=202478"},{"taxonomy":"product_cat","embeddable":true,"href":"https:\/\/www.raxxa.com\/en\/wp-json\/wp\/v2\/product_cat?post=202478"},{"taxonomy":"product_tag","embeddable":true,"href":"https:\/\/www.raxxa.com\/en\/wp-json\/wp\/v2\/product_tag?post=202478"}],"curies":[{"name":"wp","href":"https:\/\/api.w.org\/{rel}","templated":true}]}}