{"id":201882,"date":"2024-07-29T09:03:58","date_gmt":"2024-07-29T07:03:58","guid":{"rendered":"https:\/\/www.raxxa.com\/?post_type=product&#038;p=201882"},"modified":"2025-11-03T11:36:58","modified_gmt":"2025-11-03T09:36:58","slug":"poster-heavenly-bliss","status":"publish","type":"product","link":"https:\/\/www.raxxa.com\/en\/shop\/poster-heavenly-bliss\/","title":{"rendered":"Poster: Heavenly bliss"},"content":{"rendered":"<h3><strong>\"Heavenly bliss\" by Sylvia Eder<\/strong><\/h3>\n<p><strong><\/strong><\/p>\n<p>This abstract painting is dominated by wonderfully sunny yellow and accents of bright pink. It shows imaginative leaf shapes that extend playfully across the canvas. The vibrant colors and dynamic shapes radiate a cheerful, optimistic mood. Looking at this work of art, one is inevitably gripped by a feeling of lightness and joy that brightens the day.<\/p>\n<p>&nbsp;<\/p>\n<ul><li>Museum quality poster on durable matte (uncoated) archival paper.<\/li><li>Paper weight: 250 g \/ m\u00b2.<\/li><li>Shipped in a sturdy package to protect the poster.<\/li><li>This product can be made especially for you in the size and design you require.<\/li><\/ul>","protected":false},"excerpt":{"rendered":"<p>&quot;Heavenly bliss&quot; by Sylvia Eder In diesem abstraktesn Bild, dominiert herrlich sonniges Gelb und Akzente in leuchtendem Pink. Es zeigt fantasievolle Blattformen, die sich spielerisch \u00fcber die Leinwand erstrecken. Die lebendigen Farben und dynamischen Formen strahlen eine fr\u00f6hliche, optimistische Stimmung aus. Beim Betrachten dieses Kunstwerks wird man unweigerlich von einem Gef\u00fchl der Leichtigkeit und Freude [&hellip;]<\/p>\n","protected":false},"featured_media":254791,"comment_status":"open","ping_status":"closed","template":"","meta":[],"product_brand":[],"product_cat":[137,12201,10378],"product_tag":[12414],"class_list":{"0":"post-201882","1":"product","2":"type-product","3":"status-publish","4":"has-post-thumbnail","6":"product_cat-abstrakt","7":"product_cat-sylvia-eder","8":"product_cat-poster","9":"product_tag-freudvollesbild-gelbundpik-abstraktesbild-positivesabstraktesbild-sonnigefarben-harmonischesabstraktesbild-abstrakt-kunst-art-malen","10":"product_shipping_class-versand-t-shirts1","12":"first","13":"instock","14":"taxable","15":"shipping-taxable","16":"purchasable","17":"product-type-variable"},"yoast_head":"<!-- This site is optimized with the Yoast SEO Premium plugin v27.2 (Yoast SEO v27.3) - https:\/\/yoast.com\/product\/yoast-seo-premium-wordpress\/ -->\n<title>Poster: Heavenly bliss - raxxa<\/title>\n<meta name=\"robots\" content=\"index, follow, max-snippet:-1, max-image-preview:large, max-video-preview:-1\" \/>\n<link rel=\"canonical\" href=\"https:\/\/www.raxxa.com\/en\/shop\/poster-heavenly-bliss\/\" \/>\n<meta property=\"og:locale\" content=\"en_US\" \/>\n<meta property=\"og:type\" content=\"article\" \/>\n<meta property=\"og:title\" content=\"Poster: Heavenly bliss\" \/>\n<meta property=\"og:description\" content=\"&quot;Heavenly bliss&quot; by Sylvia Eder In diesem abstraktesn Bild, dominiert herrlich sonniges Gelb und Akzente in leuchtendem Pink. Es zeigt fantasievolle Blattformen, die sich spielerisch \u00fcber die Leinwand erstrecken. Die lebendigen Farben und dynamischen Formen strahlen eine fr\u00f6hliche, optimistische Stimmung aus. Beim Betrachten dieses Kunstwerks wird man unweigerlich von einem Gef\u00fchl der Leichtigkeit und Freude [&hellip;]\" \/>\n<meta property=\"og:url\" content=\"https:\/\/www.raxxa.com\/en\/shop\/poster-heavenly-bliss\/\" \/>\n<meta property=\"og:site_name\" content=\"raxxa\" \/>\n<meta property=\"article:publisher\" content=\"https:\/\/facebook.com\/raxxacom\" \/>\n<meta property=\"article:modified_time\" content=\"2025-11-03T09:36:58+00:00\" \/>\n<meta property=\"og:image\" content=\"https:\/\/www.raxxa.com\/wp-content\/uploads\/2024\/07\/raxxa-315-16980-84-1.png\" \/>\n\t<meta property=\"og:image:width\" content=\"800\" \/>\n\t<meta property=\"og:image:height\" content=\"800\" \/>\n\t<meta property=\"og:image:type\" content=\"image\/png\" \/>\n<meta name=\"twitter:card\" content=\"summary_large_image\" \/>\n<meta name=\"twitter:label1\" content=\"Availability\" \/>\n\t<meta name=\"twitter:data1\" content=\"In stock\" \/>\n<script type=\"application\/ld+json\" class=\"yoast-schema-graph\">{\"@context\":\"https:\\\/\\\/schema.org\",\"@graph\":[{\"@type\":[\"WebPage\",\"ItemPage\"],\"@id\":\"https:\\\/\\\/www.raxxa.com\\\/shop\\\/poster-heavenly-bliss\\\/\",\"url\":\"https:\\\/\\\/www.raxxa.com\\\/shop\\\/poster-heavenly-bliss\\\/\",\"name\":\"Poster: Heavenly bliss - raxxa\",\"isPartOf\":{\"@id\":\"https:\\\/\\\/www.raxxa.com\\\/#website\"},\"primaryImageOfPage\":{\"@id\":\"https:\\\/\\\/www.raxxa.com\\\/shop\\\/poster-heavenly-bliss\\\/#primaryimage\"},\"image\":{\"@id\":\"https:\\\/\\\/www.raxxa.com\\\/shop\\\/poster-heavenly-bliss\\\/#primaryimage\"},\"thumbnailUrl\":\"https:\\\/\\\/www.raxxa.com\\\/wp-content\\\/uploads\\\/2024\\\/07\\\/raxxa-Wallart-315-16980-84-Sylvia-Eder-Heavenly-bliss-26.jpg\",\"datePublished\":\"2024-07-29T07:03:58+00:00\",\"dateModified\":\"2025-11-03T09:36:58+00:00\",\"breadcrumb\":{\"@id\":\"https:\\\/\\\/www.raxxa.com\\\/shop\\\/poster-heavenly-bliss\\\/#breadcrumb\"},\"inLanguage\":\"en-US\",\"potentialAction\":[{\"@type\":\"ReadAction\",\"target\":[\"https:\\\/\\\/www.raxxa.com\\\/shop\\\/poster-heavenly-bliss\\\/\"]}]},{\"@type\":\"ImageObject\",\"inLanguage\":\"en-US\",\"@id\":\"https:\\\/\\\/www.raxxa.com\\\/shop\\\/poster-heavenly-bliss\\\/#primaryimage\",\"url\":\"https:\\\/\\\/www.raxxa.com\\\/wp-content\\\/uploads\\\/2024\\\/07\\\/raxxa-Wallart-315-16980-84-Sylvia-Eder-Heavenly-bliss-26.jpg\",\"contentUrl\":\"https:\\\/\\\/www.raxxa.com\\\/wp-content\\\/uploads\\\/2024\\\/07\\\/raxxa-Wallart-315-16980-84-Sylvia-Eder-Heavenly-bliss-26.jpg\",\"width\":1024,\"height\":1024},{\"@type\":\"BreadcrumbList\",\"@id\":\"https:\\\/\\\/www.raxxa.com\\\/shop\\\/poster-heavenly-bliss\\\/#breadcrumb\",\"itemListElement\":[{\"@type\":\"ListItem\",\"position\":1,\"name\":\"Startseite\",\"item\":\"https:\\\/\\\/www.raxxa.com\\\/\"},{\"@type\":\"ListItem\",\"position\":2,\"name\":\"Shop\",\"item\":\"https:\\\/\\\/www.raxxa.com\\\/it\\\/shop\\\/\"},{\"@type\":\"ListItem\",\"position\":3,\"name\":\"Poster: Heavenly bliss\"}]},{\"@type\":\"WebSite\",\"@id\":\"https:\\\/\\\/www.raxxa.com\\\/#website\",\"url\":\"https:\\\/\\\/www.raxxa.com\\\/\",\"name\":\"raxxa\",\"description\":\"Einzigartige individuelle Produkte von unseren Designern\",\"publisher\":{\"@id\":\"https:\\\/\\\/www.raxxa.com\\\/#organization\"},\"potentialAction\":[{\"@type\":\"SearchAction\",\"target\":{\"@type\":\"EntryPoint\",\"urlTemplate\":\"https:\\\/\\\/www.raxxa.com\\\/?s={search_term_string}\"},\"query-input\":{\"@type\":\"PropertyValueSpecification\",\"valueRequired\":true,\"valueName\":\"search_term_string\"}}],\"inLanguage\":\"en-US\"},{\"@type\":\"Organization\",\"@id\":\"https:\\\/\\\/www.raxxa.com\\\/#organization\",\"name\":\"raxxa\",\"url\":\"https:\\\/\\\/www.raxxa.com\\\/\",\"logo\":{\"@type\":\"ImageObject\",\"inLanguage\":\"en-US\",\"@id\":\"https:\\\/\\\/www.raxxa.com\\\/#\\\/schema\\\/logo\\\/image\\\/\",\"url\":\"https:\\\/\\\/www.raxxa.com\\\/wp-content\\\/uploads\\\/2022\\\/07\\\/logo_v2.png\",\"contentUrl\":\"https:\\\/\\\/www.raxxa.com\\\/wp-content\\\/uploads\\\/2022\\\/07\\\/logo_v2.png\",\"width\":380,\"height\":382,\"caption\":\"raxxa\"},\"image\":{\"@id\":\"https:\\\/\\\/www.raxxa.com\\\/#\\\/schema\\\/logo\\\/image\\\/\"},\"sameAs\":[\"https:\\\/\\\/facebook.com\\\/raxxacom\"]}]}<\/script>\n<meta property=\"og:availability\" content=\"instock\" \/>\n<meta property=\"product:availability\" content=\"instock\" \/>\n<meta property=\"product:retailer_item_id\" content=\"1-84-16980-315\" \/>\n<meta property=\"product:condition\" content=\"new\" \/>\n<!-- \/ Yoast SEO Premium plugin. -->","yoast_head_json":{"title":"Poster: Heavenly bliss - raxxa","robots":{"index":"index","follow":"follow","max-snippet":"max-snippet:-1","max-image-preview":"max-image-preview:large","max-video-preview":"max-video-preview:-1"},"canonical":"https:\/\/www.raxxa.com\/en\/shop\/poster-heavenly-bliss\/","og_locale":"en_US","og_type":"article","og_title":"Poster: Heavenly bliss","og_description":"&quot;Heavenly bliss&quot; by Sylvia Eder In diesem abstraktesn Bild, dominiert herrlich sonniges Gelb und Akzente in leuchtendem Pink. Es zeigt fantasievolle Blattformen, die sich spielerisch \u00fcber die Leinwand erstrecken. Die lebendigen Farben und dynamischen Formen strahlen eine fr\u00f6hliche, optimistische Stimmung aus. Beim Betrachten dieses Kunstwerks wird man unweigerlich von einem Gef\u00fchl der Leichtigkeit und Freude [&hellip;]","og_url":"https:\/\/www.raxxa.com\/en\/shop\/poster-heavenly-bliss\/","og_site_name":"raxxa","article_publisher":"https:\/\/facebook.com\/raxxacom","article_modified_time":"2025-11-03T09:36:58+00:00","og_image":[{"width":800,"height":800,"url":"https:\/\/www.raxxa.com\/wp-content\/uploads\/2024\/07\/raxxa-315-16980-84-1.png","type":"image\/png"}],"twitter_card":"summary_large_image","twitter_misc":{"Availability":"In stock"},"schema":{"@context":"https:\/\/schema.org","@graph":[{"@type":["WebPage","ItemPage"],"@id":"https:\/\/www.raxxa.com\/shop\/poster-heavenly-bliss\/","url":"https:\/\/www.raxxa.com\/shop\/poster-heavenly-bliss\/","name":"Poster: Heavenly bliss - raxxa","isPartOf":{"@id":"https:\/\/www.raxxa.com\/#website"},"primaryImageOfPage":{"@id":"https:\/\/www.raxxa.com\/shop\/poster-heavenly-bliss\/#primaryimage"},"image":{"@id":"https:\/\/www.raxxa.com\/shop\/poster-heavenly-bliss\/#primaryimage"},"thumbnailUrl":"https:\/\/www.raxxa.com\/wp-content\/uploads\/2024\/07\/raxxa-Wallart-315-16980-84-Sylvia-Eder-Heavenly-bliss-26.jpg","datePublished":"2024-07-29T07:03:58+00:00","dateModified":"2025-11-03T09:36:58+00:00","breadcrumb":{"@id":"https:\/\/www.raxxa.com\/shop\/poster-heavenly-bliss\/#breadcrumb"},"inLanguage":"en-US","potentialAction":[{"@type":"ReadAction","target":["https:\/\/www.raxxa.com\/shop\/poster-heavenly-bliss\/"]}]},{"@type":"ImageObject","inLanguage":"en-US","@id":"https:\/\/www.raxxa.com\/shop\/poster-heavenly-bliss\/#primaryimage","url":"https:\/\/www.raxxa.com\/wp-content\/uploads\/2024\/07\/raxxa-Wallart-315-16980-84-Sylvia-Eder-Heavenly-bliss-26.jpg","contentUrl":"https:\/\/www.raxxa.com\/wp-content\/uploads\/2024\/07\/raxxa-Wallart-315-16980-84-Sylvia-Eder-Heavenly-bliss-26.jpg","width":1024,"height":1024},{"@type":"BreadcrumbList","@id":"https:\/\/www.raxxa.com\/shop\/poster-heavenly-bliss\/#breadcrumb","itemListElement":[{"@type":"ListItem","position":1,"name":"Startseite","item":"https:\/\/www.raxxa.com\/"},{"@type":"ListItem","position":2,"name":"Shop","item":"https:\/\/www.raxxa.com\/it\/shop\/"},{"@type":"ListItem","position":3,"name":"Poster: Heavenly bliss"}]},{"@type":"WebSite","@id":"https:\/\/www.raxxa.com\/#website","url":"https:\/\/www.raxxa.com\/","name":"raxxa","description":"Unique individual products from our designers","publisher":{"@id":"https:\/\/www.raxxa.com\/#organization"},"potentialAction":[{"@type":"SearchAction","target":{"@type":"EntryPoint","urlTemplate":"https:\/\/www.raxxa.com\/?s={search_term_string}"},"query-input":{"@type":"PropertyValueSpecification","valueRequired":true,"valueName":"search_term_string"}}],"inLanguage":"en-US"},{"@type":"Organization","@id":"https:\/\/www.raxxa.com\/#organization","name":"raxxa","url":"https:\/\/www.raxxa.com\/","logo":{"@type":"ImageObject","inLanguage":"en-US","@id":"https:\/\/www.raxxa.com\/#\/schema\/logo\/image\/","url":"https:\/\/www.raxxa.com\/wp-content\/uploads\/2022\/07\/logo_v2.png","contentUrl":"https:\/\/www.raxxa.com\/wp-content\/uploads\/2022\/07\/logo_v2.png","width":380,"height":382,"caption":"raxxa"},"image":{"@id":"https:\/\/www.raxxa.com\/#\/schema\/logo\/image\/"},"sameAs":["https:\/\/facebook.com\/raxxacom"]}]},"og_availability":"instock","product_availability":"instock","product_retailer_item_id":"1-84-16980-315","product_condition":"new"},"jetpack_sharing_enabled":true,"_links":{"self":[{"href":"https:\/\/www.raxxa.com\/en\/wp-json\/wp\/v2\/product\/201882","targetHints":{"allow":["GET"]}}],"collection":[{"href":"https:\/\/www.raxxa.com\/en\/wp-json\/wp\/v2\/product"}],"about":[{"href":"https:\/\/www.raxxa.com\/en\/wp-json\/wp\/v2\/types\/product"}],"replies":[{"embeddable":true,"href":"https:\/\/www.raxxa.com\/en\/wp-json\/wp\/v2\/comments?post=201882"}],"wp:featuredmedia":[{"embeddable":true,"href":"https:\/\/www.raxxa.com\/en\/wp-json\/wp\/v2\/media\/254791"}],"wp:attachment":[{"href":"https:\/\/www.raxxa.com\/en\/wp-json\/wp\/v2\/media?parent=201882"}],"wp:term":[{"taxonomy":"product_brand","embeddable":true,"href":"https:\/\/www.raxxa.com\/en\/wp-json\/wp\/v2\/product_brand?post=201882"},{"taxonomy":"product_cat","embeddable":true,"href":"https:\/\/www.raxxa.com\/en\/wp-json\/wp\/v2\/product_cat?post=201882"},{"taxonomy":"product_tag","embeddable":true,"href":"https:\/\/www.raxxa.com\/en\/wp-json\/wp\/v2\/product_tag?post=201882"}],"curies":[{"name":"wp","href":"https:\/\/api.w.org\/{rel}","templated":true}]}}