{"id":198003,"date":"2024-06-15T11:51:37","date_gmt":"2024-06-15T09:51:37","guid":{"rendered":"https:\/\/www.raxxa.com\/?post_type=product&#038;p=198003"},"modified":"2024-07-29T11:00:13","modified_gmt":"2024-07-29T09:00:13","slug":"raxxa-postkarte-positive-attitude","status":"publish","type":"product","link":"https:\/\/www.raxxa.com\/en\/shop\/raxxa-postkarte-positive-attitude\/","title":{"rendered":"raxxa postcard: Positive attitude"},"content":{"rendered":"<h3><strong>\"Positive attitude\" by Sylvia Eder<\/strong><\/h3>\n<p><strong><\/strong><\/p>\n<p>Are you longing for a vacation? Yellow like the sun, blue for the sea and a touch of purple for a feeling of freedom. An eye-catcher that is sure to impress your guests. This combination of colors awakens a longing for distant shores and endless horizons. It's like a little piece of paradise that adorns your home or office and creates an atmosphere of relaxation and enjoyment. Let yourself be inspired by this vibrancy and dream of unforgettable journeys and adventures. Treat yourself to this touch of vacation mood and feel your soul revive.<\/p>\n<p>&nbsp;<\/p>\n<ul><li>We print your desired postcard blank or with a personal greeting and send it worldwide to any person or to yourself.<\/li><li>Ideal for online postcrossing or individual greetings to your loved ones, friends, relatives and acquaintances.<\/li><li>Alternatively, as a pure motif blank card to collect or send yourself.<\/li><li>Postcards DIN A6 (14.8 cm x 10.5 cm).<\/li><\/ul><br><br><b>How do I create\/design my personal postcard?<\/b><br><br>1) Simply enter the text of your message or greeting (max. 500 characters).<br>2) If you want to send your postcard for Postcrossing, enter the PostcrossingID.<br>Otherwise, simply leave this field blank.<br>3) Enter the first and last name, street + house number, postal code, city and country for the desired recipient of the postcard in the input fields.<br>4) You can now add your designed postcard to the shopping cart and order it at the checkout.<br><br>We will now print your personalized postcard, stamp it and send it to your specified recipient.<br><br>If you have any questions, simply send us a message or email<br>","protected":false},"excerpt":{"rendered":"<p>&quot;Positive attitude&quot; by Sylvia Eder Sehnst du dich Urlaub? Gelb wie die Sonne, Blau f\u00fcr das Meer und ein Hauch von Lila f\u00fcr das Gef\u00fchl von Freiheit. Ein Blickfang, der deine G\u00e4ste sicherlich beeindrucken wird. Diese Kombination aus Farben erweckt die Sehnsucht nach fernen K\u00fcsten und endlosen Horizonten. Es ist wie ein kleines St\u00fcck Paradies, [&hellip;]<\/p>\n","protected":false},"featured_media":198015,"comment_status":"open","ping_status":"closed","template":"","meta":[],"product_brand":[],"product_cat":[137,12201,11884],"product_tag":[12203],"class_list":{"0":"post-198003","1":"product","2":"type-product","3":"status-publish","4":"has-post-thumbnail","6":"product_cat-abstrakt","7":"product_cat-sylvia-eder","8":"product_cat-postkarten","9":"product_tag-gelbundblauesbild-gelb-blau-lila-turkis-abstraktemalerei-hauchvonurlaub-art-kunst-abstrakt","11":"first","12":"instock","13":"taxable","14":"shipping-taxable","15":"purchasable","16":"product-type-variable"},"yoast_head":"<!-- This site is optimized with the Yoast SEO Premium plugin v27.3 (Yoast SEO v27.3) - https:\/\/yoast.com\/product\/yoast-seo-premium-wordpress\/ -->\n<title>raxxa Postkarte: Positive attitude - raxxa<\/title>\n<meta name=\"robots\" content=\"index, follow, max-snippet:-1, max-image-preview:large, max-video-preview:-1\" \/>\n<link rel=\"canonical\" href=\"https:\/\/www.raxxa.com\/en\/shop\/raxxa-postkarte-positive-attitude\/\" \/>\n<meta property=\"og:locale\" content=\"en_US\" \/>\n<meta property=\"og:type\" content=\"article\" \/>\n<meta property=\"og:title\" content=\"raxxa Postkarte: Positive attitude\" \/>\n<meta property=\"og:description\" content=\"&quot;Positive attitude&quot; by Sylvia Eder Sehnst du dich Urlaub? Gelb wie die Sonne, Blau f\u00fcr das Meer und ein Hauch von Lila f\u00fcr das Gef\u00fchl von Freiheit. Ein Blickfang, der deine G\u00e4ste sicherlich beeindrucken wird. Diese Kombination aus Farben erweckt die Sehnsucht nach fernen K\u00fcsten und endlosen Horizonten. Es ist wie ein kleines St\u00fcck Paradies, [&hellip;]\" \/>\n<meta property=\"og:url\" content=\"https:\/\/www.raxxa.com\/en\/shop\/raxxa-postkarte-positive-attitude\/\" \/>\n<meta property=\"og:site_name\" content=\"raxxa\" \/>\n<meta property=\"article:publisher\" content=\"https:\/\/facebook.com\/raxxacom\" \/>\n<meta property=\"article:modified_time\" content=\"2024-07-29T09:00:13+00:00\" \/>\n<meta property=\"og:image\" content=\"https:\/\/www.raxxa.com\/wp-content\/uploads\/2024\/06\/raxxa-315-16908-185-Sylvia-Eder-Positive-attitude-28-scaled.jpg\" \/>\n\t<meta property=\"og:image:width\" content=\"2560\" \/>\n\t<meta property=\"og:image:height\" content=\"1707\" \/>\n\t<meta property=\"og:image:type\" content=\"image\/jpeg\" \/>\n<meta name=\"twitter:card\" content=\"summary_large_image\" \/>\n<meta name=\"twitter:label1\" content=\"Availability\" \/>\n\t<meta name=\"twitter:data1\" content=\"In stock\" \/>\n<script type=\"application\/ld+json\" class=\"yoast-schema-graph\">{\"@context\":\"https:\\\/\\\/schema.org\",\"@graph\":[{\"@type\":[\"WebPage\",\"ItemPage\"],\"@id\":\"https:\\\/\\\/www.raxxa.com\\\/shop\\\/raxxa-postkarte-positive-attitude\\\/\",\"url\":\"https:\\\/\\\/www.raxxa.com\\\/shop\\\/raxxa-postkarte-positive-attitude\\\/\",\"name\":\"raxxa Postkarte: Positive attitude - raxxa\",\"isPartOf\":{\"@id\":\"https:\\\/\\\/www.raxxa.com\\\/#website\"},\"primaryImageOfPage\":{\"@id\":\"https:\\\/\\\/www.raxxa.com\\\/shop\\\/raxxa-postkarte-positive-attitude\\\/#primaryimage\"},\"image\":{\"@id\":\"https:\\\/\\\/www.raxxa.com\\\/shop\\\/raxxa-postkarte-positive-attitude\\\/#primaryimage\"},\"thumbnailUrl\":\"https:\\\/\\\/www.raxxa.com\\\/wp-content\\\/uploads\\\/2024\\\/06\\\/raxxa-315-16908-185-Sylvia-Eder-Positive-attitude-28-scaled.jpg\",\"datePublished\":\"2024-06-15T09:51:37+00:00\",\"dateModified\":\"2024-07-29T09:00:13+00:00\",\"breadcrumb\":{\"@id\":\"https:\\\/\\\/www.raxxa.com\\\/shop\\\/raxxa-postkarte-positive-attitude\\\/#breadcrumb\"},\"inLanguage\":\"en-US\",\"potentialAction\":[{\"@type\":\"ReadAction\",\"target\":[\"https:\\\/\\\/www.raxxa.com\\\/shop\\\/raxxa-postkarte-positive-attitude\\\/\"]}]},{\"@type\":\"ImageObject\",\"inLanguage\":\"en-US\",\"@id\":\"https:\\\/\\\/www.raxxa.com\\\/shop\\\/raxxa-postkarte-positive-attitude\\\/#primaryimage\",\"url\":\"https:\\\/\\\/www.raxxa.com\\\/wp-content\\\/uploads\\\/2024\\\/06\\\/raxxa-315-16908-185-Sylvia-Eder-Positive-attitude-28-scaled.jpg\",\"contentUrl\":\"https:\\\/\\\/www.raxxa.com\\\/wp-content\\\/uploads\\\/2024\\\/06\\\/raxxa-315-16908-185-Sylvia-Eder-Positive-attitude-28-scaled.jpg\",\"width\":2560,\"height\":1707},{\"@type\":\"BreadcrumbList\",\"@id\":\"https:\\\/\\\/www.raxxa.com\\\/shop\\\/raxxa-postkarte-positive-attitude\\\/#breadcrumb\",\"itemListElement\":[{\"@type\":\"ListItem\",\"position\":1,\"name\":\"Startseite\",\"item\":\"https:\\\/\\\/www.raxxa.com\\\/\"},{\"@type\":\"ListItem\",\"position\":2,\"name\":\"Shop\",\"item\":\"https:\\\/\\\/www.raxxa.com\\\/it\\\/shop\\\/\"},{\"@type\":\"ListItem\",\"position\":3,\"name\":\"raxxa Postkarte: Positive attitude\"}]},{\"@type\":\"WebSite\",\"@id\":\"https:\\\/\\\/www.raxxa.com\\\/#website\",\"url\":\"https:\\\/\\\/www.raxxa.com\\\/\",\"name\":\"raxxa\",\"description\":\"Einzigartige individuelle Produkte von unseren Designern\",\"publisher\":{\"@id\":\"https:\\\/\\\/www.raxxa.com\\\/#organization\"},\"potentialAction\":[{\"@type\":\"SearchAction\",\"target\":{\"@type\":\"EntryPoint\",\"urlTemplate\":\"https:\\\/\\\/www.raxxa.com\\\/?s={search_term_string}\"},\"query-input\":{\"@type\":\"PropertyValueSpecification\",\"valueRequired\":true,\"valueName\":\"search_term_string\"}}],\"inLanguage\":\"en-US\"},{\"@type\":\"Organization\",\"@id\":\"https:\\\/\\\/www.raxxa.com\\\/#organization\",\"name\":\"raxxa\",\"url\":\"https:\\\/\\\/www.raxxa.com\\\/\",\"logo\":{\"@type\":\"ImageObject\",\"inLanguage\":\"en-US\",\"@id\":\"https:\\\/\\\/www.raxxa.com\\\/#\\\/schema\\\/logo\\\/image\\\/\",\"url\":\"https:\\\/\\\/www.raxxa.com\\\/wp-content\\\/uploads\\\/2022\\\/07\\\/logo_v2.png\",\"contentUrl\":\"https:\\\/\\\/www.raxxa.com\\\/wp-content\\\/uploads\\\/2022\\\/07\\\/logo_v2.png\",\"width\":380,\"height\":382,\"caption\":\"raxxa\"},\"image\":{\"@id\":\"https:\\\/\\\/www.raxxa.com\\\/#\\\/schema\\\/logo\\\/image\\\/\"},\"sameAs\":[\"https:\\\/\\\/facebook.com\\\/raxxacom\"]}]}<\/script>\n<meta property=\"og:availability\" content=\"instock\" \/>\n<meta property=\"product:availability\" content=\"instock\" \/>\n<meta property=\"product:retailer_item_id\" content=\"1-185-16908-315\" \/>\n<meta property=\"product:condition\" content=\"new\" \/>\n<!-- \/ Yoast SEO Premium plugin. -->","yoast_head_json":{"title":"raxxa Postkarte: Positive attitude - raxxa","robots":{"index":"index","follow":"follow","max-snippet":"max-snippet:-1","max-image-preview":"max-image-preview:large","max-video-preview":"max-video-preview:-1"},"canonical":"https:\/\/www.raxxa.com\/en\/shop\/raxxa-postkarte-positive-attitude\/","og_locale":"en_US","og_type":"article","og_title":"raxxa Postkarte: Positive attitude","og_description":"&quot;Positive attitude&quot; by Sylvia Eder Sehnst du dich Urlaub? Gelb wie die Sonne, Blau f\u00fcr das Meer und ein Hauch von Lila f\u00fcr das Gef\u00fchl von Freiheit. Ein Blickfang, der deine G\u00e4ste sicherlich beeindrucken wird. Diese Kombination aus Farben erweckt die Sehnsucht nach fernen K\u00fcsten und endlosen Horizonten. Es ist wie ein kleines St\u00fcck Paradies, [&hellip;]","og_url":"https:\/\/www.raxxa.com\/en\/shop\/raxxa-postkarte-positive-attitude\/","og_site_name":"raxxa","article_publisher":"https:\/\/facebook.com\/raxxacom","article_modified_time":"2024-07-29T09:00:13+00:00","og_image":[{"width":2560,"height":1707,"url":"https:\/\/www.raxxa.com\/wp-content\/uploads\/2024\/06\/raxxa-315-16908-185-Sylvia-Eder-Positive-attitude-28-scaled.jpg","type":"image\/jpeg"}],"twitter_card":"summary_large_image","twitter_misc":{"Availability":"In stock"},"schema":{"@context":"https:\/\/schema.org","@graph":[{"@type":["WebPage","ItemPage"],"@id":"https:\/\/www.raxxa.com\/shop\/raxxa-postkarte-positive-attitude\/","url":"https:\/\/www.raxxa.com\/shop\/raxxa-postkarte-positive-attitude\/","name":"raxxa Postkarte: Positive attitude - raxxa","isPartOf":{"@id":"https:\/\/www.raxxa.com\/#website"},"primaryImageOfPage":{"@id":"https:\/\/www.raxxa.com\/shop\/raxxa-postkarte-positive-attitude\/#primaryimage"},"image":{"@id":"https:\/\/www.raxxa.com\/shop\/raxxa-postkarte-positive-attitude\/#primaryimage"},"thumbnailUrl":"https:\/\/www.raxxa.com\/wp-content\/uploads\/2024\/06\/raxxa-315-16908-185-Sylvia-Eder-Positive-attitude-28-scaled.jpg","datePublished":"2024-06-15T09:51:37+00:00","dateModified":"2024-07-29T09:00:13+00:00","breadcrumb":{"@id":"https:\/\/www.raxxa.com\/shop\/raxxa-postkarte-positive-attitude\/#breadcrumb"},"inLanguage":"en-US","potentialAction":[{"@type":"ReadAction","target":["https:\/\/www.raxxa.com\/shop\/raxxa-postkarte-positive-attitude\/"]}]},{"@type":"ImageObject","inLanguage":"en-US","@id":"https:\/\/www.raxxa.com\/shop\/raxxa-postkarte-positive-attitude\/#primaryimage","url":"https:\/\/www.raxxa.com\/wp-content\/uploads\/2024\/06\/raxxa-315-16908-185-Sylvia-Eder-Positive-attitude-28-scaled.jpg","contentUrl":"https:\/\/www.raxxa.com\/wp-content\/uploads\/2024\/06\/raxxa-315-16908-185-Sylvia-Eder-Positive-attitude-28-scaled.jpg","width":2560,"height":1707},{"@type":"BreadcrumbList","@id":"https:\/\/www.raxxa.com\/shop\/raxxa-postkarte-positive-attitude\/#breadcrumb","itemListElement":[{"@type":"ListItem","position":1,"name":"Startseite","item":"https:\/\/www.raxxa.com\/"},{"@type":"ListItem","position":2,"name":"Shop","item":"https:\/\/www.raxxa.com\/it\/shop\/"},{"@type":"ListItem","position":3,"name":"raxxa Postkarte: Positive attitude"}]},{"@type":"WebSite","@id":"https:\/\/www.raxxa.com\/#website","url":"https:\/\/www.raxxa.com\/","name":"raxxa","description":"Unique individual products from our designers","publisher":{"@id":"https:\/\/www.raxxa.com\/#organization"},"potentialAction":[{"@type":"SearchAction","target":{"@type":"EntryPoint","urlTemplate":"https:\/\/www.raxxa.com\/?s={search_term_string}"},"query-input":{"@type":"PropertyValueSpecification","valueRequired":true,"valueName":"search_term_string"}}],"inLanguage":"en-US"},{"@type":"Organization","@id":"https:\/\/www.raxxa.com\/#organization","name":"raxxa","url":"https:\/\/www.raxxa.com\/","logo":{"@type":"ImageObject","inLanguage":"en-US","@id":"https:\/\/www.raxxa.com\/#\/schema\/logo\/image\/","url":"https:\/\/www.raxxa.com\/wp-content\/uploads\/2022\/07\/logo_v2.png","contentUrl":"https:\/\/www.raxxa.com\/wp-content\/uploads\/2022\/07\/logo_v2.png","width":380,"height":382,"caption":"raxxa"},"image":{"@id":"https:\/\/www.raxxa.com\/#\/schema\/logo\/image\/"},"sameAs":["https:\/\/facebook.com\/raxxacom"]}]},"og_availability":"instock","product_availability":"instock","product_retailer_item_id":"1-185-16908-315","product_condition":"new"},"jetpack_sharing_enabled":true,"_links":{"self":[{"href":"https:\/\/www.raxxa.com\/en\/wp-json\/wp\/v2\/product\/198003","targetHints":{"allow":["GET"]}}],"collection":[{"href":"https:\/\/www.raxxa.com\/en\/wp-json\/wp\/v2\/product"}],"about":[{"href":"https:\/\/www.raxxa.com\/en\/wp-json\/wp\/v2\/types\/product"}],"replies":[{"embeddable":true,"href":"https:\/\/www.raxxa.com\/en\/wp-json\/wp\/v2\/comments?post=198003"}],"wp:featuredmedia":[{"embeddable":true,"href":"https:\/\/www.raxxa.com\/en\/wp-json\/wp\/v2\/media\/198015"}],"wp:attachment":[{"href":"https:\/\/www.raxxa.com\/en\/wp-json\/wp\/v2\/media?parent=198003"}],"wp:term":[{"taxonomy":"product_brand","embeddable":true,"href":"https:\/\/www.raxxa.com\/en\/wp-json\/wp\/v2\/product_brand?post=198003"},{"taxonomy":"product_cat","embeddable":true,"href":"https:\/\/www.raxxa.com\/en\/wp-json\/wp\/v2\/product_cat?post=198003"},{"taxonomy":"product_tag","embeddable":true,"href":"https:\/\/www.raxxa.com\/en\/wp-json\/wp\/v2\/product_tag?post=198003"}],"curies":[{"name":"wp","href":"https:\/\/api.w.org\/{rel}","templated":true}]}}