{"id":197169,"date":"2024-06-15T09:25:13","date_gmt":"2024-06-15T07:25:13","guid":{"rendered":"https:\/\/www.raxxa.com\/?post_type=product&#038;p=197169"},"modified":"2024-07-29T08:03:39","modified_gmt":"2024-07-29T06:03:39","slug":"raxxa-premium-tischset-abstract-leaves","status":"publish","type":"product","link":"https:\/\/www.raxxa.com\/en\/shop\/raxxa-premium-tischset-abstract-leaves\/","title":{"rendered":"raxxa Premium-Tischset: Abstract leaves"},"content":{"rendered":"<h3><strong>\"Abstract leaves\" by Sylvia Eder<\/strong><\/h3>\n<p><strong><\/strong><\/p>\n<p>Discover this vibrant work of art with abstract leaves in colorful tones. The dynamic color palette and organic shapes bring freshness and vitality to any room. Be inspired by the energy and creativity of this picture. A highlight and eye-catcher that will show your friends that you have an excellent taste for timeless style.<\/p>\n<p>&nbsp;<\/p>\nBrighten up your dining room with our colorful vinyl placemats from our artists! These one-sided printed placemats are made from durable material and are perfect for adding a pop of color to your table. Measuring 40 x 30 cm, they are just the right size for any tableware. Brighten up your meals with style and practicality!<br><br>Material notes:<br><ul><li>40 x 30 cm.<\/li><li>approx. 1.6 mm thick.<\/li><li>Vinyl.<\/li><li>Clean with a damp cloth, not suitable for the dishwasher.<\/li><li>Made in Germany.<\/li><\/ul>","protected":false},"excerpt":{"rendered":"<p>&quot;Abstract leaves&quot; by Sylvia Eder Entdecken Sie dieses lebendige Kunstwerk mit abstrakten Bl\u00e4ttern in farbenfrohen T\u00f6nen. Die dynamische Farbpalette und die organischen Formen bringen Frische und Vitalit\u00e4t in jeden Raum. Lassen Sie sich von der Energie und Kreativit\u00e4t dieses Bildes inspirieren. Ein Highlight und Hingucker, dass ihren Freunden zeigt, dass Sie einen hervorragenden Geschmack f\u00fcr [&hellip;]<\/p>\n","protected":false},"featured_media":197210,"comment_status":"open","ping_status":"closed","template":"","meta":[],"product_brand":[],"product_cat":[137,12201,11051],"product_tag":[12206],"class_list":{"0":"post-197169","1":"product","2":"type-product","3":"status-publish","4":"has-post-thumbnail","6":"product_cat-abstrakt","7":"product_cat-sylvia-eder","8":"product_cat-tischset","9":"product_tag-abstraktesbild-abstrakteblaetter-farbenfroh-zeitloserkuststil-abstrakt-kunst-art","10":"product_shipping_class-versand-tischset","12":"first","13":"instock","14":"taxable","15":"shipping-taxable","16":"purchasable","17":"product-type-variable"},"yoast_head":"<!-- This site is optimized with the Yoast SEO Premium plugin v27.2 (Yoast SEO v27.3) - https:\/\/yoast.com\/product\/yoast-seo-premium-wordpress\/ -->\n<title>raxxa Premium-Tischset: Abstract leaves - raxxa<\/title>\n<meta name=\"robots\" content=\"index, follow, max-snippet:-1, max-image-preview:large, max-video-preview:-1\" \/>\n<link rel=\"canonical\" href=\"https:\/\/www.raxxa.com\/en\/shop\/raxxa-premium-tischset-abstract-leaves\/\" \/>\n<meta property=\"og:locale\" content=\"en_US\" \/>\n<meta property=\"og:type\" content=\"article\" \/>\n<meta property=\"og:title\" content=\"raxxa Premium-Tischset: Abstract leaves\" \/>\n<meta property=\"og:description\" content=\"&quot;Abstract leaves&quot; by Sylvia Eder Entdecken Sie dieses lebendige Kunstwerk mit abstrakten Bl\u00e4ttern in farbenfrohen T\u00f6nen. Die dynamische Farbpalette und die organischen Formen bringen Frische und Vitalit\u00e4t in jeden Raum. Lassen Sie sich von der Energie und Kreativit\u00e4t dieses Bildes inspirieren. Ein Highlight und Hingucker, dass ihren Freunden zeigt, dass Sie einen hervorragenden Geschmack f\u00fcr [&hellip;]\" \/>\n<meta property=\"og:url\" content=\"https:\/\/www.raxxa.com\/en\/shop\/raxxa-premium-tischset-abstract-leaves\/\" \/>\n<meta property=\"og:site_name\" content=\"raxxa\" \/>\n<meta property=\"article:publisher\" content=\"https:\/\/facebook.com\/raxxacom\" \/>\n<meta property=\"article:modified_time\" content=\"2024-07-29T06:03:39+00:00\" \/>\n<meta property=\"og:image\" content=\"https:\/\/www.raxxa.com\/wp-content\/uploads\/2024\/06\/315_16912_Abstract-leaves-Sylvia-Eder_tischset3_shop-1024x796.png\" \/>\n\t<meta property=\"og:image:width\" content=\"1024\" \/>\n\t<meta property=\"og:image:height\" content=\"796\" \/>\n\t<meta property=\"og:image:type\" content=\"image\/png\" \/>\n<meta name=\"twitter:card\" content=\"summary_large_image\" \/>\n<meta name=\"twitter:label1\" content=\"Availability\" \/>\n\t<meta name=\"twitter:data1\" content=\"In stock\" \/>\n<script type=\"application\/ld+json\" class=\"yoast-schema-graph\">{\"@context\":\"https:\\\/\\\/schema.org\",\"@graph\":[{\"@type\":[\"WebPage\",\"ItemPage\"],\"@id\":\"https:\\\/\\\/www.raxxa.com\\\/shop\\\/raxxa-premium-tischset-abstract-leaves\\\/\",\"url\":\"https:\\\/\\\/www.raxxa.com\\\/shop\\\/raxxa-premium-tischset-abstract-leaves\\\/\",\"name\":\"raxxa Premium-Tischset: Abstract leaves - raxxa\",\"isPartOf\":{\"@id\":\"https:\\\/\\\/www.raxxa.com\\\/#website\"},\"primaryImageOfPage\":{\"@id\":\"https:\\\/\\\/www.raxxa.com\\\/shop\\\/raxxa-premium-tischset-abstract-leaves\\\/#primaryimage\"},\"image\":{\"@id\":\"https:\\\/\\\/www.raxxa.com\\\/shop\\\/raxxa-premium-tischset-abstract-leaves\\\/#primaryimage\"},\"thumbnailUrl\":\"https:\\\/\\\/www.raxxa.com\\\/wp-content\\\/uploads\\\/2024\\\/06\\\/315_16912_Abstract-leaves-Sylvia-Eder_tischset3_shop.png\",\"datePublished\":\"2024-06-15T07:25:13+00:00\",\"dateModified\":\"2024-07-29T06:03:39+00:00\",\"breadcrumb\":{\"@id\":\"https:\\\/\\\/www.raxxa.com\\\/shop\\\/raxxa-premium-tischset-abstract-leaves\\\/#breadcrumb\"},\"inLanguage\":\"en-US\",\"potentialAction\":[{\"@type\":\"ReadAction\",\"target\":[\"https:\\\/\\\/www.raxxa.com\\\/shop\\\/raxxa-premium-tischset-abstract-leaves\\\/\"]}]},{\"@type\":\"ImageObject\",\"inLanguage\":\"en-US\",\"@id\":\"https:\\\/\\\/www.raxxa.com\\\/shop\\\/raxxa-premium-tischset-abstract-leaves\\\/#primaryimage\",\"url\":\"https:\\\/\\\/www.raxxa.com\\\/wp-content\\\/uploads\\\/2024\\\/06\\\/315_16912_Abstract-leaves-Sylvia-Eder_tischset3_shop.png\",\"contentUrl\":\"https:\\\/\\\/www.raxxa.com\\\/wp-content\\\/uploads\\\/2024\\\/06\\\/315_16912_Abstract-leaves-Sylvia-Eder_tischset3_shop.png\",\"width\":2350,\"height\":1827},{\"@type\":\"BreadcrumbList\",\"@id\":\"https:\\\/\\\/www.raxxa.com\\\/shop\\\/raxxa-premium-tischset-abstract-leaves\\\/#breadcrumb\",\"itemListElement\":[{\"@type\":\"ListItem\",\"position\":1,\"name\":\"Startseite\",\"item\":\"https:\\\/\\\/www.raxxa.com\\\/\"},{\"@type\":\"ListItem\",\"position\":2,\"name\":\"Shop\",\"item\":\"https:\\\/\\\/www.raxxa.com\\\/it\\\/shop\\\/\"},{\"@type\":\"ListItem\",\"position\":3,\"name\":\"raxxa Premium-Tischset: Abstract leaves\"}]},{\"@type\":\"WebSite\",\"@id\":\"https:\\\/\\\/www.raxxa.com\\\/#website\",\"url\":\"https:\\\/\\\/www.raxxa.com\\\/\",\"name\":\"raxxa\",\"description\":\"Einzigartige individuelle Produkte von unseren Designern\",\"publisher\":{\"@id\":\"https:\\\/\\\/www.raxxa.com\\\/#organization\"},\"potentialAction\":[{\"@type\":\"SearchAction\",\"target\":{\"@type\":\"EntryPoint\",\"urlTemplate\":\"https:\\\/\\\/www.raxxa.com\\\/?s={search_term_string}\"},\"query-input\":{\"@type\":\"PropertyValueSpecification\",\"valueRequired\":true,\"valueName\":\"search_term_string\"}}],\"inLanguage\":\"en-US\"},{\"@type\":\"Organization\",\"@id\":\"https:\\\/\\\/www.raxxa.com\\\/#organization\",\"name\":\"raxxa\",\"url\":\"https:\\\/\\\/www.raxxa.com\\\/\",\"logo\":{\"@type\":\"ImageObject\",\"inLanguage\":\"en-US\",\"@id\":\"https:\\\/\\\/www.raxxa.com\\\/#\\\/schema\\\/logo\\\/image\\\/\",\"url\":\"https:\\\/\\\/www.raxxa.com\\\/wp-content\\\/uploads\\\/2022\\\/07\\\/logo_v2.png\",\"contentUrl\":\"https:\\\/\\\/www.raxxa.com\\\/wp-content\\\/uploads\\\/2022\\\/07\\\/logo_v2.png\",\"width\":380,\"height\":382,\"caption\":\"raxxa\"},\"image\":{\"@id\":\"https:\\\/\\\/www.raxxa.com\\\/#\\\/schema\\\/logo\\\/image\\\/\"},\"sameAs\":[\"https:\\\/\\\/facebook.com\\\/raxxacom\"]}]}<\/script>\n<meta property=\"og:availability\" content=\"instock\" \/>\n<meta property=\"product:availability\" content=\"instock\" \/>\n<meta property=\"product:retailer_item_id\" content=\"1-6-16912-315\" \/>\n<meta property=\"product:condition\" content=\"new\" \/>\n<!-- \/ Yoast SEO Premium plugin. -->","yoast_head_json":{"title":"raxxa Premium-Tischset: Abstract leaves - raxxa","robots":{"index":"index","follow":"follow","max-snippet":"max-snippet:-1","max-image-preview":"max-image-preview:large","max-video-preview":"max-video-preview:-1"},"canonical":"https:\/\/www.raxxa.com\/en\/shop\/raxxa-premium-tischset-abstract-leaves\/","og_locale":"en_US","og_type":"article","og_title":"raxxa Premium-Tischset: Abstract leaves","og_description":"&quot;Abstract leaves&quot; by Sylvia Eder Entdecken Sie dieses lebendige Kunstwerk mit abstrakten Bl\u00e4ttern in farbenfrohen T\u00f6nen. Die dynamische Farbpalette und die organischen Formen bringen Frische und Vitalit\u00e4t in jeden Raum. Lassen Sie sich von der Energie und Kreativit\u00e4t dieses Bildes inspirieren. Ein Highlight und Hingucker, dass ihren Freunden zeigt, dass Sie einen hervorragenden Geschmack f\u00fcr [&hellip;]","og_url":"https:\/\/www.raxxa.com\/en\/shop\/raxxa-premium-tischset-abstract-leaves\/","og_site_name":"raxxa","article_publisher":"https:\/\/facebook.com\/raxxacom","article_modified_time":"2024-07-29T06:03:39+00:00","og_image":[{"width":1024,"height":796,"url":"https:\/\/www.raxxa.com\/wp-content\/uploads\/2024\/06\/315_16912_Abstract-leaves-Sylvia-Eder_tischset3_shop-1024x796.png","type":"image\/png"}],"twitter_card":"summary_large_image","twitter_misc":{"Availability":"In stock"},"schema":{"@context":"https:\/\/schema.org","@graph":[{"@type":["WebPage","ItemPage"],"@id":"https:\/\/www.raxxa.com\/shop\/raxxa-premium-tischset-abstract-leaves\/","url":"https:\/\/www.raxxa.com\/shop\/raxxa-premium-tischset-abstract-leaves\/","name":"raxxa Premium-Tischset: Abstract leaves - raxxa","isPartOf":{"@id":"https:\/\/www.raxxa.com\/#website"},"primaryImageOfPage":{"@id":"https:\/\/www.raxxa.com\/shop\/raxxa-premium-tischset-abstract-leaves\/#primaryimage"},"image":{"@id":"https:\/\/www.raxxa.com\/shop\/raxxa-premium-tischset-abstract-leaves\/#primaryimage"},"thumbnailUrl":"https:\/\/www.raxxa.com\/wp-content\/uploads\/2024\/06\/315_16912_Abstract-leaves-Sylvia-Eder_tischset3_shop.png","datePublished":"2024-06-15T07:25:13+00:00","dateModified":"2024-07-29T06:03:39+00:00","breadcrumb":{"@id":"https:\/\/www.raxxa.com\/shop\/raxxa-premium-tischset-abstract-leaves\/#breadcrumb"},"inLanguage":"en-US","potentialAction":[{"@type":"ReadAction","target":["https:\/\/www.raxxa.com\/shop\/raxxa-premium-tischset-abstract-leaves\/"]}]},{"@type":"ImageObject","inLanguage":"en-US","@id":"https:\/\/www.raxxa.com\/shop\/raxxa-premium-tischset-abstract-leaves\/#primaryimage","url":"https:\/\/www.raxxa.com\/wp-content\/uploads\/2024\/06\/315_16912_Abstract-leaves-Sylvia-Eder_tischset3_shop.png","contentUrl":"https:\/\/www.raxxa.com\/wp-content\/uploads\/2024\/06\/315_16912_Abstract-leaves-Sylvia-Eder_tischset3_shop.png","width":2350,"height":1827},{"@type":"BreadcrumbList","@id":"https:\/\/www.raxxa.com\/shop\/raxxa-premium-tischset-abstract-leaves\/#breadcrumb","itemListElement":[{"@type":"ListItem","position":1,"name":"Startseite","item":"https:\/\/www.raxxa.com\/"},{"@type":"ListItem","position":2,"name":"Shop","item":"https:\/\/www.raxxa.com\/it\/shop\/"},{"@type":"ListItem","position":3,"name":"raxxa Premium-Tischset: Abstract leaves"}]},{"@type":"WebSite","@id":"https:\/\/www.raxxa.com\/#website","url":"https:\/\/www.raxxa.com\/","name":"raxxa","description":"Unique individual products from our designers","publisher":{"@id":"https:\/\/www.raxxa.com\/#organization"},"potentialAction":[{"@type":"SearchAction","target":{"@type":"EntryPoint","urlTemplate":"https:\/\/www.raxxa.com\/?s={search_term_string}"},"query-input":{"@type":"PropertyValueSpecification","valueRequired":true,"valueName":"search_term_string"}}],"inLanguage":"en-US"},{"@type":"Organization","@id":"https:\/\/www.raxxa.com\/#organization","name":"raxxa","url":"https:\/\/www.raxxa.com\/","logo":{"@type":"ImageObject","inLanguage":"en-US","@id":"https:\/\/www.raxxa.com\/#\/schema\/logo\/image\/","url":"https:\/\/www.raxxa.com\/wp-content\/uploads\/2022\/07\/logo_v2.png","contentUrl":"https:\/\/www.raxxa.com\/wp-content\/uploads\/2022\/07\/logo_v2.png","width":380,"height":382,"caption":"raxxa"},"image":{"@id":"https:\/\/www.raxxa.com\/#\/schema\/logo\/image\/"},"sameAs":["https:\/\/facebook.com\/raxxacom"]}]},"og_availability":"instock","product_availability":"instock","product_retailer_item_id":"1-6-16912-315","product_condition":"new"},"jetpack_sharing_enabled":true,"_links":{"self":[{"href":"https:\/\/www.raxxa.com\/en\/wp-json\/wp\/v2\/product\/197169","targetHints":{"allow":["GET"]}}],"collection":[{"href":"https:\/\/www.raxxa.com\/en\/wp-json\/wp\/v2\/product"}],"about":[{"href":"https:\/\/www.raxxa.com\/en\/wp-json\/wp\/v2\/types\/product"}],"replies":[{"embeddable":true,"href":"https:\/\/www.raxxa.com\/en\/wp-json\/wp\/v2\/comments?post=197169"}],"wp:featuredmedia":[{"embeddable":true,"href":"https:\/\/www.raxxa.com\/en\/wp-json\/wp\/v2\/media\/197210"}],"wp:attachment":[{"href":"https:\/\/www.raxxa.com\/en\/wp-json\/wp\/v2\/media?parent=197169"}],"wp:term":[{"taxonomy":"product_brand","embeddable":true,"href":"https:\/\/www.raxxa.com\/en\/wp-json\/wp\/v2\/product_brand?post=197169"},{"taxonomy":"product_cat","embeddable":true,"href":"https:\/\/www.raxxa.com\/en\/wp-json\/wp\/v2\/product_cat?post=197169"},{"taxonomy":"product_tag","embeddable":true,"href":"https:\/\/www.raxxa.com\/en\/wp-json\/wp\/v2\/product_tag?post=197169"}],"curies":[{"name":"wp","href":"https:\/\/api.w.org\/{rel}","templated":true}]}}