{"id":183224,"date":"2024-01-17T14:00:08","date_gmt":"2024-01-17T12:00:08","guid":{"rendered":"https:\/\/www.raxxa.com\/shop\/raxxa-premium-puzzle-farbenpraechtiges-vogel-paradies\/"},"modified":"2024-01-28T21:52:09","modified_gmt":"2024-01-28T19:52:09","slug":"raxxa-premium-puzzle-farbenpraechtiges-vogel-paradies","status":"publish","type":"product","link":"https:\/\/www.raxxa.com\/en\/shop\/raxxa-premium-puzzle-farbenpraechtiges-vogel-paradies\/","title":{"rendered":"raxxa premium puzzle: Colorful bird paradise"},"content":{"rendered":"<p><span style=\"color: rgb(0, 0, 0); font-family: helvetica, sans-serif; font-size: 24px;\">raxxa premium photo puzzle<\/span><\/p>\n<div><span style=\"font-weight: bolder;color: rgb(0, 0, 0);\">\"Colorful bird paradise\" by Uta Naumann<\/span><\/div>\n<div><span style=\"font-weight: bolder;\"><br \/><\/span><\/div>\n<div><span style=\"font-size: 1rem;color: rgb(0, 0, 0);\">A nostalgic vintage design transports you to a bygone era of tropical splendor and exoticism. Colorful birds with majestic feathers and melodic song fly over lush flowers and plants that blossom in vibrant colors. This pattern exudes a timeless, luxurious atmosphere and invites viewers to immerse themselves in the fascinating world of tropical beauty and exotic wildlife, where nature shines in all its splendor and evokes nostalgic memories of times gone by.<\/span><\/div>\n<div><\/div>\n<p><\/p>\n<div>\n<ul class=\"list-normal\" style=\"margin-right: 0px; margin-left: 0px; padding: 0px 0px 0px 1rem; border: 0px; text-size-adjust: none; list-style: inside none square; line-height: 26px;\">\n<li style=\"color: rgb(51, 51, 51); font-family: Lato_Light, sans-serif; font-size: 14.4px; margin: 0px; padding: 0px; border: 0px; text-size-adjust: none;\">1000 parts = W 68 x H 48 cm, puzzle pieces approx. 1.9 x 1.6 cm.<\/li>\n<li style=\"color: rgb(51, 51, 51); font-family: Lato_Light, sans-serif; font-size: 14.4px; margin: 0px; padding: 0px; border: 0px; text-size-adjust: none;\">Real blue premium puzzle board with 1.9 mm thickness. The puzzle pieces interlock perfectly.<\/li>\n<li style=\"color: rgb(51, 51, 51); font-family: Lato_Light, sans-serif; font-size: 14.4px; margin: 0px; padding: 0px; border: 0px; text-size-adjust: none;\">Highest HD print quality for fine color gradations as well as brilliant bright colors on high-quality cardboard for the finest representation of details.<\/li>\n<li style=\"color: rgb(51, 51, 51); font-family: Lato_Light, sans-serif; font-size: 14.4px; margin: 0px; padding: 0px; border: 0px; text-size-adjust: none;\">Slip lid box, fine embossed linen paper with a water based protective varnish for better box durability.<\/li>\n<li style=\"color: rgb(51, 51, 51); font-family: Lato_Light, sans-serif; font-size: 14.4px; margin: 0px; padding: 0px; border: 0px; text-size-adjust: none;\">completely climate-neutral production, FSC<\/li>\n<li style=\"color: rgb(51, 51, 51); font-family: Lato_Light, sans-serif; font-size: 14.4px; margin: 0px; padding: 0px; border: 0px; text-size-adjust: none;\">Made in Germany<\/li>\n<\/ul>\n<p><\/p>\n<p style=\"margin-right: 0px; margin-bottom: 0px; margin-left: 0px; padding: 0px; border: 0px; text-size-adjust: none;\"><\/p>\n<p style=\"margin-right: 0px; margin-bottom: 0px; margin-left: 0px; padding: 0px; border: 0px; text-size-adjust: none;\"><span style=\"font-size: 1rem;\">A real unique specimen. Your desired motif will be produced and shipped only after receipt of order especially for you.<\/span><\/p>\n<p style=\"margin-right: 0px; margin-bottom: 0px; margin-left: 0px; padding: 0px; border: 0px; text-size-adjust: none;\"><span style=\"font-size: 1rem;\">Caution: Choking hazard due to small parts that may be swallowed.<\/span><\/p>\n<\/div>","protected":false},"excerpt":{"rendered":"<p>raxxa Premium-Fotopuzzle &#8222;Farbenpr\u00e4chtiges Vogel Paradies&#8220; by Uta Naumann Ein nostalgisches Vintage-Design entf\u00fchrt Sie in eine vergangene \u00c4ra der tropischen Pracht und Exotik. Farbenfrohe V\u00f6gel mit majest\u00e4tischen Federn und melodischem Gesang fliegen \u00fcber \u00fcppige Blumen und Pflanzen, die in lebendigen Farben erbl\u00fchen. Dieses Muster strahlt eine zeitlose, luxuri\u00f6se Atmosph\u00e4re aus und l\u00e4dt die Betrachter ein, in [&hellip;]<\/p>\n","protected":false},"featured_media":183223,"comment_status":"open","ping_status":"closed","template":"","meta":[],"product_brand":[],"product_cat":[136,11218,10365],"product_tag":[11719],"class_list":{"0":"post-183224","1":"product","2":"type-product","3":"status-publish","4":"has-post-thumbnail","6":"product_cat-natur","7":"product_cat-uta-naumann","8":"product_cat-puzzle","9":"product_tag-vintage-retro-exotisch-tropisch-blumen-bluete-floral-botanisch-natur-dschungel-regenwald-garten-wald-illustration-collage-muster-boho-luxuroes-ueppig-safari-nostalgisch-nostalgie-vogel-voegel-obst-fru","10":"product_shipping_class-versand-puzzle","12":"first","13":"instock","14":"taxable","15":"shipping-taxable","16":"purchasable","17":"product-type-simple"},"yoast_head":"<!-- This site is optimized with the Yoast SEO Premium plugin v27.5 (Yoast SEO v27.6) - https:\/\/yoast.com\/product\/yoast-seo-premium-wordpress\/ -->\n<title>raxxa Premium-Puzzle: Farbenpr\u00e4chtiges Vogel Paradies - raxxa<\/title>\n<meta name=\"robots\" content=\"index, follow, max-snippet:-1, max-image-preview:large, max-video-preview:-1\" \/>\n<link rel=\"canonical\" href=\"https:\/\/www.raxxa.com\/en\/shop\/raxxa-premium-puzzle-farbenpraechtiges-vogel-paradies\/\" \/>\n<meta property=\"og:locale\" content=\"en_US\" \/>\n<meta property=\"og:type\" content=\"article\" \/>\n<meta property=\"og:title\" content=\"raxxa Premium-Puzzle: Farbenpr\u00e4chtiges Vogel Paradies\" \/>\n<meta property=\"og:description\" content=\"raxxa Premium-Fotopuzzle &#8222;Farbenpr\u00e4chtiges Vogel Paradies&#8220; by Uta Naumann Ein nostalgisches Vintage-Design entf\u00fchrt Sie in eine vergangene \u00c4ra der tropischen Pracht und Exotik. Farbenfrohe V\u00f6gel mit majest\u00e4tischen Federn und melodischem Gesang fliegen \u00fcber \u00fcppige Blumen und Pflanzen, die in lebendigen Farben erbl\u00fchen. Dieses Muster strahlt eine zeitlose, luxuri\u00f6se Atmosph\u00e4re aus und l\u00e4dt die Betrachter ein, in [&hellip;]\" \/>\n<meta property=\"og:url\" content=\"https:\/\/www.raxxa.com\/en\/shop\/raxxa-premium-puzzle-farbenpraechtiges-vogel-paradies\/\" \/>\n<meta property=\"og:site_name\" content=\"raxxa\" \/>\n<meta property=\"article:publisher\" content=\"https:\/\/facebook.com\/raxxacom\" \/>\n<meta property=\"article:modified_time\" content=\"2024-01-28T19:52:09+00:00\" \/>\n<meta property=\"og:image\" content=\"https:\/\/www.raxxa.com\/wp-content\/uploads\/2024\/01\/raxxa-puzzle-282-7481-Uta-Naumann-Farbenprachtiges-Vogel-Paradies-box.png\" \/>\n\t<meta property=\"og:image:width\" content=\"2400\" \/>\n\t<meta property=\"og:image:height\" content=\"1600\" \/>\n\t<meta property=\"og:image:type\" content=\"image\/png\" \/>\n<meta name=\"twitter:card\" content=\"summary_large_image\" \/>\n<meta name=\"twitter:label1\" content=\"Price\" \/>\n\t<meta name=\"twitter:data1\" content=\"&euro;29,99\" \/>\n\t<meta name=\"twitter:label2\" content=\"Availability\" \/>\n\t<meta name=\"twitter:data2\" content=\"In stock\" \/>\n<script type=\"application\/ld+json\" class=\"yoast-schema-graph\">{\"@context\":\"https:\\\/\\\/schema.org\",\"@graph\":[{\"@type\":[\"WebPage\",\"ItemPage\"],\"@id\":\"https:\\\/\\\/www.raxxa.com\\\/en\\\/shop\\\/raxxa-premium-puzzle-farbenpraechtiges-vogel-paradies\\\/\",\"url\":\"https:\\\/\\\/www.raxxa.com\\\/en\\\/shop\\\/raxxa-premium-puzzle-farbenpraechtiges-vogel-paradies\\\/\",\"name\":\"raxxa Premium-Puzzle: Farbenpr\u00e4chtiges Vogel Paradies - raxxa\",\"isPartOf\":{\"@id\":\"https:\\\/\\\/www.raxxa.com\\\/#website\"},\"primaryImageOfPage\":{\"@id\":\"https:\\\/\\\/www.raxxa.com\\\/en\\\/shop\\\/raxxa-premium-puzzle-farbenpraechtiges-vogel-paradies\\\/#primaryimage\"},\"image\":{\"@id\":\"https:\\\/\\\/www.raxxa.com\\\/en\\\/shop\\\/raxxa-premium-puzzle-farbenpraechtiges-vogel-paradies\\\/#primaryimage\"},\"thumbnailUrl\":\"https:\\\/\\\/www.raxxa.com\\\/wp-content\\\/uploads\\\/2024\\\/01\\\/raxxa-puzzle-282-7481-Uta-Naumann-Farbenprachtiges-Vogel-Paradies-box.png\",\"datePublished\":\"2024-01-17T12:00:08+00:00\",\"dateModified\":\"2024-01-28T19:52:09+00:00\",\"breadcrumb\":{\"@id\":\"https:\\\/\\\/www.raxxa.com\\\/en\\\/shop\\\/raxxa-premium-puzzle-farbenpraechtiges-vogel-paradies\\\/#breadcrumb\"},\"inLanguage\":\"en-US\",\"potentialAction\":[{\"@type\":\"ReadAction\",\"target\":[\"https:\\\/\\\/www.raxxa.com\\\/en\\\/shop\\\/raxxa-premium-puzzle-farbenpraechtiges-vogel-paradies\\\/\"]}]},{\"@type\":\"ImageObject\",\"inLanguage\":\"en-US\",\"@id\":\"https:\\\/\\\/www.raxxa.com\\\/en\\\/shop\\\/raxxa-premium-puzzle-farbenpraechtiges-vogel-paradies\\\/#primaryimage\",\"url\":\"https:\\\/\\\/www.raxxa.com\\\/wp-content\\\/uploads\\\/2024\\\/01\\\/raxxa-puzzle-282-7481-Uta-Naumann-Farbenprachtiges-Vogel-Paradies-box.png\",\"contentUrl\":\"https:\\\/\\\/www.raxxa.com\\\/wp-content\\\/uploads\\\/2024\\\/01\\\/raxxa-puzzle-282-7481-Uta-Naumann-Farbenprachtiges-Vogel-Paradies-box.png\",\"width\":2400,\"height\":1600},{\"@type\":\"BreadcrumbList\",\"@id\":\"https:\\\/\\\/www.raxxa.com\\\/en\\\/shop\\\/raxxa-premium-puzzle-farbenpraechtiges-vogel-paradies\\\/#breadcrumb\",\"itemListElement\":[{\"@type\":\"ListItem\",\"position\":1,\"name\":\"Startseite\",\"item\":\"https:\\\/\\\/www.raxxa.com\\\/\"},{\"@type\":\"ListItem\",\"position\":2,\"name\":\"Shop\",\"item\":\"https:\\\/\\\/www.raxxa.com\\\/it\\\/shop\\\/\"},{\"@type\":\"ListItem\",\"position\":3,\"name\":\"raxxa Premium-Puzzle: Farbenpr\u00e4chtiges Vogel Paradies\"}]},{\"@type\":\"WebSite\",\"@id\":\"https:\\\/\\\/www.raxxa.com\\\/#website\",\"url\":\"https:\\\/\\\/www.raxxa.com\\\/\",\"name\":\"raxxa\",\"description\":\"Einzigartige individuelle Produkte von unseren Designern\",\"publisher\":{\"@id\":\"https:\\\/\\\/www.raxxa.com\\\/#organization\"},\"potentialAction\":[{\"@type\":\"SearchAction\",\"target\":{\"@type\":\"EntryPoint\",\"urlTemplate\":\"https:\\\/\\\/www.raxxa.com\\\/?s={search_term_string}\"},\"query-input\":{\"@type\":\"PropertyValueSpecification\",\"valueRequired\":true,\"valueName\":\"search_term_string\"}}],\"inLanguage\":\"en-US\"},{\"@type\":\"Organization\",\"@id\":\"https:\\\/\\\/www.raxxa.com\\\/#organization\",\"name\":\"raxxa\",\"url\":\"https:\\\/\\\/www.raxxa.com\\\/\",\"logo\":{\"@type\":\"ImageObject\",\"inLanguage\":\"en-US\",\"@id\":\"https:\\\/\\\/www.raxxa.com\\\/#\\\/schema\\\/logo\\\/image\\\/\",\"url\":\"https:\\\/\\\/www.raxxa.com\\\/wp-content\\\/uploads\\\/2022\\\/07\\\/logo_v2.png\",\"contentUrl\":\"https:\\\/\\\/www.raxxa.com\\\/wp-content\\\/uploads\\\/2022\\\/07\\\/logo_v2.png\",\"width\":380,\"height\":382,\"caption\":\"raxxa\"},\"image\":{\"@id\":\"https:\\\/\\\/www.raxxa.com\\\/#\\\/schema\\\/logo\\\/image\\\/\"},\"sameAs\":[\"https:\\\/\\\/facebook.com\\\/raxxacom\"]}]}<\/script>\n<meta property=\"product:price:amount\" content=\"29.99\" \/>\n<meta property=\"product:price:currency\" content=\"EUR\" \/>\n<meta property=\"og:availability\" content=\"instock\" \/>\n<meta property=\"product:availability\" content=\"instock\" \/>\n<meta property=\"product:retailer_item_id\" content=\"1-14270-7481-282\" \/>\n<meta property=\"product:condition\" content=\"new\" \/>\n<!-- \/ Yoast SEO Premium plugin. -->","yoast_head_json":{"title":"raxxa Premium Puzzle: Colorful bird paradise - raxxa","robots":{"index":"index","follow":"follow","max-snippet":"max-snippet:-1","max-image-preview":"max-image-preview:large","max-video-preview":"max-video-preview:-1"},"canonical":"https:\/\/www.raxxa.com\/en\/shop\/raxxa-premium-puzzle-farbenpraechtiges-vogel-paradies\/","og_locale":"en_US","og_type":"article","og_title":"raxxa Premium-Puzzle: Farbenpr\u00e4chtiges Vogel Paradies","og_description":"raxxa Premium-Fotopuzzle &#8222;Farbenpr\u00e4chtiges Vogel Paradies&#8220; by Uta Naumann Ein nostalgisches Vintage-Design entf\u00fchrt Sie in eine vergangene \u00c4ra der tropischen Pracht und Exotik. Farbenfrohe V\u00f6gel mit majest\u00e4tischen Federn und melodischem Gesang fliegen \u00fcber \u00fcppige Blumen und Pflanzen, die in lebendigen Farben erbl\u00fchen. Dieses Muster strahlt eine zeitlose, luxuri\u00f6se Atmosph\u00e4re aus und l\u00e4dt die Betrachter ein, in [&hellip;]","og_url":"https:\/\/www.raxxa.com\/en\/shop\/raxxa-premium-puzzle-farbenpraechtiges-vogel-paradies\/","og_site_name":"raxxa","article_publisher":"https:\/\/facebook.com\/raxxacom","article_modified_time":"2024-01-28T19:52:09+00:00","og_image":[{"width":2400,"height":1600,"url":"https:\/\/www.raxxa.com\/wp-content\/uploads\/2024\/01\/raxxa-puzzle-282-7481-Uta-Naumann-Farbenprachtiges-Vogel-Paradies-box.png","type":"image\/png"}],"twitter_card":"summary_large_image","twitter_misc":{"Price":"&euro;29,99","Availability":"In stock"},"schema":{"@context":"https:\/\/schema.org","@graph":[{"@type":["WebPage","ItemPage"],"@id":"https:\/\/www.raxxa.com\/en\/shop\/raxxa-premium-puzzle-farbenpraechtiges-vogel-paradies\/","url":"https:\/\/www.raxxa.com\/en\/shop\/raxxa-premium-puzzle-farbenpraechtiges-vogel-paradies\/","name":"raxxa Premium Puzzle: Colorful bird paradise - raxxa","isPartOf":{"@id":"https:\/\/www.raxxa.com\/#website"},"primaryImageOfPage":{"@id":"https:\/\/www.raxxa.com\/en\/shop\/raxxa-premium-puzzle-farbenpraechtiges-vogel-paradies\/#primaryimage"},"image":{"@id":"https:\/\/www.raxxa.com\/en\/shop\/raxxa-premium-puzzle-farbenpraechtiges-vogel-paradies\/#primaryimage"},"thumbnailUrl":"https:\/\/www.raxxa.com\/wp-content\/uploads\/2024\/01\/raxxa-puzzle-282-7481-Uta-Naumann-Farbenprachtiges-Vogel-Paradies-box.png","datePublished":"2024-01-17T12:00:08+00:00","dateModified":"2024-01-28T19:52:09+00:00","breadcrumb":{"@id":"https:\/\/www.raxxa.com\/en\/shop\/raxxa-premium-puzzle-farbenpraechtiges-vogel-paradies\/#breadcrumb"},"inLanguage":"en-US","potentialAction":[{"@type":"ReadAction","target":["https:\/\/www.raxxa.com\/en\/shop\/raxxa-premium-puzzle-farbenpraechtiges-vogel-paradies\/"]}]},{"@type":"ImageObject","inLanguage":"en-US","@id":"https:\/\/www.raxxa.com\/en\/shop\/raxxa-premium-puzzle-farbenpraechtiges-vogel-paradies\/#primaryimage","url":"https:\/\/www.raxxa.com\/wp-content\/uploads\/2024\/01\/raxxa-puzzle-282-7481-Uta-Naumann-Farbenprachtiges-Vogel-Paradies-box.png","contentUrl":"https:\/\/www.raxxa.com\/wp-content\/uploads\/2024\/01\/raxxa-puzzle-282-7481-Uta-Naumann-Farbenprachtiges-Vogel-Paradies-box.png","width":2400,"height":1600},{"@type":"BreadcrumbList","@id":"https:\/\/www.raxxa.com\/en\/shop\/raxxa-premium-puzzle-farbenpraechtiges-vogel-paradies\/#breadcrumb","itemListElement":[{"@type":"ListItem","position":1,"name":"Startseite","item":"https:\/\/www.raxxa.com\/"},{"@type":"ListItem","position":2,"name":"Shop","item":"https:\/\/www.raxxa.com\/it\/shop\/"},{"@type":"ListItem","position":3,"name":"raxxa Premium-Puzzle: Farbenpr\u00e4chtiges Vogel Paradies"}]},{"@type":"WebSite","@id":"https:\/\/www.raxxa.com\/#website","url":"https:\/\/www.raxxa.com\/","name":"raxxa","description":"Unique individual products from our designers","publisher":{"@id":"https:\/\/www.raxxa.com\/#organization"},"potentialAction":[{"@type":"SearchAction","target":{"@type":"EntryPoint","urlTemplate":"https:\/\/www.raxxa.com\/?s={search_term_string}"},"query-input":{"@type":"PropertyValueSpecification","valueRequired":true,"valueName":"search_term_string"}}],"inLanguage":"en-US"},{"@type":"Organization","@id":"https:\/\/www.raxxa.com\/#organization","name":"raxxa","url":"https:\/\/www.raxxa.com\/","logo":{"@type":"ImageObject","inLanguage":"en-US","@id":"https:\/\/www.raxxa.com\/#\/schema\/logo\/image\/","url":"https:\/\/www.raxxa.com\/wp-content\/uploads\/2022\/07\/logo_v2.png","contentUrl":"https:\/\/www.raxxa.com\/wp-content\/uploads\/2022\/07\/logo_v2.png","width":380,"height":382,"caption":"raxxa"},"image":{"@id":"https:\/\/www.raxxa.com\/#\/schema\/logo\/image\/"},"sameAs":["https:\/\/facebook.com\/raxxacom"]}]},"product_price_amount":"29.99","product_price_currency":"EUR","og_availability":"instock","product_availability":"instock","product_retailer_item_id":"1-14270-7481-282","product_condition":"new"},"jetpack_sharing_enabled":true,"_links":{"self":[{"href":"https:\/\/www.raxxa.com\/en\/wp-json\/wp\/v2\/product\/183224","targetHints":{"allow":["GET"]}}],"collection":[{"href":"https:\/\/www.raxxa.com\/en\/wp-json\/wp\/v2\/product"}],"about":[{"href":"https:\/\/www.raxxa.com\/en\/wp-json\/wp\/v2\/types\/product"}],"replies":[{"embeddable":true,"href":"https:\/\/www.raxxa.com\/en\/wp-json\/wp\/v2\/comments?post=183224"}],"wp:featuredmedia":[{"embeddable":true,"href":"https:\/\/www.raxxa.com\/en\/wp-json\/wp\/v2\/media\/183223"}],"wp:attachment":[{"href":"https:\/\/www.raxxa.com\/en\/wp-json\/wp\/v2\/media?parent=183224"}],"wp:term":[{"taxonomy":"product_brand","embeddable":true,"href":"https:\/\/www.raxxa.com\/en\/wp-json\/wp\/v2\/product_brand?post=183224"},{"taxonomy":"product_cat","embeddable":true,"href":"https:\/\/www.raxxa.com\/en\/wp-json\/wp\/v2\/product_cat?post=183224"},{"taxonomy":"product_tag","embeddable":true,"href":"https:\/\/www.raxxa.com\/en\/wp-json\/wp\/v2\/product_tag?post=183224"}],"curies":[{"name":"wp","href":"https:\/\/api.w.org\/{rel}","templated":true}]}}