{"id":181411,"date":"2023-12-14T20:34:25","date_gmt":"2023-12-14T18:34:25","guid":{"rendered":"https:\/\/www.raxxa.com\/?post_type=product&#038;p=181411"},"modified":"2024-01-15T08:47:41","modified_gmt":"2024-01-15T06:47:41","slug":"poster-maya-bay-koh-phi-phi-island-thailand","status":"publish","type":"product","link":"https:\/\/www.raxxa.com\/en\/shop\/poster-maya-bay-koh-phi-phi-island-thailand\/","title":{"rendered":"Poster: Maya Bay - Koh Phi Phi Island Thailand"},"content":{"rendered":"<h3><strong>\"Maya Bay - Koh Phi Phi Island Thailand\" by Frank L\u00f6hmer<\/strong><\/h3>\n<p><strong><\/strong><\/p>\n<p>Famous white sandy beach with clear water, known as the location of a successful Hollywood film in the south of Thailand, Koh Phi Phi islands<\/p>\n<p>Tourists are no longer allowed to swim in the bays beautiful waters as it could affect the shark population. Motor boats are also banned from the bay and there is now a cap on visitor numbers during the day. During the high season before Maya Bay closed, the beach saw up to 5,000 visitors a day. And now you can see another little baby shark from the beach.<\/p>\n<p>&nbsp;<\/p>\n<ul><li>Museum quality poster on durable matte (uncoated) archival paper.<\/li><li>Paper weight: 250 g \/ m\u00b2.<\/li><li>Shipped in a sturdy package to protect the poster.<\/li><li>This product can be made especially for you in the size and design you require.<\/li><\/ul>","protected":false},"excerpt":{"rendered":"<p>&quot;Maya Bay &#8211; Koh Phi Phi Island Thailand&quot; by Frank L\u00f6hmer Ber\u00fchmter wei\u00dfer Sandstrand mit klarem Wasser, bekannt als Drehort eines erfolgreichen Hollywood-Films im S\u00fcden Thailands, Inseln Koh Phi Phi Tourists are no longer allowed to swim in the bays beautiful waters as it could affect the shark population. Motor boats are also banned from [&hellip;]<\/p>\n","protected":false},"featured_media":181455,"comment_status":"open","ping_status":"closed","template":"","meta":[],"product_brand":[],"product_cat":[11575,11572,10378],"product_tag":[11626],"class_list":{"0":"post-181411","1":"product","2":"type-product","3":"status-publish","4":"has-post-thumbnail","6":"product_cat-gebaeude-architektur","7":"product_cat-loehmer-frank","8":"product_cat-poster","9":"product_tag-mayabay-hollywood-thailand-kohphiphi-ammeer-pasific-tihiocean-ocean-reiseziel","10":"product_shipping_class-versand-t-shirts1","12":"first","13":"instock","14":"taxable","15":"shipping-taxable","16":"purchasable","17":"product-type-variable"},"yoast_head":"<!-- This site is optimized with the Yoast SEO Premium plugin v27.2 (Yoast SEO v27.3) - https:\/\/yoast.com\/product\/yoast-seo-premium-wordpress\/ -->\n<title>Poster: Maya Bay - Koh Phi Phi Island Thailand - raxxa<\/title>\n<meta name=\"robots\" content=\"index, follow, max-snippet:-1, max-image-preview:large, max-video-preview:-1\" \/>\n<link rel=\"canonical\" href=\"https:\/\/www.raxxa.com\/en\/shop\/poster-maya-bay-koh-phi-phi-island-thailand\/\" \/>\n<meta property=\"og:locale\" content=\"en_US\" \/>\n<meta property=\"og:type\" content=\"article\" \/>\n<meta property=\"og:title\" content=\"Poster: Maya Bay - Koh Phi Phi Island Thailand\" \/>\n<meta property=\"og:description\" content=\"&quot;Maya Bay &#8211; Koh Phi Phi Island Thailand&quot; by Frank L\u00f6hmer Ber\u00fchmter wei\u00dfer Sandstrand mit klarem Wasser, bekannt als Drehort eines erfolgreichen Hollywood-Films im S\u00fcden Thailands, Inseln Koh Phi Phi Tourists are no longer allowed to swim in the bays beautiful waters as it could affect the shark population. Motor boats are also banned from [&hellip;]\" \/>\n<meta property=\"og:url\" content=\"https:\/\/www.raxxa.com\/en\/shop\/poster-maya-bay-koh-phi-phi-island-thailand\/\" \/>\n<meta property=\"og:site_name\" content=\"raxxa\" \/>\n<meta property=\"article:publisher\" content=\"https:\/\/facebook.com\/raxxacom\" \/>\n<meta property=\"article:modified_time\" content=\"2024-01-15T06:47:41+00:00\" \/>\n<meta property=\"og:image\" content=\"https:\/\/www.raxxa.com\/wp-content\/uploads\/2023\/12\/raxxa-294-9898-84-1.png\" \/>\n\t<meta property=\"og:image:width\" content=\"800\" \/>\n\t<meta property=\"og:image:height\" content=\"800\" \/>\n\t<meta property=\"og:image:type\" content=\"image\/png\" \/>\n<meta name=\"twitter:card\" content=\"summary_large_image\" \/>\n<meta name=\"twitter:label1\" content=\"Availability\" \/>\n\t<meta name=\"twitter:data1\" content=\"In stock\" \/>\n<script type=\"application\/ld+json\" class=\"yoast-schema-graph\">{\"@context\":\"https:\\\/\\\/schema.org\",\"@graph\":[{\"@type\":[\"WebPage\",\"ItemPage\"],\"@id\":\"https:\\\/\\\/www.raxxa.com\\\/shop\\\/poster-maya-bay-koh-phi-phi-island-thailand\\\/\",\"url\":\"https:\\\/\\\/www.raxxa.com\\\/shop\\\/poster-maya-bay-koh-phi-phi-island-thailand\\\/\",\"name\":\"Poster: Maya Bay - Koh Phi Phi Island Thailand - raxxa\",\"isPartOf\":{\"@id\":\"https:\\\/\\\/www.raxxa.com\\\/#website\"},\"primaryImageOfPage\":{\"@id\":\"https:\\\/\\\/www.raxxa.com\\\/shop\\\/poster-maya-bay-koh-phi-phi-island-thailand\\\/#primaryimage\"},\"image\":{\"@id\":\"https:\\\/\\\/www.raxxa.com\\\/shop\\\/poster-maya-bay-koh-phi-phi-island-thailand\\\/#primaryimage\"},\"thumbnailUrl\":\"https:\\\/\\\/www.raxxa.com\\\/wp-content\\\/uploads\\\/2023\\\/12\\\/raxxa-294-9898-84-1.png\",\"datePublished\":\"2023-12-14T18:34:25+00:00\",\"dateModified\":\"2024-01-15T06:47:41+00:00\",\"breadcrumb\":{\"@id\":\"https:\\\/\\\/www.raxxa.com\\\/shop\\\/poster-maya-bay-koh-phi-phi-island-thailand\\\/#breadcrumb\"},\"inLanguage\":\"en-US\",\"potentialAction\":[{\"@type\":\"ReadAction\",\"target\":[\"https:\\\/\\\/www.raxxa.com\\\/shop\\\/poster-maya-bay-koh-phi-phi-island-thailand\\\/\"]}]},{\"@type\":\"ImageObject\",\"inLanguage\":\"en-US\",\"@id\":\"https:\\\/\\\/www.raxxa.com\\\/shop\\\/poster-maya-bay-koh-phi-phi-island-thailand\\\/#primaryimage\",\"url\":\"https:\\\/\\\/www.raxxa.com\\\/wp-content\\\/uploads\\\/2023\\\/12\\\/raxxa-294-9898-84-1.png\",\"contentUrl\":\"https:\\\/\\\/www.raxxa.com\\\/wp-content\\\/uploads\\\/2023\\\/12\\\/raxxa-294-9898-84-1.png\",\"width\":800,\"height\":800},{\"@type\":\"BreadcrumbList\",\"@id\":\"https:\\\/\\\/www.raxxa.com\\\/shop\\\/poster-maya-bay-koh-phi-phi-island-thailand\\\/#breadcrumb\",\"itemListElement\":[{\"@type\":\"ListItem\",\"position\":1,\"name\":\"Startseite\",\"item\":\"https:\\\/\\\/www.raxxa.com\\\/\"},{\"@type\":\"ListItem\",\"position\":2,\"name\":\"Shop\",\"item\":\"https:\\\/\\\/www.raxxa.com\\\/it\\\/shop\\\/\"},{\"@type\":\"ListItem\",\"position\":3,\"name\":\"Poster: Maya Bay &#8211; Koh Phi Phi Island Thailand\"}]},{\"@type\":\"WebSite\",\"@id\":\"https:\\\/\\\/www.raxxa.com\\\/#website\",\"url\":\"https:\\\/\\\/www.raxxa.com\\\/\",\"name\":\"raxxa\",\"description\":\"Einzigartige individuelle Produkte von unseren Designern\",\"publisher\":{\"@id\":\"https:\\\/\\\/www.raxxa.com\\\/#organization\"},\"potentialAction\":[{\"@type\":\"SearchAction\",\"target\":{\"@type\":\"EntryPoint\",\"urlTemplate\":\"https:\\\/\\\/www.raxxa.com\\\/?s={search_term_string}\"},\"query-input\":{\"@type\":\"PropertyValueSpecification\",\"valueRequired\":true,\"valueName\":\"search_term_string\"}}],\"inLanguage\":\"en-US\"},{\"@type\":\"Organization\",\"@id\":\"https:\\\/\\\/www.raxxa.com\\\/#organization\",\"name\":\"raxxa\",\"url\":\"https:\\\/\\\/www.raxxa.com\\\/\",\"logo\":{\"@type\":\"ImageObject\",\"inLanguage\":\"en-US\",\"@id\":\"https:\\\/\\\/www.raxxa.com\\\/#\\\/schema\\\/logo\\\/image\\\/\",\"url\":\"https:\\\/\\\/www.raxxa.com\\\/wp-content\\\/uploads\\\/2022\\\/07\\\/logo_v2.png\",\"contentUrl\":\"https:\\\/\\\/www.raxxa.com\\\/wp-content\\\/uploads\\\/2022\\\/07\\\/logo_v2.png\",\"width\":380,\"height\":382,\"caption\":\"raxxa\"},\"image\":{\"@id\":\"https:\\\/\\\/www.raxxa.com\\\/#\\\/schema\\\/logo\\\/image\\\/\"},\"sameAs\":[\"https:\\\/\\\/facebook.com\\\/raxxacom\"]}]}<\/script>\n<meta property=\"og:availability\" content=\"instock\" \/>\n<meta property=\"product:availability\" content=\"instock\" \/>\n<meta property=\"product:retailer_item_id\" content=\"1-84-9898-294\" \/>\n<meta property=\"product:condition\" content=\"new\" \/>\n<!-- \/ Yoast SEO Premium plugin. -->","yoast_head_json":{"title":"Poster: Maya Bay - Koh Phi Phi Island Thailand - raxxa","robots":{"index":"index","follow":"follow","max-snippet":"max-snippet:-1","max-image-preview":"max-image-preview:large","max-video-preview":"max-video-preview:-1"},"canonical":"https:\/\/www.raxxa.com\/en\/shop\/poster-maya-bay-koh-phi-phi-island-thailand\/","og_locale":"en_US","og_type":"article","og_title":"Poster: Maya Bay - Koh Phi Phi Island Thailand","og_description":"&quot;Maya Bay &#8211; Koh Phi Phi Island Thailand&quot; by Frank L\u00f6hmer Ber\u00fchmter wei\u00dfer Sandstrand mit klarem Wasser, bekannt als Drehort eines erfolgreichen Hollywood-Films im S\u00fcden Thailands, Inseln Koh Phi Phi Tourists are no longer allowed to swim in the bays beautiful waters as it could affect the shark population. Motor boats are also banned from [&hellip;]","og_url":"https:\/\/www.raxxa.com\/en\/shop\/poster-maya-bay-koh-phi-phi-island-thailand\/","og_site_name":"raxxa","article_publisher":"https:\/\/facebook.com\/raxxacom","article_modified_time":"2024-01-15T06:47:41+00:00","og_image":[{"width":800,"height":800,"url":"https:\/\/www.raxxa.com\/wp-content\/uploads\/2023\/12\/raxxa-294-9898-84-1.png","type":"image\/png"}],"twitter_card":"summary_large_image","twitter_misc":{"Availability":"In stock"},"schema":{"@context":"https:\/\/schema.org","@graph":[{"@type":["WebPage","ItemPage"],"@id":"https:\/\/www.raxxa.com\/shop\/poster-maya-bay-koh-phi-phi-island-thailand\/","url":"https:\/\/www.raxxa.com\/shop\/poster-maya-bay-koh-phi-phi-island-thailand\/","name":"Poster: Maya Bay - Koh Phi Phi Island Thailand - raxxa","isPartOf":{"@id":"https:\/\/www.raxxa.com\/#website"},"primaryImageOfPage":{"@id":"https:\/\/www.raxxa.com\/shop\/poster-maya-bay-koh-phi-phi-island-thailand\/#primaryimage"},"image":{"@id":"https:\/\/www.raxxa.com\/shop\/poster-maya-bay-koh-phi-phi-island-thailand\/#primaryimage"},"thumbnailUrl":"https:\/\/www.raxxa.com\/wp-content\/uploads\/2023\/12\/raxxa-294-9898-84-1.png","datePublished":"2023-12-14T18:34:25+00:00","dateModified":"2024-01-15T06:47:41+00:00","breadcrumb":{"@id":"https:\/\/www.raxxa.com\/shop\/poster-maya-bay-koh-phi-phi-island-thailand\/#breadcrumb"},"inLanguage":"en-US","potentialAction":[{"@type":"ReadAction","target":["https:\/\/www.raxxa.com\/shop\/poster-maya-bay-koh-phi-phi-island-thailand\/"]}]},{"@type":"ImageObject","inLanguage":"en-US","@id":"https:\/\/www.raxxa.com\/shop\/poster-maya-bay-koh-phi-phi-island-thailand\/#primaryimage","url":"https:\/\/www.raxxa.com\/wp-content\/uploads\/2023\/12\/raxxa-294-9898-84-1.png","contentUrl":"https:\/\/www.raxxa.com\/wp-content\/uploads\/2023\/12\/raxxa-294-9898-84-1.png","width":800,"height":800},{"@type":"BreadcrumbList","@id":"https:\/\/www.raxxa.com\/shop\/poster-maya-bay-koh-phi-phi-island-thailand\/#breadcrumb","itemListElement":[{"@type":"ListItem","position":1,"name":"Startseite","item":"https:\/\/www.raxxa.com\/"},{"@type":"ListItem","position":2,"name":"Shop","item":"https:\/\/www.raxxa.com\/it\/shop\/"},{"@type":"ListItem","position":3,"name":"Poster: Maya Bay &#8211; Koh Phi Phi Island Thailand"}]},{"@type":"WebSite","@id":"https:\/\/www.raxxa.com\/#website","url":"https:\/\/www.raxxa.com\/","name":"raxxa","description":"Unique individual products from our designers","publisher":{"@id":"https:\/\/www.raxxa.com\/#organization"},"potentialAction":[{"@type":"SearchAction","target":{"@type":"EntryPoint","urlTemplate":"https:\/\/www.raxxa.com\/?s={search_term_string}"},"query-input":{"@type":"PropertyValueSpecification","valueRequired":true,"valueName":"search_term_string"}}],"inLanguage":"en-US"},{"@type":"Organization","@id":"https:\/\/www.raxxa.com\/#organization","name":"raxxa","url":"https:\/\/www.raxxa.com\/","logo":{"@type":"ImageObject","inLanguage":"en-US","@id":"https:\/\/www.raxxa.com\/#\/schema\/logo\/image\/","url":"https:\/\/www.raxxa.com\/wp-content\/uploads\/2022\/07\/logo_v2.png","contentUrl":"https:\/\/www.raxxa.com\/wp-content\/uploads\/2022\/07\/logo_v2.png","width":380,"height":382,"caption":"raxxa"},"image":{"@id":"https:\/\/www.raxxa.com\/#\/schema\/logo\/image\/"},"sameAs":["https:\/\/facebook.com\/raxxacom"]}]},"og_availability":"instock","product_availability":"instock","product_retailer_item_id":"1-84-9898-294","product_condition":"new"},"jetpack_sharing_enabled":true,"_links":{"self":[{"href":"https:\/\/www.raxxa.com\/en\/wp-json\/wp\/v2\/product\/181411","targetHints":{"allow":["GET"]}}],"collection":[{"href":"https:\/\/www.raxxa.com\/en\/wp-json\/wp\/v2\/product"}],"about":[{"href":"https:\/\/www.raxxa.com\/en\/wp-json\/wp\/v2\/types\/product"}],"replies":[{"embeddable":true,"href":"https:\/\/www.raxxa.com\/en\/wp-json\/wp\/v2\/comments?post=181411"}],"wp:featuredmedia":[{"embeddable":true,"href":"https:\/\/www.raxxa.com\/en\/wp-json\/wp\/v2\/media\/181455"}],"wp:attachment":[{"href":"https:\/\/www.raxxa.com\/en\/wp-json\/wp\/v2\/media?parent=181411"}],"wp:term":[{"taxonomy":"product_brand","embeddable":true,"href":"https:\/\/www.raxxa.com\/en\/wp-json\/wp\/v2\/product_brand?post=181411"},{"taxonomy":"product_cat","embeddable":true,"href":"https:\/\/www.raxxa.com\/en\/wp-json\/wp\/v2\/product_cat?post=181411"},{"taxonomy":"product_tag","embeddable":true,"href":"https:\/\/www.raxxa.com\/en\/wp-json\/wp\/v2\/product_tag?post=181411"}],"curies":[{"name":"wp","href":"https:\/\/api.w.org\/{rel}","templated":true}]}}