{"id":181386,"date":"2023-12-14T20:33:05","date_gmt":"2023-12-14T18:33:05","guid":{"rendered":"https:\/\/www.raxxa.com\/?post_type=product&#038;p=181386"},"modified":"2024-01-15T08:47:30","modified_gmt":"2024-01-15T06:47:30","slug":"poster-bora-ueber-der-insel-brac-kroatien","status":"publish","type":"product","link":"https:\/\/www.raxxa.com\/en\/shop\/poster-bora-ueber-der-insel-brac-kroatien\/","title":{"rendered":"Poster: Bora over the island of Bra\u010d Croatia"},"content":{"rendered":"<h3><strong>\"Bora over the island of Bra\u010d Croatia\" by Frank L\u00f6hmer<\/strong><\/h3>\n<p><strong><\/strong><\/p>\n<p>The bora, also known as bura in Croatian, is one of the downdrafts that occur in the Mediterranean. However, it only occurs in the northern part of the Adriatic and can be felt along the coast between Rijeka and Split, all the way to the Montenegrin Adriatic coast.<\/p>\n<p>&nbsp;<\/p>\n<ul><li>Museum quality poster on durable matte (uncoated) archival paper.<\/li><li>Paper weight: 250 g \/ m\u00b2.<\/li><li>Shipped in a sturdy package to protect the poster.<\/li><li>This product can be made especially for you in the size and design you require.<\/li><\/ul>","protected":false},"excerpt":{"rendered":"<p>&quot;Bora \u00fcber der Insel Bra\u010d Kroatien&quot; by Frank L\u00f6hmer Die Bora, kroatisch auch Bura genannt, ist eine der Fallwinderscheinungen welche am Mittelmeer auftreten. Sie tritt jedoch ausschlie\u00dflich im n\u00f6rdlichen Teil der Adria auf und ist vor entlang der K\u00fcste zwischen Rijeka und Split, bis hin zur montenegrinischen Adriak\u00fcste sp\u00fcrbar. &nbsp;<\/p>","protected":false},"featured_media":181439,"comment_status":"open","ping_status":"closed","template":"","meta":[],"product_brand":[],"product_cat":[11575,11572,10378],"product_tag":[11624],"class_list":{"0":"post-181386","1":"product","2":"type-product","3":"status-publish","4":"has-post-thumbnail","6":"product_cat-gebaeude-architektur","7":"product_cat-loehmer-frank","8":"product_cat-poster","9":"product_tag-brac-adria-mittelmeer-ammeer-wolken-wolkenammeer-oceanview-clouds-dramatisch-dramatic-coratia-hr-kroatien-hrvatska","10":"product_shipping_class-versand-t-shirts1","12":"first","13":"instock","14":"taxable","15":"shipping-taxable","16":"purchasable","17":"product-type-variable"},"yoast_head":"<!-- This site is optimized with the Yoast SEO Premium plugin v27.4 (Yoast SEO v27.4) - https:\/\/yoast.com\/product\/yoast-seo-premium-wordpress\/ -->\n<title>Poster: Bora \u00fcber der Insel Bra\u010d Kroatien - raxxa<\/title>\n<meta name=\"robots\" content=\"index, follow, max-snippet:-1, max-image-preview:large, max-video-preview:-1\" \/>\n<link rel=\"canonical\" href=\"https:\/\/www.raxxa.com\/en\/shop\/poster-bora-ueber-der-insel-brac-kroatien\/\" \/>\n<meta property=\"og:locale\" content=\"en_US\" \/>\n<meta property=\"og:type\" content=\"article\" \/>\n<meta property=\"og:title\" content=\"Poster: Bora \u00fcber der Insel Bra\u010d Kroatien\" \/>\n<meta property=\"og:description\" content=\"&quot;Bora \u00fcber der Insel Bra\u010d Kroatien&quot; by Frank L\u00f6hmer Die Bora, kroatisch auch Bura genannt, ist eine der Fallwinderscheinungen welche am Mittelmeer auftreten. Sie tritt jedoch ausschlie\u00dflich im n\u00f6rdlichen Teil der Adria auf und ist vor entlang der K\u00fcste zwischen Rijeka und Split, bis hin zur montenegrinischen Adriak\u00fcste sp\u00fcrbar. &nbsp;\" \/>\n<meta property=\"og:url\" content=\"https:\/\/www.raxxa.com\/en\/shop\/poster-bora-ueber-der-insel-brac-kroatien\/\" \/>\n<meta property=\"og:site_name\" content=\"raxxa\" \/>\n<meta property=\"article:publisher\" content=\"https:\/\/facebook.com\/raxxacom\" \/>\n<meta property=\"article:modified_time\" content=\"2024-01-15T06:47:30+00:00\" \/>\n<meta property=\"og:image\" content=\"https:\/\/www.raxxa.com\/wp-content\/uploads\/2023\/12\/raxxa-294-9879-84-1.png\" \/>\n\t<meta property=\"og:image:width\" content=\"800\" \/>\n\t<meta property=\"og:image:height\" content=\"800\" \/>\n\t<meta property=\"og:image:type\" content=\"image\/png\" \/>\n<meta name=\"twitter:card\" content=\"summary_large_image\" \/>\n<meta name=\"twitter:label1\" content=\"Availability\" \/>\n\t<meta name=\"twitter:data1\" content=\"In stock\" \/>\n<script type=\"application\/ld+json\" class=\"yoast-schema-graph\">{\"@context\":\"https:\\\/\\\/schema.org\",\"@graph\":[{\"@type\":[\"WebPage\",\"ItemPage\"],\"@id\":\"https:\\\/\\\/www.raxxa.com\\\/fr\\\/shop\\\/poster-bora-ueber-der-insel-brac-kroatien\\\/\",\"url\":\"https:\\\/\\\/www.raxxa.com\\\/fr\\\/shop\\\/poster-bora-ueber-der-insel-brac-kroatien\\\/\",\"name\":\"Poster: Bora \u00fcber der Insel Bra\u010d Kroatien - raxxa\",\"isPartOf\":{\"@id\":\"https:\\\/\\\/www.raxxa.com\\\/#website\"},\"primaryImageOfPage\":{\"@id\":\"https:\\\/\\\/www.raxxa.com\\\/fr\\\/shop\\\/poster-bora-ueber-der-insel-brac-kroatien\\\/#primaryimage\"},\"image\":{\"@id\":\"https:\\\/\\\/www.raxxa.com\\\/fr\\\/shop\\\/poster-bora-ueber-der-insel-brac-kroatien\\\/#primaryimage\"},\"thumbnailUrl\":\"https:\\\/\\\/www.raxxa.com\\\/wp-content\\\/uploads\\\/2023\\\/12\\\/raxxa-294-9879-84-1.png\",\"datePublished\":\"2023-12-14T18:33:05+00:00\",\"dateModified\":\"2024-01-15T06:47:30+00:00\",\"breadcrumb\":{\"@id\":\"https:\\\/\\\/www.raxxa.com\\\/fr\\\/shop\\\/poster-bora-ueber-der-insel-brac-kroatien\\\/#breadcrumb\"},\"inLanguage\":\"en-US\",\"potentialAction\":[{\"@type\":\"ReadAction\",\"target\":[\"https:\\\/\\\/www.raxxa.com\\\/fr\\\/shop\\\/poster-bora-ueber-der-insel-brac-kroatien\\\/\"]}]},{\"@type\":\"ImageObject\",\"inLanguage\":\"en-US\",\"@id\":\"https:\\\/\\\/www.raxxa.com\\\/fr\\\/shop\\\/poster-bora-ueber-der-insel-brac-kroatien\\\/#primaryimage\",\"url\":\"https:\\\/\\\/www.raxxa.com\\\/wp-content\\\/uploads\\\/2023\\\/12\\\/raxxa-294-9879-84-1.png\",\"contentUrl\":\"https:\\\/\\\/www.raxxa.com\\\/wp-content\\\/uploads\\\/2023\\\/12\\\/raxxa-294-9879-84-1.png\",\"width\":800,\"height\":800},{\"@type\":\"BreadcrumbList\",\"@id\":\"https:\\\/\\\/www.raxxa.com\\\/fr\\\/shop\\\/poster-bora-ueber-der-insel-brac-kroatien\\\/#breadcrumb\",\"itemListElement\":[{\"@type\":\"ListItem\",\"position\":1,\"name\":\"Startseite\",\"item\":\"https:\\\/\\\/www.raxxa.com\\\/\"},{\"@type\":\"ListItem\",\"position\":2,\"name\":\"Shop\",\"item\":\"https:\\\/\\\/www.raxxa.com\\\/it\\\/shop\\\/\"},{\"@type\":\"ListItem\",\"position\":3,\"name\":\"Poster: Bora \u00fcber der Insel Bra\u010d Kroatien\"}]},{\"@type\":\"WebSite\",\"@id\":\"https:\\\/\\\/www.raxxa.com\\\/#website\",\"url\":\"https:\\\/\\\/www.raxxa.com\\\/\",\"name\":\"raxxa\",\"description\":\"Einzigartige individuelle Produkte von unseren Designern\",\"publisher\":{\"@id\":\"https:\\\/\\\/www.raxxa.com\\\/#organization\"},\"potentialAction\":[{\"@type\":\"SearchAction\",\"target\":{\"@type\":\"EntryPoint\",\"urlTemplate\":\"https:\\\/\\\/www.raxxa.com\\\/?s={search_term_string}\"},\"query-input\":{\"@type\":\"PropertyValueSpecification\",\"valueRequired\":true,\"valueName\":\"search_term_string\"}}],\"inLanguage\":\"en-US\"},{\"@type\":\"Organization\",\"@id\":\"https:\\\/\\\/www.raxxa.com\\\/#organization\",\"name\":\"raxxa\",\"url\":\"https:\\\/\\\/www.raxxa.com\\\/\",\"logo\":{\"@type\":\"ImageObject\",\"inLanguage\":\"en-US\",\"@id\":\"https:\\\/\\\/www.raxxa.com\\\/#\\\/schema\\\/logo\\\/image\\\/\",\"url\":\"https:\\\/\\\/www.raxxa.com\\\/wp-content\\\/uploads\\\/2022\\\/07\\\/logo_v2.png\",\"contentUrl\":\"https:\\\/\\\/www.raxxa.com\\\/wp-content\\\/uploads\\\/2022\\\/07\\\/logo_v2.png\",\"width\":380,\"height\":382,\"caption\":\"raxxa\"},\"image\":{\"@id\":\"https:\\\/\\\/www.raxxa.com\\\/#\\\/schema\\\/logo\\\/image\\\/\"},\"sameAs\":[\"https:\\\/\\\/facebook.com\\\/raxxacom\"]}]}<\/script>\n<meta property=\"og:availability\" content=\"instock\" \/>\n<meta property=\"product:availability\" content=\"instock\" \/>\n<meta property=\"product:retailer_item_id\" content=\"1-84-9879-294\" \/>\n<meta property=\"product:condition\" content=\"new\" \/>\n<!-- \/ Yoast SEO Premium plugin. -->","yoast_head_json":{"title":"Poster: Bora over the island of Bra\u010d Croatia - raxxa","robots":{"index":"index","follow":"follow","max-snippet":"max-snippet:-1","max-image-preview":"max-image-preview:large","max-video-preview":"max-video-preview:-1"},"canonical":"https:\/\/www.raxxa.com\/en\/shop\/poster-bora-ueber-der-insel-brac-kroatien\/","og_locale":"en_US","og_type":"article","og_title":"Poster: Bora \u00fcber der Insel Bra\u010d Kroatien","og_description":"&quot;Bora \u00fcber der Insel Bra\u010d Kroatien&quot; by Frank L\u00f6hmer Die Bora, kroatisch auch Bura genannt, ist eine der Fallwinderscheinungen welche am Mittelmeer auftreten. Sie tritt jedoch ausschlie\u00dflich im n\u00f6rdlichen Teil der Adria auf und ist vor entlang der K\u00fcste zwischen Rijeka und Split, bis hin zur montenegrinischen Adriak\u00fcste sp\u00fcrbar. &nbsp;","og_url":"https:\/\/www.raxxa.com\/en\/shop\/poster-bora-ueber-der-insel-brac-kroatien\/","og_site_name":"raxxa","article_publisher":"https:\/\/facebook.com\/raxxacom","article_modified_time":"2024-01-15T06:47:30+00:00","og_image":[{"width":800,"height":800,"url":"https:\/\/www.raxxa.com\/wp-content\/uploads\/2023\/12\/raxxa-294-9879-84-1.png","type":"image\/png"}],"twitter_card":"summary_large_image","twitter_misc":{"Availability":"In stock"},"schema":{"@context":"https:\/\/schema.org","@graph":[{"@type":["WebPage","ItemPage"],"@id":"https:\/\/www.raxxa.com\/fr\/shop\/poster-bora-ueber-der-insel-brac-kroatien\/","url":"https:\/\/www.raxxa.com\/fr\/shop\/poster-bora-ueber-der-insel-brac-kroatien\/","name":"Poster: Bora over the island of Bra\u010d Croatia - raxxa","isPartOf":{"@id":"https:\/\/www.raxxa.com\/#website"},"primaryImageOfPage":{"@id":"https:\/\/www.raxxa.com\/fr\/shop\/poster-bora-ueber-der-insel-brac-kroatien\/#primaryimage"},"image":{"@id":"https:\/\/www.raxxa.com\/fr\/shop\/poster-bora-ueber-der-insel-brac-kroatien\/#primaryimage"},"thumbnailUrl":"https:\/\/www.raxxa.com\/wp-content\/uploads\/2023\/12\/raxxa-294-9879-84-1.png","datePublished":"2023-12-14T18:33:05+00:00","dateModified":"2024-01-15T06:47:30+00:00","breadcrumb":{"@id":"https:\/\/www.raxxa.com\/fr\/shop\/poster-bora-ueber-der-insel-brac-kroatien\/#breadcrumb"},"inLanguage":"en-US","potentialAction":[{"@type":"ReadAction","target":["https:\/\/www.raxxa.com\/fr\/shop\/poster-bora-ueber-der-insel-brac-kroatien\/"]}]},{"@type":"ImageObject","inLanguage":"en-US","@id":"https:\/\/www.raxxa.com\/fr\/shop\/poster-bora-ueber-der-insel-brac-kroatien\/#primaryimage","url":"https:\/\/www.raxxa.com\/wp-content\/uploads\/2023\/12\/raxxa-294-9879-84-1.png","contentUrl":"https:\/\/www.raxxa.com\/wp-content\/uploads\/2023\/12\/raxxa-294-9879-84-1.png","width":800,"height":800},{"@type":"BreadcrumbList","@id":"https:\/\/www.raxxa.com\/fr\/shop\/poster-bora-ueber-der-insel-brac-kroatien\/#breadcrumb","itemListElement":[{"@type":"ListItem","position":1,"name":"Startseite","item":"https:\/\/www.raxxa.com\/"},{"@type":"ListItem","position":2,"name":"Shop","item":"https:\/\/www.raxxa.com\/it\/shop\/"},{"@type":"ListItem","position":3,"name":"Poster: Bora \u00fcber der Insel Bra\u010d Kroatien"}]},{"@type":"WebSite","@id":"https:\/\/www.raxxa.com\/#website","url":"https:\/\/www.raxxa.com\/","name":"raxxa","description":"Unique individual products from our designers","publisher":{"@id":"https:\/\/www.raxxa.com\/#organization"},"potentialAction":[{"@type":"SearchAction","target":{"@type":"EntryPoint","urlTemplate":"https:\/\/www.raxxa.com\/?s={search_term_string}"},"query-input":{"@type":"PropertyValueSpecification","valueRequired":true,"valueName":"search_term_string"}}],"inLanguage":"en-US"},{"@type":"Organization","@id":"https:\/\/www.raxxa.com\/#organization","name":"raxxa","url":"https:\/\/www.raxxa.com\/","logo":{"@type":"ImageObject","inLanguage":"en-US","@id":"https:\/\/www.raxxa.com\/#\/schema\/logo\/image\/","url":"https:\/\/www.raxxa.com\/wp-content\/uploads\/2022\/07\/logo_v2.png","contentUrl":"https:\/\/www.raxxa.com\/wp-content\/uploads\/2022\/07\/logo_v2.png","width":380,"height":382,"caption":"raxxa"},"image":{"@id":"https:\/\/www.raxxa.com\/#\/schema\/logo\/image\/"},"sameAs":["https:\/\/facebook.com\/raxxacom"]}]},"og_availability":"instock","product_availability":"instock","product_retailer_item_id":"1-84-9879-294","product_condition":"new"},"jetpack_sharing_enabled":true,"_links":{"self":[{"href":"https:\/\/www.raxxa.com\/en\/wp-json\/wp\/v2\/product\/181386","targetHints":{"allow":["GET"]}}],"collection":[{"href":"https:\/\/www.raxxa.com\/en\/wp-json\/wp\/v2\/product"}],"about":[{"href":"https:\/\/www.raxxa.com\/en\/wp-json\/wp\/v2\/types\/product"}],"replies":[{"embeddable":true,"href":"https:\/\/www.raxxa.com\/en\/wp-json\/wp\/v2\/comments?post=181386"}],"wp:featuredmedia":[{"embeddable":true,"href":"https:\/\/www.raxxa.com\/en\/wp-json\/wp\/v2\/media\/181439"}],"wp:attachment":[{"href":"https:\/\/www.raxxa.com\/en\/wp-json\/wp\/v2\/media?parent=181386"}],"wp:term":[{"taxonomy":"product_brand","embeddable":true,"href":"https:\/\/www.raxxa.com\/en\/wp-json\/wp\/v2\/product_brand?post=181386"},{"taxonomy":"product_cat","embeddable":true,"href":"https:\/\/www.raxxa.com\/en\/wp-json\/wp\/v2\/product_cat?post=181386"},{"taxonomy":"product_tag","embeddable":true,"href":"https:\/\/www.raxxa.com\/en\/wp-json\/wp\/v2\/product_tag?post=181386"}],"curies":[{"name":"wp","href":"https:\/\/api.w.org\/{rel}","templated":true}]}}