{"id":181139,"date":"2023-12-12T23:01:21","date_gmt":"2023-12-12T21:01:21","guid":{"rendered":"https:\/\/www.raxxa.com\/?post_type=product&#038;p=181139"},"modified":"2023-12-12T23:08:12","modified_gmt":"2023-12-12T21:08:12","slug":"raxxa-premium-tasse-whimini-monster-teddy-family","status":"publish","type":"product","link":"https:\/\/www.raxxa.com\/en\/shop\/raxxa-premium-tasse-whimini-monster-teddy-family\/","title":{"rendered":"raxxa premium mug: Whimini Monster Teddy Family"},"content":{"rendered":"<h3><strong>\"Whimini Monster Teddy Family\" by Mr. Yoda<\/strong><\/h3>\n<p><strong><\/strong><\/p>\n<p>The Christmas season conjures up a wonderful atmosphere with its twinkling lights and the scent of cinnamon and pine needles. This Christmas mug is decorated with the cute monster Struppel from the Whimini monster series, which makes us smile and reminds us of the magic of this special time. Enjoy the unique magic of Christmas with every mug you hold in your hands.<\/p>\n<p>&nbsp;<\/p>\nImmerse yourself in the world of creativity with our exclusive artist mug - the perfect companion for your tea or coffee rituals.<br>Unique design, created by a talented artist:<br>This mug is more than just a vessel; it is a canvas for real art. Each mug has been designed by a talented artist who has found his inspiration in colors, shapes and emotions. Not only enjoy your favorite beverage, but also experience the deep connection with a work of art that inspires your senses.<br><br>Material notes:<br><ul><li>approx 330 ml \/ 11 oz.<\/li><li>9.5 cm high, 8 cm diameter (measured without handle)<\/li><li>Dishwasher and microwave safe.<\/li><li>Ceramic material with a glossy surface.<\/li><li>Made in Germany.<\/li><\/ul>","protected":false},"excerpt":{"rendered":"<p>&quot;Whimini Monster Teddy Family&quot; by Mr. Yoda Die Weihnachtszeit zaubert mit ihren funkelnden Lichtern und dem Duft von Zimt und Tannennadeln eine wunderbare Atmosph\u00e4re. Diese Weihnachtstasse ist mit dem s\u00fc\u00dfen Monster Struppel aus der Whimini Monsterserie verziert, das uns zum L\u00e4cheln bringt und uns an die Magie dieser besonderen Zeit erinnert. Genie\u00dfe den einzigartigen Zauber [&hellip;]<\/p>\n","protected":false},"featured_media":181161,"comment_status":"open","ping_status":"closed","template":"","meta":[],"product_brand":[],"product_cat":[11041,11606,10514],"product_tag":[11607],"class_list":{"0":"post-181139","1":"product","2":"type-product","3":"status-publish","4":"has-post-thumbnail","6":"product_cat-digital","7":"product_cat-tassen","8":"product_cat-yoda","9":"product_tag-whimini-tasse-kaffeetasse-teetasse-becher-keramik-porzellan-henkel-spruch-motiv-trinkgefaess-geschenk-monster-weihnachten-winter","10":"product_shipping_class-versand-tassen","12":"first","13":"instock","14":"taxable","15":"shipping-taxable","16":"purchasable","17":"product-type-variable"},"yoast_head":"<!-- This site is optimized with the Yoast SEO Premium plugin v27.2 (Yoast SEO v27.3) - https:\/\/yoast.com\/product\/yoast-seo-premium-wordpress\/ -->\n<title>raxxa Premium-Tasse: Whimini Monster Teddy Family - raxxa<\/title>\n<meta name=\"robots\" content=\"index, follow, max-snippet:-1, max-image-preview:large, max-video-preview:-1\" \/>\n<link rel=\"canonical\" href=\"https:\/\/www.raxxa.com\/en\/shop\/raxxa-premium-tasse-whimini-monster-teddy-family\/\" \/>\n<meta property=\"og:locale\" content=\"en_US\" \/>\n<meta property=\"og:type\" content=\"article\" \/>\n<meta property=\"og:title\" content=\"raxxa Premium-Tasse: Whimini Monster Teddy Family\" \/>\n<meta property=\"og:description\" content=\"&quot;Whimini Monster Teddy Family&quot; by Mr. Yoda Die Weihnachtszeit zaubert mit ihren funkelnden Lichtern und dem Duft von Zimt und Tannennadeln eine wunderbare Atmosph\u00e4re. Diese Weihnachtstasse ist mit dem s\u00fc\u00dfen Monster Struppel aus der Whimini Monsterserie verziert, das uns zum L\u00e4cheln bringt und uns an die Magie dieser besonderen Zeit erinnert. Genie\u00dfe den einzigartigen Zauber [&hellip;]\" \/>\n<meta property=\"og:url\" content=\"https:\/\/www.raxxa.com\/en\/shop\/raxxa-premium-tasse-whimini-monster-teddy-family\/\" \/>\n<meta property=\"og:site_name\" content=\"raxxa\" \/>\n<meta property=\"article:publisher\" content=\"https:\/\/facebook.com\/raxxacom\" \/>\n<meta property=\"article:modified_time\" content=\"2023-12-12T21:08:12+00:00\" \/>\n<meta property=\"og:image\" content=\"https:\/\/www.raxxa.com\/wp-content\/uploads\/2023\/12\/raxxa-tasse-Mr.-Yoda-Whimini20Monster20Teddy20Family-1.jpg\" \/>\n\t<meta property=\"og:image:width\" content=\"2048\" \/>\n\t<meta property=\"og:image:height\" content=\"2048\" \/>\n\t<meta property=\"og:image:type\" content=\"image\/jpeg\" \/>\n<meta name=\"twitter:card\" content=\"summary_large_image\" \/>\n<meta name=\"twitter:label1\" content=\"Availability\" \/>\n\t<meta name=\"twitter:data1\" content=\"In stock\" \/>\n<script type=\"application\/ld+json\" class=\"yoast-schema-graph\">{\"@context\":\"https:\\\/\\\/schema.org\",\"@graph\":[{\"@type\":[\"WebPage\",\"ItemPage\"],\"@id\":\"https:\\\/\\\/www.raxxa.com\\\/shop\\\/raxxa-premium-tasse-whimini-monster-teddy-family\\\/\",\"url\":\"https:\\\/\\\/www.raxxa.com\\\/shop\\\/raxxa-premium-tasse-whimini-monster-teddy-family\\\/\",\"name\":\"raxxa Premium-Tasse: Whimini Monster Teddy Family - raxxa\",\"isPartOf\":{\"@id\":\"https:\\\/\\\/www.raxxa.com\\\/#website\"},\"primaryImageOfPage\":{\"@id\":\"https:\\\/\\\/www.raxxa.com\\\/shop\\\/raxxa-premium-tasse-whimini-monster-teddy-family\\\/#primaryimage\"},\"image\":{\"@id\":\"https:\\\/\\\/www.raxxa.com\\\/shop\\\/raxxa-premium-tasse-whimini-monster-teddy-family\\\/#primaryimage\"},\"thumbnailUrl\":\"https:\\\/\\\/www.raxxa.com\\\/wp-content\\\/uploads\\\/2023\\\/12\\\/raxxa-tasse-Mr.-Yoda-Whimini20Monster20Teddy20Family-1.jpg\",\"datePublished\":\"2023-12-12T21:01:21+00:00\",\"dateModified\":\"2023-12-12T21:08:12+00:00\",\"breadcrumb\":{\"@id\":\"https:\\\/\\\/www.raxxa.com\\\/shop\\\/raxxa-premium-tasse-whimini-monster-teddy-family\\\/#breadcrumb\"},\"inLanguage\":\"en-US\",\"potentialAction\":[{\"@type\":\"ReadAction\",\"target\":[\"https:\\\/\\\/www.raxxa.com\\\/shop\\\/raxxa-premium-tasse-whimini-monster-teddy-family\\\/\"]}]},{\"@type\":\"ImageObject\",\"inLanguage\":\"en-US\",\"@id\":\"https:\\\/\\\/www.raxxa.com\\\/shop\\\/raxxa-premium-tasse-whimini-monster-teddy-family\\\/#primaryimage\",\"url\":\"https:\\\/\\\/www.raxxa.com\\\/wp-content\\\/uploads\\\/2023\\\/12\\\/raxxa-tasse-Mr.-Yoda-Whimini20Monster20Teddy20Family-1.jpg\",\"contentUrl\":\"https:\\\/\\\/www.raxxa.com\\\/wp-content\\\/uploads\\\/2023\\\/12\\\/raxxa-tasse-Mr.-Yoda-Whimini20Monster20Teddy20Family-1.jpg\",\"width\":2048,\"height\":2048},{\"@type\":\"BreadcrumbList\",\"@id\":\"https:\\\/\\\/www.raxxa.com\\\/shop\\\/raxxa-premium-tasse-whimini-monster-teddy-family\\\/#breadcrumb\",\"itemListElement\":[{\"@type\":\"ListItem\",\"position\":1,\"name\":\"Startseite\",\"item\":\"https:\\\/\\\/www.raxxa.com\\\/\"},{\"@type\":\"ListItem\",\"position\":2,\"name\":\"Shop\",\"item\":\"https:\\\/\\\/www.raxxa.com\\\/it\\\/shop\\\/\"},{\"@type\":\"ListItem\",\"position\":3,\"name\":\"raxxa Premium-Tasse: Whimini Monster Teddy Family\"}]},{\"@type\":\"WebSite\",\"@id\":\"https:\\\/\\\/www.raxxa.com\\\/#website\",\"url\":\"https:\\\/\\\/www.raxxa.com\\\/\",\"name\":\"raxxa\",\"description\":\"Einzigartige individuelle Produkte von unseren Designern\",\"publisher\":{\"@id\":\"https:\\\/\\\/www.raxxa.com\\\/#organization\"},\"potentialAction\":[{\"@type\":\"SearchAction\",\"target\":{\"@type\":\"EntryPoint\",\"urlTemplate\":\"https:\\\/\\\/www.raxxa.com\\\/?s={search_term_string}\"},\"query-input\":{\"@type\":\"PropertyValueSpecification\",\"valueRequired\":true,\"valueName\":\"search_term_string\"}}],\"inLanguage\":\"en-US\"},{\"@type\":\"Organization\",\"@id\":\"https:\\\/\\\/www.raxxa.com\\\/#organization\",\"name\":\"raxxa\",\"url\":\"https:\\\/\\\/www.raxxa.com\\\/\",\"logo\":{\"@type\":\"ImageObject\",\"inLanguage\":\"en-US\",\"@id\":\"https:\\\/\\\/www.raxxa.com\\\/#\\\/schema\\\/logo\\\/image\\\/\",\"url\":\"https:\\\/\\\/www.raxxa.com\\\/wp-content\\\/uploads\\\/2022\\\/07\\\/logo_v2.png\",\"contentUrl\":\"https:\\\/\\\/www.raxxa.com\\\/wp-content\\\/uploads\\\/2022\\\/07\\\/logo_v2.png\",\"width\":380,\"height\":382,\"caption\":\"raxxa\"},\"image\":{\"@id\":\"https:\\\/\\\/www.raxxa.com\\\/#\\\/schema\\\/logo\\\/image\\\/\"},\"sameAs\":[\"https:\\\/\\\/facebook.com\\\/raxxacom\"]}]}<\/script>\n<meta property=\"og:availability\" content=\"instock\" \/>\n<meta property=\"product:availability\" content=\"instock\" \/>\n<meta property=\"product:retailer_item_id\" content=\"1-181-9652-136\" \/>\n<meta property=\"product:condition\" content=\"new\" \/>\n<!-- \/ Yoast SEO Premium plugin. -->","yoast_head_json":{"title":"raxxa premium mug: Whimini Monster Teddy Family - raxxa","robots":{"index":"index","follow":"follow","max-snippet":"max-snippet:-1","max-image-preview":"max-image-preview:large","max-video-preview":"max-video-preview:-1"},"canonical":"https:\/\/www.raxxa.com\/en\/shop\/raxxa-premium-tasse-whimini-monster-teddy-family\/","og_locale":"en_US","og_type":"article","og_title":"raxxa Premium-Tasse: Whimini Monster Teddy Family","og_description":"&quot;Whimini Monster Teddy Family&quot; by Mr. Yoda Die Weihnachtszeit zaubert mit ihren funkelnden Lichtern und dem Duft von Zimt und Tannennadeln eine wunderbare Atmosph\u00e4re. Diese Weihnachtstasse ist mit dem s\u00fc\u00dfen Monster Struppel aus der Whimini Monsterserie verziert, das uns zum L\u00e4cheln bringt und uns an die Magie dieser besonderen Zeit erinnert. Genie\u00dfe den einzigartigen Zauber [&hellip;]","og_url":"https:\/\/www.raxxa.com\/en\/shop\/raxxa-premium-tasse-whimini-monster-teddy-family\/","og_site_name":"raxxa","article_publisher":"https:\/\/facebook.com\/raxxacom","article_modified_time":"2023-12-12T21:08:12+00:00","og_image":[{"width":2048,"height":2048,"url":"https:\/\/www.raxxa.com\/wp-content\/uploads\/2023\/12\/raxxa-tasse-Mr.-Yoda-Whimini20Monster20Teddy20Family-1.jpg","type":"image\/jpeg"}],"twitter_card":"summary_large_image","twitter_misc":{"Availability":"In stock"},"schema":{"@context":"https:\/\/schema.org","@graph":[{"@type":["WebPage","ItemPage"],"@id":"https:\/\/www.raxxa.com\/shop\/raxxa-premium-tasse-whimini-monster-teddy-family\/","url":"https:\/\/www.raxxa.com\/shop\/raxxa-premium-tasse-whimini-monster-teddy-family\/","name":"raxxa premium mug: Whimini Monster Teddy Family - raxxa","isPartOf":{"@id":"https:\/\/www.raxxa.com\/#website"},"primaryImageOfPage":{"@id":"https:\/\/www.raxxa.com\/shop\/raxxa-premium-tasse-whimini-monster-teddy-family\/#primaryimage"},"image":{"@id":"https:\/\/www.raxxa.com\/shop\/raxxa-premium-tasse-whimini-monster-teddy-family\/#primaryimage"},"thumbnailUrl":"https:\/\/www.raxxa.com\/wp-content\/uploads\/2023\/12\/raxxa-tasse-Mr.-Yoda-Whimini20Monster20Teddy20Family-1.jpg","datePublished":"2023-12-12T21:01:21+00:00","dateModified":"2023-12-12T21:08:12+00:00","breadcrumb":{"@id":"https:\/\/www.raxxa.com\/shop\/raxxa-premium-tasse-whimini-monster-teddy-family\/#breadcrumb"},"inLanguage":"en-US","potentialAction":[{"@type":"ReadAction","target":["https:\/\/www.raxxa.com\/shop\/raxxa-premium-tasse-whimini-monster-teddy-family\/"]}]},{"@type":"ImageObject","inLanguage":"en-US","@id":"https:\/\/www.raxxa.com\/shop\/raxxa-premium-tasse-whimini-monster-teddy-family\/#primaryimage","url":"https:\/\/www.raxxa.com\/wp-content\/uploads\/2023\/12\/raxxa-tasse-Mr.-Yoda-Whimini20Monster20Teddy20Family-1.jpg","contentUrl":"https:\/\/www.raxxa.com\/wp-content\/uploads\/2023\/12\/raxxa-tasse-Mr.-Yoda-Whimini20Monster20Teddy20Family-1.jpg","width":2048,"height":2048},{"@type":"BreadcrumbList","@id":"https:\/\/www.raxxa.com\/shop\/raxxa-premium-tasse-whimini-monster-teddy-family\/#breadcrumb","itemListElement":[{"@type":"ListItem","position":1,"name":"Startseite","item":"https:\/\/www.raxxa.com\/"},{"@type":"ListItem","position":2,"name":"Shop","item":"https:\/\/www.raxxa.com\/it\/shop\/"},{"@type":"ListItem","position":3,"name":"raxxa Premium-Tasse: Whimini Monster Teddy Family"}]},{"@type":"WebSite","@id":"https:\/\/www.raxxa.com\/#website","url":"https:\/\/www.raxxa.com\/","name":"raxxa","description":"Unique individual products from our designers","publisher":{"@id":"https:\/\/www.raxxa.com\/#organization"},"potentialAction":[{"@type":"SearchAction","target":{"@type":"EntryPoint","urlTemplate":"https:\/\/www.raxxa.com\/?s={search_term_string}"},"query-input":{"@type":"PropertyValueSpecification","valueRequired":true,"valueName":"search_term_string"}}],"inLanguage":"en-US"},{"@type":"Organization","@id":"https:\/\/www.raxxa.com\/#organization","name":"raxxa","url":"https:\/\/www.raxxa.com\/","logo":{"@type":"ImageObject","inLanguage":"en-US","@id":"https:\/\/www.raxxa.com\/#\/schema\/logo\/image\/","url":"https:\/\/www.raxxa.com\/wp-content\/uploads\/2022\/07\/logo_v2.png","contentUrl":"https:\/\/www.raxxa.com\/wp-content\/uploads\/2022\/07\/logo_v2.png","width":380,"height":382,"caption":"raxxa"},"image":{"@id":"https:\/\/www.raxxa.com\/#\/schema\/logo\/image\/"},"sameAs":["https:\/\/facebook.com\/raxxacom"]}]},"og_availability":"instock","product_availability":"instock","product_retailer_item_id":"1-181-9652-136","product_condition":"new"},"jetpack_sharing_enabled":true,"_links":{"self":[{"href":"https:\/\/www.raxxa.com\/en\/wp-json\/wp\/v2\/product\/181139","targetHints":{"allow":["GET"]}}],"collection":[{"href":"https:\/\/www.raxxa.com\/en\/wp-json\/wp\/v2\/product"}],"about":[{"href":"https:\/\/www.raxxa.com\/en\/wp-json\/wp\/v2\/types\/product"}],"replies":[{"embeddable":true,"href":"https:\/\/www.raxxa.com\/en\/wp-json\/wp\/v2\/comments?post=181139"}],"wp:featuredmedia":[{"embeddable":true,"href":"https:\/\/www.raxxa.com\/en\/wp-json\/wp\/v2\/media\/181161"}],"wp:attachment":[{"href":"https:\/\/www.raxxa.com\/en\/wp-json\/wp\/v2\/media?parent=181139"}],"wp:term":[{"taxonomy":"product_brand","embeddable":true,"href":"https:\/\/www.raxxa.com\/en\/wp-json\/wp\/v2\/product_brand?post=181139"},{"taxonomy":"product_cat","embeddable":true,"href":"https:\/\/www.raxxa.com\/en\/wp-json\/wp\/v2\/product_cat?post=181139"},{"taxonomy":"product_tag","embeddable":true,"href":"https:\/\/www.raxxa.com\/en\/wp-json\/wp\/v2\/product_tag?post=181139"}],"curies":[{"name":"wp","href":"https:\/\/api.w.org\/{rel}","templated":true}]}}