{"id":171243,"date":"2023-10-07T16:05:26","date_gmt":"2023-10-07T14:05:26","guid":{"rendered":"https:\/\/www.raxxa.com\/?post_type=product&#038;p=171243"},"modified":"2025-10-31T12:50:38","modified_gmt":"2025-10-31T10:50:38","slug":"raxxa-premium-tischset-ueppige-dunkelheit-blumige-vintage-gothic-kunst","status":"publish","type":"product","link":"https:\/\/www.raxxa.com\/en\/shop\/raxxa-premium-tischset-ueppige-dunkelheit-blumige-vintage-gothic-kunst\/","title":{"rendered":"raxxa Premium placemat: Lush darkness: Flowery vintage gothic art"},"content":{"rendered":"<h3><strong>\"Lush darkness: flowery vintage gothic art\" by Uta Naumann<\/strong><\/h3>\n<p><strong><\/strong><\/p>\n<p>In this nostalgic gothic floral design, lush peonies and roses are arranged into a magnificent flower arrangement. The peach and cream-colored roses and delicate peonies form a fascinating contrast to a dark, almost velvety background that gives the arrangement a mysterious depth. This artistic arrangement exudes luxury, vintage romance and a deep sensuality. It is reminiscent of a bygone era in which floral arrangements served as symbols of passion and splendor. The arrangement conveys a timeless elegance and creates a romantic atmosphere that fills the room with sombre allure and puts the beauty of the flowers center stage.<\/p>\n<p>&nbsp;<\/p>\nBrighten up your dining room with our colorful vinyl placemats from our artists! These one-sided printed placemats are made from durable material and are perfect for adding a pop of color to your table. Measuring 40 x 30 cm, they are just the right size for any tableware. Brighten up your meals with style and practicality!<br><br>Material notes:<br><ul><li>40 x 30 cm.<\/li><li>approx. 1.6 mm thick.<\/li><li>Vinyl.<\/li><li>Clean with a damp cloth, not suitable for the dishwasher.<\/li><li>Made in Germany.<\/li><\/ul>","protected":false},"excerpt":{"rendered":"<p>&quot;\u00dcppige Dunkelheit: Blumige Vintage-Gothic-Kunst&quot; by Uta Naumann In diesem nostalgischen Gothic-Floraldesign sind \u00fcppige Pfingstrosen und Rosen zu einem prachtvollen Blumengesteck arrangiert. Die pfirsisch und cremefarbenen Rosen und die zarten Pfingstrosen bilden einen faszinierenden Kontrast zu einem dunklen, fast samtenen Hintergrund, der dem Arrangement eine geheimnisvolle Tiefe verleiht. Dieses kunstvolle Gesteck strahlt Luxus, Vintage-Romantik und eine [&hellip;]<\/p>\n","protected":false},"featured_media":246925,"comment_status":"open","ping_status":"closed","template":"","meta":[],"product_brand":[],"product_cat":[136,11218,11051],"product_tag":[],"class_list":{"0":"post-171243","1":"product","2":"type-product","3":"status-publish","4":"has-post-thumbnail","6":"product_cat-natur","7":"product_cat-uta-naumann","8":"product_cat-tischset","9":"product_shipping_class-versand-tischset","11":"first","12":"instock","13":"taxable","14":"shipping-taxable","15":"purchasable","16":"product-type-variable"},"yoast_head":"<!-- This site is optimized with the Yoast SEO Premium plugin v27.2 (Yoast SEO v27.3) - https:\/\/yoast.com\/product\/yoast-seo-premium-wordpress\/ -->\n<title>raxxa Premium-Tischset: \u00dcppige Dunkelheit: Blumige Vintage-Gothic-Kunst - raxxa<\/title>\n<meta name=\"robots\" content=\"index, follow, max-snippet:-1, max-image-preview:large, max-video-preview:-1\" \/>\n<link rel=\"canonical\" href=\"https:\/\/www.raxxa.com\/en\/shop\/raxxa-premium-tischset-ueppige-dunkelheit-blumige-vintage-gothic-kunst\/\" \/>\n<meta property=\"og:locale\" content=\"en_US\" \/>\n<meta property=\"og:type\" content=\"article\" \/>\n<meta property=\"og:title\" content=\"raxxa Premium-Tischset: \u00dcppige Dunkelheit: Blumige Vintage-Gothic-Kunst\" \/>\n<meta property=\"og:description\" content=\"&quot;\u00dcppige Dunkelheit: Blumige Vintage-Gothic-Kunst&quot; by Uta Naumann In diesem nostalgischen Gothic-Floraldesign sind \u00fcppige Pfingstrosen und Rosen zu einem prachtvollen Blumengesteck arrangiert. Die pfirsisch und cremefarbenen Rosen und die zarten Pfingstrosen bilden einen faszinierenden Kontrast zu einem dunklen, fast samtenen Hintergrund, der dem Arrangement eine geheimnisvolle Tiefe verleiht. Dieses kunstvolle Gesteck strahlt Luxus, Vintage-Romantik und eine [&hellip;]\" \/>\n<meta property=\"og:url\" content=\"https:\/\/www.raxxa.com\/en\/shop\/raxxa-premium-tischset-ueppige-dunkelheit-blumige-vintage-gothic-kunst\/\" \/>\n<meta property=\"og:site_name\" content=\"raxxa\" \/>\n<meta property=\"article:publisher\" content=\"https:\/\/facebook.com\/raxxacom\" \/>\n<meta property=\"article:modified_time\" content=\"2025-10-31T10:50:38+00:00\" \/>\n<meta property=\"og:image\" content=\"https:\/\/www.raxxa.com\/wp-content\/uploads\/2023\/10\/282_7389_Ueppige-Dunkelheit-Blumige-Vintage-Gothic-Kunst-Uta-Naumann_tischset3.png\" \/>\n\t<meta property=\"og:image:width\" content=\"800\" \/>\n\t<meta property=\"og:image:height\" content=\"800\" \/>\n\t<meta property=\"og:image:type\" content=\"image\/png\" \/>\n<meta name=\"twitter:card\" content=\"summary_large_image\" \/>\n<meta name=\"twitter:label1\" content=\"Availability\" \/>\n\t<meta name=\"twitter:data1\" content=\"In stock\" \/>\n<script type=\"application\/ld+json\" class=\"yoast-schema-graph\">{\"@context\":\"https:\\\/\\\/schema.org\",\"@graph\":[{\"@type\":[\"WebPage\",\"ItemPage\"],\"@id\":\"https:\\\/\\\/www.raxxa.com\\\/shop\\\/raxxa-premium-tischset-ueppige-dunkelheit-blumige-vintage-gothic-kunst\\\/\",\"url\":\"https:\\\/\\\/www.raxxa.com\\\/shop\\\/raxxa-premium-tischset-ueppige-dunkelheit-blumige-vintage-gothic-kunst\\\/\",\"name\":\"raxxa Premium-Tischset: \u00dcppige Dunkelheit: Blumige Vintage-Gothic-Kunst - raxxa\",\"isPartOf\":{\"@id\":\"https:\\\/\\\/www.raxxa.com\\\/#website\"},\"primaryImageOfPage\":{\"@id\":\"https:\\\/\\\/www.raxxa.com\\\/shop\\\/raxxa-premium-tischset-ueppige-dunkelheit-blumige-vintage-gothic-kunst\\\/#primaryimage\"},\"image\":{\"@id\":\"https:\\\/\\\/www.raxxa.com\\\/shop\\\/raxxa-premium-tischset-ueppige-dunkelheit-blumige-vintage-gothic-kunst\\\/#primaryimage\"},\"thumbnailUrl\":\"https:\\\/\\\/www.raxxa.com\\\/wp-content\\\/uploads\\\/2023\\\/10\\\/raxxa-Tischset-282-7389-6-Uta-Naumann-Uppige-Dunkelheit-Blumige-Vintage-Gothic-Kunst-17-1.jpg\",\"datePublished\":\"2023-10-07T14:05:26+00:00\",\"dateModified\":\"2025-10-31T10:50:38+00:00\",\"breadcrumb\":{\"@id\":\"https:\\\/\\\/www.raxxa.com\\\/shop\\\/raxxa-premium-tischset-ueppige-dunkelheit-blumige-vintage-gothic-kunst\\\/#breadcrumb\"},\"inLanguage\":\"en-US\",\"potentialAction\":[{\"@type\":\"ReadAction\",\"target\":[\"https:\\\/\\\/www.raxxa.com\\\/shop\\\/raxxa-premium-tischset-ueppige-dunkelheit-blumige-vintage-gothic-kunst\\\/\"]}]},{\"@type\":\"ImageObject\",\"inLanguage\":\"en-US\",\"@id\":\"https:\\\/\\\/www.raxxa.com\\\/shop\\\/raxxa-premium-tischset-ueppige-dunkelheit-blumige-vintage-gothic-kunst\\\/#primaryimage\",\"url\":\"https:\\\/\\\/www.raxxa.com\\\/wp-content\\\/uploads\\\/2023\\\/10\\\/raxxa-Tischset-282-7389-6-Uta-Naumann-Uppige-Dunkelheit-Blumige-Vintage-Gothic-Kunst-17-1.jpg\",\"contentUrl\":\"https:\\\/\\\/www.raxxa.com\\\/wp-content\\\/uploads\\\/2023\\\/10\\\/raxxa-Tischset-282-7389-6-Uta-Naumann-Uppige-Dunkelheit-Blumige-Vintage-Gothic-Kunst-17-1.jpg\",\"width\":1024,\"height\":1024},{\"@type\":\"BreadcrumbList\",\"@id\":\"https:\\\/\\\/www.raxxa.com\\\/shop\\\/raxxa-premium-tischset-ueppige-dunkelheit-blumige-vintage-gothic-kunst\\\/#breadcrumb\",\"itemListElement\":[{\"@type\":\"ListItem\",\"position\":1,\"name\":\"Startseite\",\"item\":\"https:\\\/\\\/www.raxxa.com\\\/\"},{\"@type\":\"ListItem\",\"position\":2,\"name\":\"Shop\",\"item\":\"https:\\\/\\\/www.raxxa.com\\\/it\\\/shop\\\/\"},{\"@type\":\"ListItem\",\"position\":3,\"name\":\"raxxa Premium-Tischset: \u00dcppige Dunkelheit: Blumige Vintage-Gothic-Kunst\"}]},{\"@type\":\"WebSite\",\"@id\":\"https:\\\/\\\/www.raxxa.com\\\/#website\",\"url\":\"https:\\\/\\\/www.raxxa.com\\\/\",\"name\":\"raxxa\",\"description\":\"Einzigartige individuelle Produkte von unseren Designern\",\"publisher\":{\"@id\":\"https:\\\/\\\/www.raxxa.com\\\/#organization\"},\"potentialAction\":[{\"@type\":\"SearchAction\",\"target\":{\"@type\":\"EntryPoint\",\"urlTemplate\":\"https:\\\/\\\/www.raxxa.com\\\/?s={search_term_string}\"},\"query-input\":{\"@type\":\"PropertyValueSpecification\",\"valueRequired\":true,\"valueName\":\"search_term_string\"}}],\"inLanguage\":\"en-US\"},{\"@type\":\"Organization\",\"@id\":\"https:\\\/\\\/www.raxxa.com\\\/#organization\",\"name\":\"raxxa\",\"url\":\"https:\\\/\\\/www.raxxa.com\\\/\",\"logo\":{\"@type\":\"ImageObject\",\"inLanguage\":\"en-US\",\"@id\":\"https:\\\/\\\/www.raxxa.com\\\/#\\\/schema\\\/logo\\\/image\\\/\",\"url\":\"https:\\\/\\\/www.raxxa.com\\\/wp-content\\\/uploads\\\/2022\\\/07\\\/logo_v2.png\",\"contentUrl\":\"https:\\\/\\\/www.raxxa.com\\\/wp-content\\\/uploads\\\/2022\\\/07\\\/logo_v2.png\",\"width\":380,\"height\":382,\"caption\":\"raxxa\"},\"image\":{\"@id\":\"https:\\\/\\\/www.raxxa.com\\\/#\\\/schema\\\/logo\\\/image\\\/\"},\"sameAs\":[\"https:\\\/\\\/facebook.com\\\/raxxacom\"]}]}<\/script>\n<meta property=\"og:availability\" content=\"instock\" \/>\n<meta property=\"product:availability\" content=\"instock\" \/>\n<meta property=\"product:retailer_item_id\" content=\"1-6-7389-282\" \/>\n<meta property=\"product:condition\" content=\"new\" \/>\n<!-- \/ Yoast SEO Premium plugin. -->","yoast_head_json":{"title":"raxxa Premium-Tischset: \u00dcppige Dunkelheit: Blumige Vintage-Gothic-Kunst - raxxa","robots":{"index":"index","follow":"follow","max-snippet":"max-snippet:-1","max-image-preview":"max-image-preview:large","max-video-preview":"max-video-preview:-1"},"canonical":"https:\/\/www.raxxa.com\/en\/shop\/raxxa-premium-tischset-ueppige-dunkelheit-blumige-vintage-gothic-kunst\/","og_locale":"en_US","og_type":"article","og_title":"raxxa Premium-Tischset: \u00dcppige Dunkelheit: Blumige Vintage-Gothic-Kunst","og_description":"&quot;\u00dcppige Dunkelheit: Blumige Vintage-Gothic-Kunst&quot; by Uta Naumann In diesem nostalgischen Gothic-Floraldesign sind \u00fcppige Pfingstrosen und Rosen zu einem prachtvollen Blumengesteck arrangiert. Die pfirsisch und cremefarbenen Rosen und die zarten Pfingstrosen bilden einen faszinierenden Kontrast zu einem dunklen, fast samtenen Hintergrund, der dem Arrangement eine geheimnisvolle Tiefe verleiht. Dieses kunstvolle Gesteck strahlt Luxus, Vintage-Romantik und eine [&hellip;]","og_url":"https:\/\/www.raxxa.com\/en\/shop\/raxxa-premium-tischset-ueppige-dunkelheit-blumige-vintage-gothic-kunst\/","og_site_name":"raxxa","article_publisher":"https:\/\/facebook.com\/raxxacom","article_modified_time":"2025-10-31T10:50:38+00:00","og_image":[{"width":800,"height":800,"url":"https:\/\/www.raxxa.com\/wp-content\/uploads\/2023\/10\/282_7389_Ueppige-Dunkelheit-Blumige-Vintage-Gothic-Kunst-Uta-Naumann_tischset3.png","type":"image\/png"}],"twitter_card":"summary_large_image","twitter_misc":{"Availability":"In stock"},"schema":{"@context":"https:\/\/schema.org","@graph":[{"@type":["WebPage","ItemPage"],"@id":"https:\/\/www.raxxa.com\/shop\/raxxa-premium-tischset-ueppige-dunkelheit-blumige-vintage-gothic-kunst\/","url":"https:\/\/www.raxxa.com\/shop\/raxxa-premium-tischset-ueppige-dunkelheit-blumige-vintage-gothic-kunst\/","name":"raxxa Premium-Tischset: \u00dcppige Dunkelheit: Blumige Vintage-Gothic-Kunst - raxxa","isPartOf":{"@id":"https:\/\/www.raxxa.com\/#website"},"primaryImageOfPage":{"@id":"https:\/\/www.raxxa.com\/shop\/raxxa-premium-tischset-ueppige-dunkelheit-blumige-vintage-gothic-kunst\/#primaryimage"},"image":{"@id":"https:\/\/www.raxxa.com\/shop\/raxxa-premium-tischset-ueppige-dunkelheit-blumige-vintage-gothic-kunst\/#primaryimage"},"thumbnailUrl":"https:\/\/www.raxxa.com\/wp-content\/uploads\/2023\/10\/raxxa-Tischset-282-7389-6-Uta-Naumann-Uppige-Dunkelheit-Blumige-Vintage-Gothic-Kunst-17-1.jpg","datePublished":"2023-10-07T14:05:26+00:00","dateModified":"2025-10-31T10:50:38+00:00","breadcrumb":{"@id":"https:\/\/www.raxxa.com\/shop\/raxxa-premium-tischset-ueppige-dunkelheit-blumige-vintage-gothic-kunst\/#breadcrumb"},"inLanguage":"en-US","potentialAction":[{"@type":"ReadAction","target":["https:\/\/www.raxxa.com\/shop\/raxxa-premium-tischset-ueppige-dunkelheit-blumige-vintage-gothic-kunst\/"]}]},{"@type":"ImageObject","inLanguage":"en-US","@id":"https:\/\/www.raxxa.com\/shop\/raxxa-premium-tischset-ueppige-dunkelheit-blumige-vintage-gothic-kunst\/#primaryimage","url":"https:\/\/www.raxxa.com\/wp-content\/uploads\/2023\/10\/raxxa-Tischset-282-7389-6-Uta-Naumann-Uppige-Dunkelheit-Blumige-Vintage-Gothic-Kunst-17-1.jpg","contentUrl":"https:\/\/www.raxxa.com\/wp-content\/uploads\/2023\/10\/raxxa-Tischset-282-7389-6-Uta-Naumann-Uppige-Dunkelheit-Blumige-Vintage-Gothic-Kunst-17-1.jpg","width":1024,"height":1024},{"@type":"BreadcrumbList","@id":"https:\/\/www.raxxa.com\/shop\/raxxa-premium-tischset-ueppige-dunkelheit-blumige-vintage-gothic-kunst\/#breadcrumb","itemListElement":[{"@type":"ListItem","position":1,"name":"Startseite","item":"https:\/\/www.raxxa.com\/"},{"@type":"ListItem","position":2,"name":"Shop","item":"https:\/\/www.raxxa.com\/it\/shop\/"},{"@type":"ListItem","position":3,"name":"raxxa Premium-Tischset: \u00dcppige Dunkelheit: Blumige Vintage-Gothic-Kunst"}]},{"@type":"WebSite","@id":"https:\/\/www.raxxa.com\/#website","url":"https:\/\/www.raxxa.com\/","name":"raxxa","description":"Unique individual products from our designers","publisher":{"@id":"https:\/\/www.raxxa.com\/#organization"},"potentialAction":[{"@type":"SearchAction","target":{"@type":"EntryPoint","urlTemplate":"https:\/\/www.raxxa.com\/?s={search_term_string}"},"query-input":{"@type":"PropertyValueSpecification","valueRequired":true,"valueName":"search_term_string"}}],"inLanguage":"en-US"},{"@type":"Organization","@id":"https:\/\/www.raxxa.com\/#organization","name":"raxxa","url":"https:\/\/www.raxxa.com\/","logo":{"@type":"ImageObject","inLanguage":"en-US","@id":"https:\/\/www.raxxa.com\/#\/schema\/logo\/image\/","url":"https:\/\/www.raxxa.com\/wp-content\/uploads\/2022\/07\/logo_v2.png","contentUrl":"https:\/\/www.raxxa.com\/wp-content\/uploads\/2022\/07\/logo_v2.png","width":380,"height":382,"caption":"raxxa"},"image":{"@id":"https:\/\/www.raxxa.com\/#\/schema\/logo\/image\/"},"sameAs":["https:\/\/facebook.com\/raxxacom"]}]},"og_availability":"instock","product_availability":"instock","product_retailer_item_id":"1-6-7389-282","product_condition":"new"},"jetpack_sharing_enabled":true,"_links":{"self":[{"href":"https:\/\/www.raxxa.com\/en\/wp-json\/wp\/v2\/product\/171243","targetHints":{"allow":["GET"]}}],"collection":[{"href":"https:\/\/www.raxxa.com\/en\/wp-json\/wp\/v2\/product"}],"about":[{"href":"https:\/\/www.raxxa.com\/en\/wp-json\/wp\/v2\/types\/product"}],"replies":[{"embeddable":true,"href":"https:\/\/www.raxxa.com\/en\/wp-json\/wp\/v2\/comments?post=171243"}],"wp:featuredmedia":[{"embeddable":true,"href":"https:\/\/www.raxxa.com\/en\/wp-json\/wp\/v2\/media\/246925"}],"wp:attachment":[{"href":"https:\/\/www.raxxa.com\/en\/wp-json\/wp\/v2\/media?parent=171243"}],"wp:term":[{"taxonomy":"product_brand","embeddable":true,"href":"https:\/\/www.raxxa.com\/en\/wp-json\/wp\/v2\/product_brand?post=171243"},{"taxonomy":"product_cat","embeddable":true,"href":"https:\/\/www.raxxa.com\/en\/wp-json\/wp\/v2\/product_cat?post=171243"},{"taxonomy":"product_tag","embeddable":true,"href":"https:\/\/www.raxxa.com\/en\/wp-json\/wp\/v2\/product_tag?post=171243"}],"curies":[{"name":"wp","href":"https:\/\/api.w.org\/{rel}","templated":true}]}}