{"id":133468,"date":"2022-03-29T14:07:47","date_gmt":"2022-03-29T12:07:47","guid":{"rendered":"https:\/\/www.raxxa.com\/?post_type=product&#038;p=133468"},"modified":"2022-04-17T07:51:43","modified_gmt":"2022-04-17T05:51:43","slug":"sport-t-shirt-composition-no-5","status":"publish","type":"product","link":"https:\/\/www.raxxa.com\/en\/shop\/sport-t-shirt-composition-no-5\/","title":{"rendered":"Sports T-Shirt: Composition No. 5"},"content":{"rendered":"<div>\n  <span style='font-weight: bolder; font-size: 1rem;'>raxxa Men Sport T-Shirt Composition No. 5<\/span><br \/>\n\n<\/div>\n<div>\n  <span style='font-weight: bolder;'>desiged by Gustavo Eracleo<\/span>\n<\/div>\n<div>\n  <span style='font-weight: bolder;'><br \/><\/span><br \/>\n  \n<\/div>\n<div>\n<\/div>\n<div>\n<span style='font-size: 1rem;'><br \/>\nThis raxxa sports t-shirt has a cool and sporty look with<br \/>\nan expressive, dynamic print. It is<br \/>\nmoisture-absorbent and antimicrobial, so that athletes can also feel<br \/>\nfeel dry and comfortable during the most intense exercises.<br \/>\n<\/span>\n<\/div>\n<div>\n  <span style='font-size: 1rem;'><br \/><\/span><br \/>\n  <span style='font-size: 1rem;'>With every purchase of a raxxa product, an artist is directly supported.<\/span>\n<\/div>\n<div>\n  <span style='font-size: 1rem;'><br \/><\/span><br \/>\n  <span style='font-size: 1rem;'>Material notes:<\/span>\n<\/div>\n<p><\/p>\n<div>\n<span style='font-size: 1rem;'><\/p>\n<ul style='list-style-position: inside'>\n<li>92 % polyester, 8 % spandex<\/li>\n<li>Fabric weight: 150 g\/m\u00b2, weight may vary up to 5%.<\/li>\n<li>MaxDri moisture management &amp; MicroBlok antimicrobial fabric<\/li>\n<li>Very soft four-way stretch mesh fabric<\/li>\n<li>Comfortable fit<\/li>\n<li>Overlock and cover stitch<\/li>\n<\/ul>\n<p><\/span>\n<\/div>\n<div>\n<span style='font-size: 1rem;'>This product is made on request especially for you in the desired design and size.&nbsp;<\/span>\n<\/div>","protected":false},"excerpt":{"rendered":"<p>raxxa Herren Sport T-Shirt Composition No. 5 desiged by Gustavo Eracleo Dieses raxxa Sport-T-Shirt hat einen coolen und sportlichen Look mit einem ausdrucksstarken, dynamischen Druck. Es ist feuchtigkeitsabsorbierend und antimikrobiell, sodass sich Sportler auch bei den intensivsten \u00dcbungen trocken und komfortabel f\u00fchlen. Mit jedem Kauf eines raxxa Produkts wird direkt ein K\u00fcnstler unterst\u00fctzt. Materialhinweise: 92 [&hellip;]<\/p>\n","protected":false},"featured_media":133469,"comment_status":"open","ping_status":"closed","template":"","meta":[],"product_brand":[],"product_cat":[10318,10316,10315,10319],"product_tag":[],"class_list":{"0":"post-133468","1":"product","2":"type-product","3":"status-publish","4":"has-post-thumbnail","6":"product_cat-herren","7":"product_cat-kleidung","8":"product_cat-mode-accessoires","9":"product_cat-t-shirts-herren","10":"product_shipping_class-versand-t-shirts1","12":"first","13":"instock","14":"taxable","15":"shipping-taxable","16":"purchasable","17":"product-type-variable"},"yoast_head":"<!-- This site is optimized with the Yoast SEO Premium plugin v27.4 (Yoast SEO v27.4) - https:\/\/yoast.com\/product\/yoast-seo-premium-wordpress\/ -->\n<title>Sport T-Shirt: Composition No. 5 - raxxa<\/title>\n<meta name=\"robots\" content=\"index, follow, max-snippet:-1, max-image-preview:large, max-video-preview:-1\" \/>\n<link rel=\"canonical\" href=\"https:\/\/www.raxxa.com\/en\/shop\/sport-t-shirt-composition-no-5\/\" \/>\n<meta property=\"og:locale\" content=\"en_US\" \/>\n<meta property=\"og:type\" content=\"article\" \/>\n<meta property=\"og:title\" content=\"Sport T-Shirt: Composition No. 5\" \/>\n<meta property=\"og:description\" content=\"raxxa Herren Sport T-Shirt Composition No. 5 desiged by Gustavo Eracleo Dieses raxxa Sport-T-Shirt hat einen coolen und sportlichen Look mit einem ausdrucksstarken, dynamischen Druck. Es ist feuchtigkeitsabsorbierend und antimikrobiell, sodass sich Sportler auch bei den intensivsten \u00dcbungen trocken und komfortabel f\u00fchlen. Mit jedem Kauf eines raxxa Produkts wird direkt ein K\u00fcnstler unterst\u00fctzt. Materialhinweise: 92 [&hellip;]\" \/>\n<meta property=\"og:url\" content=\"https:\/\/www.raxxa.com\/en\/shop\/sport-t-shirt-composition-no-5\/\" \/>\n<meta property=\"og:site_name\" content=\"raxxa\" \/>\n<meta property=\"article:publisher\" content=\"https:\/\/facebook.com\/raxxacom\" \/>\n<meta property=\"article:modified_time\" content=\"2022-04-17T05:51:43+00:00\" \/>\n<meta property=\"og:image\" content=\"https:\/\/www.raxxa.com\/wp-content\/uploads\/2022\/03\/gt-349621399_102_787_328_9953_front.jpg\" \/>\n\t<meta property=\"og:image:width\" content=\"1000\" \/>\n\t<meta property=\"og:image:height\" content=\"1000\" \/>\n\t<meta property=\"og:image:type\" content=\"image\/jpeg\" \/>\n<meta name=\"twitter:card\" content=\"summary_large_image\" \/>\n<meta name=\"twitter:label1\" content=\"Availability\" \/>\n\t<meta name=\"twitter:data1\" content=\"In stock\" \/>\n<script type=\"application\/ld+json\" class=\"yoast-schema-graph\">{\"@context\":\"https:\\\/\\\/schema.org\",\"@graph\":[{\"@type\":[\"WebPage\",\"ItemPage\"],\"@id\":\"https:\\\/\\\/www.raxxa.com\\\/shop\\\/sport-t-shirt-composition-no-5\\\/\",\"url\":\"https:\\\/\\\/www.raxxa.com\\\/shop\\\/sport-t-shirt-composition-no-5\\\/\",\"name\":\"Sport T-Shirt: Composition No. 5 - raxxa\",\"isPartOf\":{\"@id\":\"https:\\\/\\\/www.raxxa.com\\\/#website\"},\"primaryImageOfPage\":{\"@id\":\"https:\\\/\\\/www.raxxa.com\\\/shop\\\/sport-t-shirt-composition-no-5\\\/#primaryimage\"},\"image\":{\"@id\":\"https:\\\/\\\/www.raxxa.com\\\/shop\\\/sport-t-shirt-composition-no-5\\\/#primaryimage\"},\"thumbnailUrl\":\"https:\\\/\\\/www.raxxa.com\\\/wp-content\\\/uploads\\\/2022\\\/03\\\/gt-349621399_102_787_328_9953_front.jpg\",\"datePublished\":\"2022-03-29T12:07:47+00:00\",\"dateModified\":\"2022-04-17T05:51:43+00:00\",\"breadcrumb\":{\"@id\":\"https:\\\/\\\/www.raxxa.com\\\/shop\\\/sport-t-shirt-composition-no-5\\\/#breadcrumb\"},\"inLanguage\":\"en-US\",\"potentialAction\":[{\"@type\":\"ReadAction\",\"target\":[\"https:\\\/\\\/www.raxxa.com\\\/shop\\\/sport-t-shirt-composition-no-5\\\/\"]}]},{\"@type\":\"ImageObject\",\"inLanguage\":\"en-US\",\"@id\":\"https:\\\/\\\/www.raxxa.com\\\/shop\\\/sport-t-shirt-composition-no-5\\\/#primaryimage\",\"url\":\"https:\\\/\\\/www.raxxa.com\\\/wp-content\\\/uploads\\\/2022\\\/03\\\/gt-349621399_102_787_328_9953_front.jpg\",\"contentUrl\":\"https:\\\/\\\/www.raxxa.com\\\/wp-content\\\/uploads\\\/2022\\\/03\\\/gt-349621399_102_787_328_9953_front.jpg\",\"width\":1000,\"height\":1000},{\"@type\":\"BreadcrumbList\",\"@id\":\"https:\\\/\\\/www.raxxa.com\\\/shop\\\/sport-t-shirt-composition-no-5\\\/#breadcrumb\",\"itemListElement\":[{\"@type\":\"ListItem\",\"position\":1,\"name\":\"Startseite\",\"item\":\"https:\\\/\\\/www.raxxa.com\\\/\"},{\"@type\":\"ListItem\",\"position\":2,\"name\":\"Shop\",\"item\":\"https:\\\/\\\/www.raxxa.com\\\/it\\\/shop\\\/\"},{\"@type\":\"ListItem\",\"position\":3,\"name\":\"Sport T-Shirt: Composition No. 5\"}]},{\"@type\":\"WebSite\",\"@id\":\"https:\\\/\\\/www.raxxa.com\\\/#website\",\"url\":\"https:\\\/\\\/www.raxxa.com\\\/\",\"name\":\"raxxa\",\"description\":\"Einzigartige individuelle Produkte von unseren Designern\",\"publisher\":{\"@id\":\"https:\\\/\\\/www.raxxa.com\\\/#organization\"},\"potentialAction\":[{\"@type\":\"SearchAction\",\"target\":{\"@type\":\"EntryPoint\",\"urlTemplate\":\"https:\\\/\\\/www.raxxa.com\\\/?s={search_term_string}\"},\"query-input\":{\"@type\":\"PropertyValueSpecification\",\"valueRequired\":true,\"valueName\":\"search_term_string\"}}],\"inLanguage\":\"en-US\"},{\"@type\":\"Organization\",\"@id\":\"https:\\\/\\\/www.raxxa.com\\\/#organization\",\"name\":\"raxxa\",\"url\":\"https:\\\/\\\/www.raxxa.com\\\/\",\"logo\":{\"@type\":\"ImageObject\",\"inLanguage\":\"en-US\",\"@id\":\"https:\\\/\\\/www.raxxa.com\\\/#\\\/schema\\\/logo\\\/image\\\/\",\"url\":\"https:\\\/\\\/www.raxxa.com\\\/wp-content\\\/uploads\\\/2022\\\/07\\\/logo_v2.png\",\"contentUrl\":\"https:\\\/\\\/www.raxxa.com\\\/wp-content\\\/uploads\\\/2022\\\/07\\\/logo_v2.png\",\"width\":380,\"height\":382,\"caption\":\"raxxa\"},\"image\":{\"@id\":\"https:\\\/\\\/www.raxxa.com\\\/#\\\/schema\\\/logo\\\/image\\\/\"},\"sameAs\":[\"https:\\\/\\\/facebook.com\\\/raxxacom\"]}]}<\/script>\n<meta property=\"og:availability\" content=\"instock\" \/>\n<meta property=\"product:availability\" content=\"instock\" \/>\n<meta property=\"product:retailer_item_id\" content=\"1-98-787-102\" \/>\n<meta property=\"product:condition\" content=\"new\" \/>\n<!-- \/ Yoast SEO Premium plugin. -->","yoast_head_json":{"title":"Sport T-Shirt: Composition No. 5 - raxxa","robots":{"index":"index","follow":"follow","max-snippet":"max-snippet:-1","max-image-preview":"max-image-preview:large","max-video-preview":"max-video-preview:-1"},"canonical":"https:\/\/www.raxxa.com\/en\/shop\/sport-t-shirt-composition-no-5\/","og_locale":"en_US","og_type":"article","og_title":"Sport T-Shirt: Composition No. 5","og_description":"raxxa Herren Sport T-Shirt Composition No. 5 desiged by Gustavo Eracleo Dieses raxxa Sport-T-Shirt hat einen coolen und sportlichen Look mit einem ausdrucksstarken, dynamischen Druck. Es ist feuchtigkeitsabsorbierend und antimikrobiell, sodass sich Sportler auch bei den intensivsten \u00dcbungen trocken und komfortabel f\u00fchlen. Mit jedem Kauf eines raxxa Produkts wird direkt ein K\u00fcnstler unterst\u00fctzt. Materialhinweise: 92 [&hellip;]","og_url":"https:\/\/www.raxxa.com\/en\/shop\/sport-t-shirt-composition-no-5\/","og_site_name":"raxxa","article_publisher":"https:\/\/facebook.com\/raxxacom","article_modified_time":"2022-04-17T05:51:43+00:00","og_image":[{"width":1000,"height":1000,"url":"https:\/\/www.raxxa.com\/wp-content\/uploads\/2022\/03\/gt-349621399_102_787_328_9953_front.jpg","type":"image\/jpeg"}],"twitter_card":"summary_large_image","twitter_misc":{"Availability":"In stock"},"schema":{"@context":"https:\/\/schema.org","@graph":[{"@type":["WebPage","ItemPage"],"@id":"https:\/\/www.raxxa.com\/shop\/sport-t-shirt-composition-no-5\/","url":"https:\/\/www.raxxa.com\/shop\/sport-t-shirt-composition-no-5\/","name":"Sport T-Shirt: Composition No. 5 - raxxa","isPartOf":{"@id":"https:\/\/www.raxxa.com\/#website"},"primaryImageOfPage":{"@id":"https:\/\/www.raxxa.com\/shop\/sport-t-shirt-composition-no-5\/#primaryimage"},"image":{"@id":"https:\/\/www.raxxa.com\/shop\/sport-t-shirt-composition-no-5\/#primaryimage"},"thumbnailUrl":"https:\/\/www.raxxa.com\/wp-content\/uploads\/2022\/03\/gt-349621399_102_787_328_9953_front.jpg","datePublished":"2022-03-29T12:07:47+00:00","dateModified":"2022-04-17T05:51:43+00:00","breadcrumb":{"@id":"https:\/\/www.raxxa.com\/shop\/sport-t-shirt-composition-no-5\/#breadcrumb"},"inLanguage":"en-US","potentialAction":[{"@type":"ReadAction","target":["https:\/\/www.raxxa.com\/shop\/sport-t-shirt-composition-no-5\/"]}]},{"@type":"ImageObject","inLanguage":"en-US","@id":"https:\/\/www.raxxa.com\/shop\/sport-t-shirt-composition-no-5\/#primaryimage","url":"https:\/\/www.raxxa.com\/wp-content\/uploads\/2022\/03\/gt-349621399_102_787_328_9953_front.jpg","contentUrl":"https:\/\/www.raxxa.com\/wp-content\/uploads\/2022\/03\/gt-349621399_102_787_328_9953_front.jpg","width":1000,"height":1000},{"@type":"BreadcrumbList","@id":"https:\/\/www.raxxa.com\/shop\/sport-t-shirt-composition-no-5\/#breadcrumb","itemListElement":[{"@type":"ListItem","position":1,"name":"Startseite","item":"https:\/\/www.raxxa.com\/"},{"@type":"ListItem","position":2,"name":"Shop","item":"https:\/\/www.raxxa.com\/it\/shop\/"},{"@type":"ListItem","position":3,"name":"Sport T-Shirt: Composition No. 5"}]},{"@type":"WebSite","@id":"https:\/\/www.raxxa.com\/#website","url":"https:\/\/www.raxxa.com\/","name":"raxxa","description":"Unique individual products from our designers","publisher":{"@id":"https:\/\/www.raxxa.com\/#organization"},"potentialAction":[{"@type":"SearchAction","target":{"@type":"EntryPoint","urlTemplate":"https:\/\/www.raxxa.com\/?s={search_term_string}"},"query-input":{"@type":"PropertyValueSpecification","valueRequired":true,"valueName":"search_term_string"}}],"inLanguage":"en-US"},{"@type":"Organization","@id":"https:\/\/www.raxxa.com\/#organization","name":"raxxa","url":"https:\/\/www.raxxa.com\/","logo":{"@type":"ImageObject","inLanguage":"en-US","@id":"https:\/\/www.raxxa.com\/#\/schema\/logo\/image\/","url":"https:\/\/www.raxxa.com\/wp-content\/uploads\/2022\/07\/logo_v2.png","contentUrl":"https:\/\/www.raxxa.com\/wp-content\/uploads\/2022\/07\/logo_v2.png","width":380,"height":382,"caption":"raxxa"},"image":{"@id":"https:\/\/www.raxxa.com\/#\/schema\/logo\/image\/"},"sameAs":["https:\/\/facebook.com\/raxxacom"]}]},"og_availability":"instock","product_availability":"instock","product_retailer_item_id":"1-98-787-102","product_condition":"new"},"jetpack_sharing_enabled":true,"_links":{"self":[{"href":"https:\/\/www.raxxa.com\/en\/wp-json\/wp\/v2\/product\/133468","targetHints":{"allow":["GET"]}}],"collection":[{"href":"https:\/\/www.raxxa.com\/en\/wp-json\/wp\/v2\/product"}],"about":[{"href":"https:\/\/www.raxxa.com\/en\/wp-json\/wp\/v2\/types\/product"}],"replies":[{"embeddable":true,"href":"https:\/\/www.raxxa.com\/en\/wp-json\/wp\/v2\/comments?post=133468"}],"wp:featuredmedia":[{"embeddable":true,"href":"https:\/\/www.raxxa.com\/en\/wp-json\/wp\/v2\/media\/133469"}],"wp:attachment":[{"href":"https:\/\/www.raxxa.com\/en\/wp-json\/wp\/v2\/media?parent=133468"}],"wp:term":[{"taxonomy":"product_brand","embeddable":true,"href":"https:\/\/www.raxxa.com\/en\/wp-json\/wp\/v2\/product_brand?post=133468"},{"taxonomy":"product_cat","embeddable":true,"href":"https:\/\/www.raxxa.com\/en\/wp-json\/wp\/v2\/product_cat?post=133468"},{"taxonomy":"product_tag","embeddable":true,"href":"https:\/\/www.raxxa.com\/en\/wp-json\/wp\/v2\/product_tag?post=133468"}],"curies":[{"name":"wp","href":"https:\/\/api.w.org\/{rel}","templated":true}]}}