{"id":113538,"date":"2022-01-13T01:11:45","date_gmt":"2022-01-12T23:11:45","guid":{"rendered":"https:\/\/www.raxxa.com\/shop\/traumwelten-herrengasse\/"},"modified":"2022-01-13T01:12:08","modified_gmt":"2022-01-12T23:12:08","slug":"traumwelten-herrengasse","status":"publish","type":"product","link":"https:\/\/www.raxxa.com\/en\/shop\/traumwelten-herrengasse\/","title":{"rendered":"Dream worlds - Herrengasse"},"content":{"rendered":"<div><b>\"Dream worlds - Herrengasse\" by Claudia Schellmann<\/b><\/div>\n<div><b><br \/><\/b><\/div>\n<div><\/div>\n<div><\/div>\n<div>I love to invent dream worlds. As a child, I always imagined dwarves living in root caves.<br \/>\nAlmost all the components come from T\u00fcbingen, the tree is in Sch\u00f6nbuch.<\/div>\n<div><b><br \/><\/b><\/div>\n<div><\/div>\n<div><\/div>\n<div>- Photo print on aluminum dibond 3mm with white coating<\/div>\n<div>- Printing high quality inks directly onto the aluminum<\/div>\n<div>- Good tonal gradation ensures exact reproduction<\/div>\n<div><span style=\"font-size: 1rem\">- Matt and glare-free<\/span><\/div>\n<div><span style=\"font-size: 1rem\">- Including hanging set<\/span><\/div>\n<div><\/div>\n<div>Your motif and your individual size will only be produced and sent after your order has been received.<\/div>\n<div><span style=\"font-size: 1rem\">If you would like a different size, please ask.<\/span><\/div>\n<p>tree old tree tree house fantasy fantasy picture fantastic fantasy dream house composing composition image editing digitalart digitalcollage dream worlds imagination living living worlds apartment<\/p>","protected":false},"excerpt":{"rendered":"<p>&#8222;Traumwelten &#8211; Herrengasse&#8220; by Claudia Schellmann Ich liebe es, Traumwelten zu erfinden. Als Kind habe ich mir immer vorgestellt, wie Zwerge in Wurzelh\u00f6hlen wohnen. Die Bestandtteile stammen fast alle aus T\u00fcbingen, der Baum steht im Sch\u00f6nbuch. &#8211; Foto Druck auf Aluminium-Dibond 3mm mit wei\u00dfer Beschichtung &#8211; Druck direkt auf das Aluminium hochwertige Druckfarben &#8211; Gute [&hellip;]<\/p>\n","protected":false},"featured_media":113531,"comment_status":"open","ping_status":"closed","template":"","meta":[],"product_brand":[],"product_cat":[162,10211],"product_tag":[7760,10040,7745,9974,9692,8208,9013],"class_list":{"0":"post-113538","1":"product","2":"type-product","3":"status-publish","4":"has-post-thumbnail","6":"product_cat-fantasie","7":"product_cat-claudia-schellmann","8":"product_tag-baum","9":"product_tag-digitalart","10":"product_tag-fantasie","11":"product_tag-fantastisch","12":"product_tag-fantasy","13":"product_tag-imagination","14":"product_tag-wohnung","16":"first","17":"instock","18":"taxable","19":"shipping-taxable","20":"purchasable","21":"product-type-variable"},"yoast_head":"<!-- This site is optimized with the Yoast SEO Premium plugin v27.4 (Yoast SEO v27.4) - https:\/\/yoast.com\/product\/yoast-seo-premium-wordpress\/ -->\n<title>Traumwelten - Herrengasse - raxxa<\/title>\n<meta name=\"robots\" content=\"index, follow, max-snippet:-1, max-image-preview:large, max-video-preview:-1\" \/>\n<link rel=\"canonical\" href=\"https:\/\/www.raxxa.com\/en\/shop\/traumwelten-herrengasse\/\" \/>\n<meta property=\"og:locale\" content=\"en_US\" \/>\n<meta property=\"og:type\" content=\"article\" \/>\n<meta property=\"og:title\" content=\"Traumwelten - Herrengasse\" \/>\n<meta property=\"og:description\" content=\"&#8222;Traumwelten &#8211; Herrengasse&#8220; by Claudia Schellmann Ich liebe es, Traumwelten zu erfinden. Als Kind habe ich mir immer vorgestellt, wie Zwerge in Wurzelh\u00f6hlen wohnen. Die Bestandtteile stammen fast alle aus T\u00fcbingen, der Baum steht im Sch\u00f6nbuch. &#8211; Foto Druck auf Aluminium-Dibond 3mm mit wei\u00dfer Beschichtung &#8211; Druck direkt auf das Aluminium hochwertige Druckfarben &#8211; Gute [&hellip;]\" \/>\n<meta property=\"og:url\" content=\"https:\/\/www.raxxa.com\/en\/shop\/traumwelten-herrengasse\/\" \/>\n<meta property=\"og:site_name\" content=\"raxxa\" \/>\n<meta property=\"article:publisher\" content=\"https:\/\/facebook.com\/raxxacom\" \/>\n<meta property=\"article:modified_time\" content=\"2022-01-12T23:12:08+00:00\" \/>\n<meta property=\"og:image\" content=\"https:\/\/www.raxxa.com\/wp-content\/uploads\/2022\/01\/131-2194-Traumwelten-Herrengasse-Claudia-Schellmann.png\" \/>\n\t<meta property=\"og:image:width\" content=\"800\" \/>\n\t<meta property=\"og:image:height\" content=\"800\" \/>\n\t<meta property=\"og:image:type\" content=\"image\/png\" \/>\n<meta name=\"twitter:card\" content=\"summary_large_image\" \/>\n<meta name=\"twitter:label1\" content=\"Availability\" \/>\n\t<meta name=\"twitter:data1\" content=\"In stock\" \/>\n<script type=\"application\/ld+json\" class=\"yoast-schema-graph\">{\"@context\":\"https:\\\/\\\/schema.org\",\"@graph\":[{\"@type\":[\"WebPage\",\"ItemPage\"],\"@id\":\"https:\\\/\\\/www.raxxa.com\\\/shop\\\/traumwelten-herrengasse\\\/\",\"url\":\"https:\\\/\\\/www.raxxa.com\\\/shop\\\/traumwelten-herrengasse\\\/\",\"name\":\"Traumwelten - Herrengasse - raxxa\",\"isPartOf\":{\"@id\":\"https:\\\/\\\/www.raxxa.com\\\/#website\"},\"primaryImageOfPage\":{\"@id\":\"https:\\\/\\\/www.raxxa.com\\\/shop\\\/traumwelten-herrengasse\\\/#primaryimage\"},\"image\":{\"@id\":\"https:\\\/\\\/www.raxxa.com\\\/shop\\\/traumwelten-herrengasse\\\/#primaryimage\"},\"thumbnailUrl\":\"https:\\\/\\\/www.raxxa.com\\\/wp-content\\\/uploads\\\/2022\\\/01\\\/131-2194-Traumwelten-Herrengasse-Claudia-Schellmann.png\",\"datePublished\":\"2022-01-12T23:11:45+00:00\",\"dateModified\":\"2022-01-12T23:12:08+00:00\",\"breadcrumb\":{\"@id\":\"https:\\\/\\\/www.raxxa.com\\\/shop\\\/traumwelten-herrengasse\\\/#breadcrumb\"},\"inLanguage\":\"en-US\",\"potentialAction\":[{\"@type\":\"ReadAction\",\"target\":[\"https:\\\/\\\/www.raxxa.com\\\/shop\\\/traumwelten-herrengasse\\\/\"]}]},{\"@type\":\"ImageObject\",\"inLanguage\":\"en-US\",\"@id\":\"https:\\\/\\\/www.raxxa.com\\\/shop\\\/traumwelten-herrengasse\\\/#primaryimage\",\"url\":\"https:\\\/\\\/www.raxxa.com\\\/wp-content\\\/uploads\\\/2022\\\/01\\\/131-2194-Traumwelten-Herrengasse-Claudia-Schellmann.png\",\"contentUrl\":\"https:\\\/\\\/www.raxxa.com\\\/wp-content\\\/uploads\\\/2022\\\/01\\\/131-2194-Traumwelten-Herrengasse-Claudia-Schellmann.png\",\"width\":800,\"height\":800},{\"@type\":\"BreadcrumbList\",\"@id\":\"https:\\\/\\\/www.raxxa.com\\\/shop\\\/traumwelten-herrengasse\\\/#breadcrumb\",\"itemListElement\":[{\"@type\":\"ListItem\",\"position\":1,\"name\":\"Startseite\",\"item\":\"https:\\\/\\\/www.raxxa.com\\\/\"},{\"@type\":\"ListItem\",\"position\":2,\"name\":\"Shop\",\"item\":\"https:\\\/\\\/www.raxxa.com\\\/it\\\/shop\\\/\"},{\"@type\":\"ListItem\",\"position\":3,\"name\":\"Traumwelten &#8211; Herrengasse\"}]},{\"@type\":\"WebSite\",\"@id\":\"https:\\\/\\\/www.raxxa.com\\\/#website\",\"url\":\"https:\\\/\\\/www.raxxa.com\\\/\",\"name\":\"raxxa\",\"description\":\"Einzigartige individuelle Produkte von unseren Designern\",\"publisher\":{\"@id\":\"https:\\\/\\\/www.raxxa.com\\\/#organization\"},\"potentialAction\":[{\"@type\":\"SearchAction\",\"target\":{\"@type\":\"EntryPoint\",\"urlTemplate\":\"https:\\\/\\\/www.raxxa.com\\\/?s={search_term_string}\"},\"query-input\":{\"@type\":\"PropertyValueSpecification\",\"valueRequired\":true,\"valueName\":\"search_term_string\"}}],\"inLanguage\":\"en-US\"},{\"@type\":\"Organization\",\"@id\":\"https:\\\/\\\/www.raxxa.com\\\/#organization\",\"name\":\"raxxa\",\"url\":\"https:\\\/\\\/www.raxxa.com\\\/\",\"logo\":{\"@type\":\"ImageObject\",\"inLanguage\":\"en-US\",\"@id\":\"https:\\\/\\\/www.raxxa.com\\\/#\\\/schema\\\/logo\\\/image\\\/\",\"url\":\"https:\\\/\\\/www.raxxa.com\\\/wp-content\\\/uploads\\\/2022\\\/07\\\/logo_v2.png\",\"contentUrl\":\"https:\\\/\\\/www.raxxa.com\\\/wp-content\\\/uploads\\\/2022\\\/07\\\/logo_v2.png\",\"width\":380,\"height\":382,\"caption\":\"raxxa\"},\"image\":{\"@id\":\"https:\\\/\\\/www.raxxa.com\\\/#\\\/schema\\\/logo\\\/image\\\/\"},\"sameAs\":[\"https:\\\/\\\/facebook.com\\\/raxxacom\"]}]}<\/script>\n<meta property=\"og:availability\" content=\"instock\" \/>\n<meta property=\"product:availability\" content=\"instock\" \/>\n<meta property=\"product:condition\" content=\"new\" \/>\n<!-- \/ Yoast SEO Premium plugin. -->","yoast_head_json":{"title":"Traumwelten - Herrengasse - raxxa","robots":{"index":"index","follow":"follow","max-snippet":"max-snippet:-1","max-image-preview":"max-image-preview:large","max-video-preview":"max-video-preview:-1"},"canonical":"https:\/\/www.raxxa.com\/en\/shop\/traumwelten-herrengasse\/","og_locale":"en_US","og_type":"article","og_title":"Traumwelten - Herrengasse","og_description":"&#8222;Traumwelten &#8211; Herrengasse&#8220; by Claudia Schellmann Ich liebe es, Traumwelten zu erfinden. Als Kind habe ich mir immer vorgestellt, wie Zwerge in Wurzelh\u00f6hlen wohnen. Die Bestandtteile stammen fast alle aus T\u00fcbingen, der Baum steht im Sch\u00f6nbuch. &#8211; Foto Druck auf Aluminium-Dibond 3mm mit wei\u00dfer Beschichtung &#8211; Druck direkt auf das Aluminium hochwertige Druckfarben &#8211; Gute [&hellip;]","og_url":"https:\/\/www.raxxa.com\/en\/shop\/traumwelten-herrengasse\/","og_site_name":"raxxa","article_publisher":"https:\/\/facebook.com\/raxxacom","article_modified_time":"2022-01-12T23:12:08+00:00","og_image":[{"width":800,"height":800,"url":"https:\/\/www.raxxa.com\/wp-content\/uploads\/2022\/01\/131-2194-Traumwelten-Herrengasse-Claudia-Schellmann.png","type":"image\/png"}],"twitter_card":"summary_large_image","twitter_misc":{"Availability":"In stock"},"schema":{"@context":"https:\/\/schema.org","@graph":[{"@type":["WebPage","ItemPage"],"@id":"https:\/\/www.raxxa.com\/shop\/traumwelten-herrengasse\/","url":"https:\/\/www.raxxa.com\/shop\/traumwelten-herrengasse\/","name":"Traumwelten - Herrengasse - raxxa","isPartOf":{"@id":"https:\/\/www.raxxa.com\/#website"},"primaryImageOfPage":{"@id":"https:\/\/www.raxxa.com\/shop\/traumwelten-herrengasse\/#primaryimage"},"image":{"@id":"https:\/\/www.raxxa.com\/shop\/traumwelten-herrengasse\/#primaryimage"},"thumbnailUrl":"https:\/\/www.raxxa.com\/wp-content\/uploads\/2022\/01\/131-2194-Traumwelten-Herrengasse-Claudia-Schellmann.png","datePublished":"2022-01-12T23:11:45+00:00","dateModified":"2022-01-12T23:12:08+00:00","breadcrumb":{"@id":"https:\/\/www.raxxa.com\/shop\/traumwelten-herrengasse\/#breadcrumb"},"inLanguage":"en-US","potentialAction":[{"@type":"ReadAction","target":["https:\/\/www.raxxa.com\/shop\/traumwelten-herrengasse\/"]}]},{"@type":"ImageObject","inLanguage":"en-US","@id":"https:\/\/www.raxxa.com\/shop\/traumwelten-herrengasse\/#primaryimage","url":"https:\/\/www.raxxa.com\/wp-content\/uploads\/2022\/01\/131-2194-Traumwelten-Herrengasse-Claudia-Schellmann.png","contentUrl":"https:\/\/www.raxxa.com\/wp-content\/uploads\/2022\/01\/131-2194-Traumwelten-Herrengasse-Claudia-Schellmann.png","width":800,"height":800},{"@type":"BreadcrumbList","@id":"https:\/\/www.raxxa.com\/shop\/traumwelten-herrengasse\/#breadcrumb","itemListElement":[{"@type":"ListItem","position":1,"name":"Startseite","item":"https:\/\/www.raxxa.com\/"},{"@type":"ListItem","position":2,"name":"Shop","item":"https:\/\/www.raxxa.com\/it\/shop\/"},{"@type":"ListItem","position":3,"name":"Traumwelten &#8211; Herrengasse"}]},{"@type":"WebSite","@id":"https:\/\/www.raxxa.com\/#website","url":"https:\/\/www.raxxa.com\/","name":"raxxa","description":"Unique individual products from our designers","publisher":{"@id":"https:\/\/www.raxxa.com\/#organization"},"potentialAction":[{"@type":"SearchAction","target":{"@type":"EntryPoint","urlTemplate":"https:\/\/www.raxxa.com\/?s={search_term_string}"},"query-input":{"@type":"PropertyValueSpecification","valueRequired":true,"valueName":"search_term_string"}}],"inLanguage":"en-US"},{"@type":"Organization","@id":"https:\/\/www.raxxa.com\/#organization","name":"raxxa","url":"https:\/\/www.raxxa.com\/","logo":{"@type":"ImageObject","inLanguage":"en-US","@id":"https:\/\/www.raxxa.com\/#\/schema\/logo\/image\/","url":"https:\/\/www.raxxa.com\/wp-content\/uploads\/2022\/07\/logo_v2.png","contentUrl":"https:\/\/www.raxxa.com\/wp-content\/uploads\/2022\/07\/logo_v2.png","width":380,"height":382,"caption":"raxxa"},"image":{"@id":"https:\/\/www.raxxa.com\/#\/schema\/logo\/image\/"},"sameAs":["https:\/\/facebook.com\/raxxacom"]}]},"og_availability":"instock","product_availability":"instock","product_condition":"new"},"jetpack_sharing_enabled":true,"_links":{"self":[{"href":"https:\/\/www.raxxa.com\/en\/wp-json\/wp\/v2\/product\/113538","targetHints":{"allow":["GET"]}}],"collection":[{"href":"https:\/\/www.raxxa.com\/en\/wp-json\/wp\/v2\/product"}],"about":[{"href":"https:\/\/www.raxxa.com\/en\/wp-json\/wp\/v2\/types\/product"}],"replies":[{"embeddable":true,"href":"https:\/\/www.raxxa.com\/en\/wp-json\/wp\/v2\/comments?post=113538"}],"wp:featuredmedia":[{"embeddable":true,"href":"https:\/\/www.raxxa.com\/en\/wp-json\/wp\/v2\/media\/113531"}],"wp:attachment":[{"href":"https:\/\/www.raxxa.com\/en\/wp-json\/wp\/v2\/media?parent=113538"}],"wp:term":[{"taxonomy":"product_brand","embeddable":true,"href":"https:\/\/www.raxxa.com\/en\/wp-json\/wp\/v2\/product_brand?post=113538"},{"taxonomy":"product_cat","embeddable":true,"href":"https:\/\/www.raxxa.com\/en\/wp-json\/wp\/v2\/product_cat?post=113538"},{"taxonomy":"product_tag","embeddable":true,"href":"https:\/\/www.raxxa.com\/en\/wp-json\/wp\/v2\/product_tag?post=113538"}],"curies":[{"name":"wp","href":"https:\/\/api.w.org\/{rel}","templated":true}]}}