{"id":152994,"date":"2022-12-15T17:22:25","date_gmt":"2022-12-15T15:22:25","guid":{"rendered":"https:\/\/www.raxxa.com\/?page_id=152994"},"modified":"2025-12-22T09:24:47","modified_gmt":"2025-12-22T07:24:47","slug":"reseller","status":"publish","type":"page","link":"https:\/\/www.raxxa.com\/en\/reseller\/","title":{"rendered":"Dealer access \/ resellers \/ corporate customers"},"content":{"rendered":"<div data-colibri-id=\"152994-c1\" class=\"style-1817 style-local-152994-c1 position-relative\">\n  <!---->\n  <div data-colibri-component=\"section\" data-colibri-id=\"152994-c2\" id=\"about\" class=\"h-section h-section-global-spacing d-flex align-items-lg-center align-items-md-center align-items-center style-3515 style-local-152994-c2 position-relative\">\n    <!---->\n    <!---->\n    <div class=\"h-section-grid-container h-section-boxed-container\">\n      <!---->\n      <div data-colibri-id=\"152994-c3\" class=\"h-row-container gutters-row-lg-2 gutters-row-md-2 gutters-row-0 gutters-row-v-lg-2 gutters-row-v-md-2 gutters-row-v-2 style-3525 style-local-152994-c3 position-relative\">\n        <!---->\n        <div class=\"h-row justify-content-lg-center justify-content-md-center justify-content-center align-items-lg-stretch align-items-md-stretch align-items-stretch gutters-col-lg-2 gutters-col-md-2 gutters-col-0 gutters-col-v-lg-2 gutters-col-v-md-2 gutters-col-v-2\">\n          <!---->\n          <div class=\"h-column h-column-container d-flex h-col-lg-auto h-col-md-auto h-col-auto style-3526-outer style-local-152994-c4-outer\">\n            <div data-colibri-id=\"152994-c4\" class=\"d-flex h-flex-basis h-column__inner h-px-lg-2 h-px-md-2 h-px-2 v-inner-lg-2 v-inner-md-2 v-inner-2 style-3526 style-local-152994-c4 position-relative\">\n              <!---->\n              <!---->\n              <div class=\"w-100 h-y-container h-column__content h-column__v-align flex-basis-100 align-self-lg-start align-self-md-start align-self-start\">\n                <!---->\n                <div data-colibri-id=\"152994-c5\" class=\"h-text h-text-component style-3527 style-local-152994-c5 position-relative h-element\">\n                  <!---->\n                  <!---->\n                  <div class=\"\">\n                    <h2><span style=\"font-weight: 600; font-size: 65px; font-family: &quot;Open Sans&quot;; color: rgb(9, 33, 42);\">Welcome to raxxa<\/span><\/h2>\n                  <\/div>\n                <\/div>\n              <\/div>\n            <\/div>\n          <\/div>\n        <\/div>\n      <\/div>\n      <div data-colibri-id=\"152994-c6\" class=\"h-row-container gutters-row-lg-2 gutters-row-md-2 gutters-row-2 gutters-row-v-lg-2 gutters-row-v-md-2 gutters-row-v-2 style-3516 style-local-152994-c6 position-relative\">\n        <!---->\n        <div class=\"h-row justify-content-lg-center justify-content-md-center justify-content-center align-items-lg-stretch align-items-md-stretch align-items-stretch gutters-col-lg-2 gutters-col-md-2 gutters-col-2 gutters-col-v-lg-2 gutters-col-v-md-2 gutters-col-v-2\">\n          <!---->\n          <div class=\"h-column h-column-container d-flex h-col-lg-6 h-col-md-6 h-col-12 style-3517-outer style-local-152994-c7-outer\">\n            <div data-colibri-id=\"152994-c7\" class=\"d-flex h-flex-basis h-column__inner h-px-lg-2 h-px-md-2 h-px-2 v-inner-lg-2 v-inner-md-2 v-inner-2 style-3517 style-local-152994-c7 position-relative\">\n              <!---->\n              <!---->\n              <div class=\"w-100 h-y-container h-column__content h-column__v-align flex-basis-100 align-self-lg-center align-self-md-center align-self-center\">\n                <!---->\n                <div data-colibri-id=\"152994-c8\" class=\"h-global-transition-all h-heading style-3519 style-local-152994-c8 position-relative h-element\">\n                  <!---->\n                  <div class=\"h-heading__outer style-3519 style-local-152994-c8\">\n                    <!---->\n                    <!---->\n                    <h3 class=\"\">Are you interested in reselling our design products by over 200 artists?<\/h3>\n                  <\/div>\n                <\/div>\n                <div data-colibri-id=\"152994-c9\" class=\"h-text h-text-component style-3520 style-local-152994-c9 position-relative h-element\">\n                  <!---->\n                  <!---->\n                  <div class=\"\">\n                    <p>Wir k\u00f6nnen Ihnen \u00fcber 15000 verschiedene Produkte mit tollen Designs wie Wandbilder, Puzzle, Kissen, Tischsets, Kalender, Tassen, Magnete, T-Shirts, Postkarten und vielen weitere Merchandise Artikel f\u00fcr Ihr station\u00e4ren Einzelhandel\n                      oder auch f\u00fcr Ihren Onlineshop zum Wiederverkauf anbieten.<\/p>\n                    <p>Orders for most categories are possible from as little as 1 piece.<\/p>\n                    <p>We also ship to your end customer via dropshipping.<\/p>\n                    <p>You can have us create your own product with your own design.<\/p>\n                    <p>Simply send us an e-mail with your inquiry \/ request \/ suggestion \/ product idea<\/p>\n                    <p>to:<\/p>\n                    <p>\n                      <a href=\"mailto:reseller@raxxa.com?subject=Anfrage\" draggable=\"false\">reseller@raxxa.com<\/a>\n                    <\/p>\n                    <p>.<\/p>\n                  <\/div>\n                <\/div>\n              <\/div>\n            <\/div>\n          <\/div>\n          <div class=\"h-column h-column-container d-flex h-col-lg-6 h-col-md-6 h-col-12 style-3523-outer style-local-152994-c10-outer\">\n            <div data-colibri-id=\"152994-c10\" class=\"d-flex h-flex-basis h-column__inner h-px-lg-2 h-px-md-2 h-px-2 v-inner-lg-2 v-inner-md-2 v-inner-2 style-3523 style-local-152994-c10 position-relative\">\n              <!---->\n              <!---->\n              <div class=\"w-100 h-y-container h-column__content h-column__v-align flex-basis-100 align-self-lg-center align-self-md-center align-self-center\">\n                <!---->\n                <div data-colibri-id=\"152994-c11\" class=\"d-block style-3524 style-local-152994-c11 position-relative h-element\">\n                  <!---->\n                  <div class=\"h-image__frame-container-outer\">\n                    <div class=\"h-image__frame-container\">\n                      <!---->\n                      <!---->\n                      <img loading=\"lazy\" decoding=\"async\" width=\"2046\" height=\"2046\" src=\"https:\/\/www.raxxa.com\/wp-content\/uploads\/2024\/01\/cropped-reseller.png\" class=\"wp-image-183478 style-3524-image style-local-152994-c11-image\" alt=\"\" srcset=\"https:\/\/www.raxxa.com\/wp-content\/uploads\/2024\/01\/cropped-reseller.png 2046w, https:\/\/www.raxxa.com\/wp-content\/uploads\/2024\/01\/cropped-reseller-300x300.png 300w, https:\/\/www.raxxa.com\/wp-content\/uploads\/2024\/01\/cropped-reseller-1024x1024.png 1024w, https:\/\/www.raxxa.com\/wp-content\/uploads\/2024\/01\/cropped-reseller-150x150.png 150w, https:\/\/www.raxxa.com\/wp-content\/uploads\/2024\/01\/cropped-reseller-768x768.png 768w, https:\/\/www.raxxa.com\/wp-content\/uploads\/2024\/01\/cropped-reseller-1536x1536.png 1536w, https:\/\/www.raxxa.com\/wp-content\/uploads\/2024\/01\/cropped-reseller-12x12.png 12w, https:\/\/www.raxxa.com\/wp-content\/uploads\/2024\/01\/cropped-reseller-24x24.png 24w, https:\/\/www.raxxa.com\/wp-content\/uploads\/2024\/01\/cropped-reseller-36x36.png 36w, https:\/\/www.raxxa.com\/wp-content\/uploads\/2024\/01\/cropped-reseller-48x48.png 48w, https:\/\/www.raxxa.com\/wp-content\/uploads\/2024\/01\/cropped-reseller-1320x1320.png 1320w, https:\/\/www.raxxa.com\/wp-content\/uploads\/2024\/01\/cropped-reseller-600x600.png 600w, https:\/\/www.raxxa.com\/wp-content\/uploads\/2024\/01\/cropped-reseller-100x100.png 100w, https:\/\/www.raxxa.com\/wp-content\/uploads\/2024\/01\/cropped-reseller-64x64.png 64w\" sizes=\"auto, (max-width: 2046px) 100vw, 2046px\" \/>\n                      <div class=\"h-image__frame h-hide-sm style-3524-frameImage style-local-152994-c11-frameImage\"><\/div>\n                    <\/div>\n                  <\/div>\n                <\/div>\n              <\/div>\n            <\/div>\n          <\/div>\n        <\/div>\n      <\/div>\n    <\/div>\n  <\/div>\n<\/div>","protected":false},"excerpt":{"rendered":"<p>Willkommen bei raxxa Sie interessieren sich f\u00fcr den Wiederverkauf unserer Designprodukte von \u00fcber 200 K\u00fcnstlern ? Wir k\u00f6nnen Ihnen \u00fcber 15000 verschiedene Produkte mit tollen Designs wie Wandbilder, Puzzle, Kissen, Tischsets, Kalender, Tassen, Magnete, T-Shirts, Postkarten und vielen weitere Merchandise Artikel f\u00fcr Ihr station\u00e4ren Einzelhandel oder auch f\u00fcr Ihren Onlineshop zum Wiederverkauf anbieten. Bestellungen bei [&hellip;]<\/p>\n","protected":false},"author":2,"featured_media":0,"parent":0,"menu_order":0,"comment_status":"closed","ping_status":"closed","template":"page-templates\/full-width-page.php","meta":{"footnotes":""},"class_list":["post-152994","page","type-page","status-publish","hentry"],"yoast_head":"<!-- This site is optimized with the Yoast SEO Premium plugin v27.2 (Yoast SEO v27.3) - https:\/\/yoast.com\/product\/yoast-seo-premium-wordpress\/ -->\n<title>H\u00e4ndlerzugang \/ Wiederverk\u00e4ufer \/ Firmenkunden - raxxa<\/title>\n<meta name=\"robots\" content=\"index, follow, max-snippet:-1, max-image-preview:large, max-video-preview:-1\" \/>\n<link rel=\"canonical\" href=\"https:\/\/www.raxxa.com\/en\/reseller\/\" \/>\n<meta property=\"og:locale\" content=\"en_US\" \/>\n<meta property=\"og:type\" content=\"article\" \/>\n<meta property=\"og:title\" content=\"H\u00e4ndlerzugang \/ Wiederverk\u00e4ufer \/ Firmenkunden\" \/>\n<meta property=\"og:description\" content=\"Willkommen bei raxxa Sie interessieren sich f\u00fcr den Wiederverkauf unserer Designprodukte von \u00fcber 200 K\u00fcnstlern ? Wir k\u00f6nnen Ihnen \u00fcber 15000 verschiedene Produkte mit tollen Designs wie Wandbilder, Puzzle, Kissen, Tischsets, Kalender, Tassen, Magnete, T-Shirts, Postkarten und vielen weitere Merchandise Artikel f\u00fcr Ihr station\u00e4ren Einzelhandel oder auch f\u00fcr Ihren Onlineshop zum Wiederverkauf anbieten. Bestellungen bei [&hellip;]\" \/>\n<meta property=\"og:url\" content=\"https:\/\/www.raxxa.com\/en\/reseller\/\" \/>\n<meta property=\"og:site_name\" content=\"raxxa\" \/>\n<meta property=\"article:publisher\" content=\"https:\/\/facebook.com\/raxxacom\" \/>\n<meta property=\"article:modified_time\" content=\"2025-12-22T07:24:47+00:00\" \/>\n<meta property=\"og:image\" content=\"https:\/\/www.raxxa.com\/wp-content\/uploads\/2024\/01\/cropped-reseller-1024x1024.png\" \/>\n\t<meta property=\"og:image:width\" content=\"1024\" \/>\n\t<meta property=\"og:image:height\" content=\"1024\" \/>\n\t<meta property=\"og:image:type\" content=\"image\/png\" \/>\n<meta name=\"twitter:card\" content=\"summary_large_image\" \/>\n<meta name=\"twitter:label1\" content=\"Est. reading time\" \/>\n\t<meta name=\"twitter:data1\" content=\"1 minute\" \/>\n<script type=\"application\/ld+json\" class=\"yoast-schema-graph\">{\"@context\":\"https:\\\/\\\/schema.org\",\"@graph\":[{\"@type\":\"WebPage\",\"@id\":\"https:\\\/\\\/www.raxxa.com\\\/reseller\\\/\",\"url\":\"https:\\\/\\\/www.raxxa.com\\\/reseller\\\/\",\"name\":\"H\u00e4ndlerzugang \\\/ Wiederverk\u00e4ufer \\\/ Firmenkunden - raxxa\",\"isPartOf\":{\"@id\":\"https:\\\/\\\/www.raxxa.com\\\/#website\"},\"primaryImageOfPage\":{\"@id\":\"https:\\\/\\\/www.raxxa.com\\\/reseller\\\/#primaryimage\"},\"image\":{\"@id\":\"https:\\\/\\\/www.raxxa.com\\\/reseller\\\/#primaryimage\"},\"thumbnailUrl\":\"https:\\\/\\\/www.raxxa.com\\\/wp-content\\\/uploads\\\/2024\\\/01\\\/cropped-reseller.png\",\"datePublished\":\"2022-12-15T15:22:25+00:00\",\"dateModified\":\"2025-12-22T07:24:47+00:00\",\"breadcrumb\":{\"@id\":\"https:\\\/\\\/www.raxxa.com\\\/reseller\\\/#breadcrumb\"},\"inLanguage\":\"en-US\",\"potentialAction\":[{\"@type\":\"ReadAction\",\"target\":[\"https:\\\/\\\/www.raxxa.com\\\/reseller\\\/\"]}]},{\"@type\":\"ImageObject\",\"inLanguage\":\"en-US\",\"@id\":\"https:\\\/\\\/www.raxxa.com\\\/reseller\\\/#primaryimage\",\"url\":\"https:\\\/\\\/www.raxxa.com\\\/wp-content\\\/uploads\\\/2024\\\/01\\\/cropped-reseller.png\",\"contentUrl\":\"https:\\\/\\\/www.raxxa.com\\\/wp-content\\\/uploads\\\/2024\\\/01\\\/cropped-reseller.png\"},{\"@type\":\"BreadcrumbList\",\"@id\":\"https:\\\/\\\/www.raxxa.com\\\/reseller\\\/#breadcrumb\",\"itemListElement\":[{\"@type\":\"ListItem\",\"position\":1,\"name\":\"Startseite\",\"item\":\"https:\\\/\\\/www.raxxa.com\\\/\"},{\"@type\":\"ListItem\",\"position\":2,\"name\":\"H\u00e4ndlerzugang \\\/ Wiederverk\u00e4ufer \\\/ Firmenkunden\"}]},{\"@type\":\"WebSite\",\"@id\":\"https:\\\/\\\/www.raxxa.com\\\/#website\",\"url\":\"https:\\\/\\\/www.raxxa.com\\\/\",\"name\":\"raxxa\",\"description\":\"Einzigartige individuelle Produkte von unseren Designern\",\"publisher\":{\"@id\":\"https:\\\/\\\/www.raxxa.com\\\/#organization\"},\"potentialAction\":[{\"@type\":\"SearchAction\",\"target\":{\"@type\":\"EntryPoint\",\"urlTemplate\":\"https:\\\/\\\/www.raxxa.com\\\/?s={search_term_string}\"},\"query-input\":{\"@type\":\"PropertyValueSpecification\",\"valueRequired\":true,\"valueName\":\"search_term_string\"}}],\"inLanguage\":\"en-US\"},{\"@type\":\"Organization\",\"@id\":\"https:\\\/\\\/www.raxxa.com\\\/#organization\",\"name\":\"raxxa\",\"url\":\"https:\\\/\\\/www.raxxa.com\\\/\",\"logo\":{\"@type\":\"ImageObject\",\"inLanguage\":\"en-US\",\"@id\":\"https:\\\/\\\/www.raxxa.com\\\/#\\\/schema\\\/logo\\\/image\\\/\",\"url\":\"https:\\\/\\\/www.raxxa.com\\\/wp-content\\\/uploads\\\/2022\\\/07\\\/logo_v2.png\",\"contentUrl\":\"https:\\\/\\\/www.raxxa.com\\\/wp-content\\\/uploads\\\/2022\\\/07\\\/logo_v2.png\",\"width\":380,\"height\":382,\"caption\":\"raxxa\"},\"image\":{\"@id\":\"https:\\\/\\\/www.raxxa.com\\\/#\\\/schema\\\/logo\\\/image\\\/\"},\"sameAs\":[\"https:\\\/\\\/facebook.com\\\/raxxacom\"]}]}<\/script>\n<!-- \/ Yoast SEO Premium plugin. -->","yoast_head_json":{"title":"Dealer access \/ Resellers \/ Corporate customers - raxxa","robots":{"index":"index","follow":"follow","max-snippet":"max-snippet:-1","max-image-preview":"max-image-preview:large","max-video-preview":"max-video-preview:-1"},"canonical":"https:\/\/www.raxxa.com\/en\/reseller\/","og_locale":"en_US","og_type":"article","og_title":"H\u00e4ndlerzugang \/ Wiederverk\u00e4ufer \/ Firmenkunden","og_description":"Willkommen bei raxxa Sie interessieren sich f\u00fcr den Wiederverkauf unserer Designprodukte von \u00fcber 200 K\u00fcnstlern ? Wir k\u00f6nnen Ihnen \u00fcber 15000 verschiedene Produkte mit tollen Designs wie Wandbilder, Puzzle, Kissen, Tischsets, Kalender, Tassen, Magnete, T-Shirts, Postkarten und vielen weitere Merchandise Artikel f\u00fcr Ihr station\u00e4ren Einzelhandel oder auch f\u00fcr Ihren Onlineshop zum Wiederverkauf anbieten. Bestellungen bei [&hellip;]","og_url":"https:\/\/www.raxxa.com\/en\/reseller\/","og_site_name":"raxxa","article_publisher":"https:\/\/facebook.com\/raxxacom","article_modified_time":"2025-12-22T07:24:47+00:00","og_image":[{"width":1024,"height":1024,"url":"https:\/\/www.raxxa.com\/wp-content\/uploads\/2024\/01\/cropped-reseller-1024x1024.png","type":"image\/png"}],"twitter_card":"summary_large_image","twitter_misc":{"Est. reading time":"1 minute"},"schema":{"@context":"https:\/\/schema.org","@graph":[{"@type":"WebPage","@id":"https:\/\/www.raxxa.com\/reseller\/","url":"https:\/\/www.raxxa.com\/reseller\/","name":"Dealer access \/ Resellers \/ Corporate customers - raxxa","isPartOf":{"@id":"https:\/\/www.raxxa.com\/#website"},"primaryImageOfPage":{"@id":"https:\/\/www.raxxa.com\/reseller\/#primaryimage"},"image":{"@id":"https:\/\/www.raxxa.com\/reseller\/#primaryimage"},"thumbnailUrl":"https:\/\/www.raxxa.com\/wp-content\/uploads\/2024\/01\/cropped-reseller.png","datePublished":"2022-12-15T15:22:25+00:00","dateModified":"2025-12-22T07:24:47+00:00","breadcrumb":{"@id":"https:\/\/www.raxxa.com\/reseller\/#breadcrumb"},"inLanguage":"en-US","potentialAction":[{"@type":"ReadAction","target":["https:\/\/www.raxxa.com\/reseller\/"]}]},{"@type":"ImageObject","inLanguage":"en-US","@id":"https:\/\/www.raxxa.com\/reseller\/#primaryimage","url":"https:\/\/www.raxxa.com\/wp-content\/uploads\/2024\/01\/cropped-reseller.png","contentUrl":"https:\/\/www.raxxa.com\/wp-content\/uploads\/2024\/01\/cropped-reseller.png"},{"@type":"BreadcrumbList","@id":"https:\/\/www.raxxa.com\/reseller\/#breadcrumb","itemListElement":[{"@type":"ListItem","position":1,"name":"Startseite","item":"https:\/\/www.raxxa.com\/"},{"@type":"ListItem","position":2,"name":"H\u00e4ndlerzugang \/ Wiederverk\u00e4ufer \/ Firmenkunden"}]},{"@type":"WebSite","@id":"https:\/\/www.raxxa.com\/#website","url":"https:\/\/www.raxxa.com\/","name":"raxxa","description":"Unique individual products from our designers","publisher":{"@id":"https:\/\/www.raxxa.com\/#organization"},"potentialAction":[{"@type":"SearchAction","target":{"@type":"EntryPoint","urlTemplate":"https:\/\/www.raxxa.com\/?s={search_term_string}"},"query-input":{"@type":"PropertyValueSpecification","valueRequired":true,"valueName":"search_term_string"}}],"inLanguage":"en-US"},{"@type":"Organization","@id":"https:\/\/www.raxxa.com\/#organization","name":"raxxa","url":"https:\/\/www.raxxa.com\/","logo":{"@type":"ImageObject","inLanguage":"en-US","@id":"https:\/\/www.raxxa.com\/#\/schema\/logo\/image\/","url":"https:\/\/www.raxxa.com\/wp-content\/uploads\/2022\/07\/logo_v2.png","contentUrl":"https:\/\/www.raxxa.com\/wp-content\/uploads\/2022\/07\/logo_v2.png","width":380,"height":382,"caption":"raxxa"},"image":{"@id":"https:\/\/www.raxxa.com\/#\/schema\/logo\/image\/"},"sameAs":["https:\/\/facebook.com\/raxxacom"]}]}},"jetpack_sharing_enabled":true,"_links":{"self":[{"href":"https:\/\/www.raxxa.com\/en\/wp-json\/wp\/v2\/pages\/152994","targetHints":{"allow":["GET"]}}],"collection":[{"href":"https:\/\/www.raxxa.com\/en\/wp-json\/wp\/v2\/pages"}],"about":[{"href":"https:\/\/www.raxxa.com\/en\/wp-json\/wp\/v2\/types\/page"}],"author":[{"embeddable":true,"href":"https:\/\/www.raxxa.com\/en\/wp-json\/wp\/v2\/users\/2"}],"replies":[{"embeddable":true,"href":"https:\/\/www.raxxa.com\/en\/wp-json\/wp\/v2\/comments?post=152994"}],"version-history":[{"count":1,"href":"https:\/\/www.raxxa.com\/en\/wp-json\/wp\/v2\/pages\/152994\/revisions"}],"predecessor-version":[{"id":265819,"href":"https:\/\/www.raxxa.com\/en\/wp-json\/wp\/v2\/pages\/152994\/revisions\/265819"}],"wp:attachment":[{"href":"https:\/\/www.raxxa.com\/en\/wp-json\/wp\/v2\/media?parent=152994"}],"curies":[{"name":"wp","href":"https:\/\/api.w.org\/{rel}","templated":true}]}}